{"id":9202,"date":"2024-09-05T09:49:28","date_gmt":"2024-09-05T09:49:28","guid":{"rendered":"https:\/\/led.md\/?page_id=9202"},"modified":"2024-09-05T10:04:38","modified_gmt":"2024-09-05T10:04:38","slug":"youth-maker-club2","status":"publish","type":"page","link":"https:\/\/led.md\/ro\/youth-maker-club2\/","title":{"rendered":"Clubul Tinerilor Makeri II (CTM)"},"content":{"rendered":"<div data-elementor-type=\"wp-page\" data-elementor-id=\"9202\" class=\"elementor elementor-9202\">\n\t\t\t\t\t\t<section class=\"elementor-section elementor-top-section elementor-element elementor-element-79591bda elementor-section-stretched elementor-section-boxed elementor-section-height-default elementor-section-height-default\" data-id=\"79591bda\" data-element_type=\"section\" data-e-type=\"section\" data-settings=\"{&quot;background_background&quot;:&quot;classic&quot;,&quot;stretch_section&quot;:&quot;section-stretched&quot;}\">\n\t\t\t\t\t\t<div class=\"elementor-container elementor-column-gap-extended\">\n\t\t\t\t\t<div class=\"elementor-column elementor-col-100 elementor-top-column elementor-element elementor-element-585df8b4 sc_layouts_column_icons_position_left\" data-id=\"585df8b4\" data-element_type=\"column\" data-e-type=\"column\">\n\t\t\t<div class=\"elementor-widget-wrap elementor-element-populated\">\n\t\t\t\t\t\t<section class=\"elementor-section elementor-inner-section elementor-element elementor-element-58e3161b elementor-section-boxed elementor-section-height-default elementor-section-height-default\" data-id=\"58e3161b\" data-element_type=\"section\" data-e-type=\"section\">\n\t\t\t\t\t\t<div class=\"elementor-container elementor-column-gap-extended\">\n\t\t\t\t\t<div class=\"elementor-column elementor-col-100 elementor-inner-column elementor-element elementor-element-3bbdf4d3 sc_layouts_column_icons_position_left\" data-id=\"3bbdf4d3\" data-element_type=\"column\" data-e-type=\"column\">\n\t\t\t<div class=\"elementor-widget-wrap elementor-element-populated\">\n\t\t\t\t\t\t<div class=\"elementor-element elementor-element-76904fcd sc_fly_static elementor-widget elementor-widget-spacer\" data-id=\"76904fcd\" data-element_type=\"widget\" data-e-type=\"widget\" data-widget_type=\"spacer.default\">\n\t\t\t\t<div class=\"elementor-widget-container\">\n\t\t\t\t\t\t\t<div class=\"elementor-spacer\">\n\t\t\t<div class=\"elementor-spacer-inner\"><\/div>\n\t\t<\/div>\n\t\t\t\t\t\t<\/div>\n\t\t\t\t<\/div>\n\t\t\t\t\t<\/div>\n\t\t<\/div>\n\t\t\t\t\t<\/div>\n\t\t<\/section>\n\t\t\t\t<section class=\"elementor-section elementor-inner-section elementor-element elementor-element-11e8d1c elementor-section-boxed elementor-section-height-default elementor-section-height-default\" data-id=\"11e8d1c\" data-element_type=\"section\" data-e-type=\"section\">\n\t\t\t\t\t\t<div class=\"elementor-container elementor-column-gap-no\">\n\t\t\t\t\t<div class=\"elementor-column elementor-col-50 elementor-inner-column elementor-element elementor-element-31820356 sc_layouts_column_icons_position_left elementor-invisible\" data-id=\"31820356\" data-element_type=\"column\" data-e-type=\"column\" data-settings=\"{&quot;animation&quot;:&quot;fadeInRight&quot;}\">\n\t\t\t<div class=\"elementor-widget-wrap elementor-element-populated\">\n\t\t\t\t\t\t<div class=\"elementor-element elementor-element-199e4be0 sc_fly_static elementor-widget elementor-widget-trx_sc_title\" data-id=\"199e4be0\" data-element_type=\"widget\" data-e-type=\"widget\" data-widget_type=\"trx_sc_title.default\">\n\t\t\t\t<div class=\"elementor-widget-container\">\n\t\t\t\t\t<div id=\"trx_sc_title_226885156\"\n\t\tclass=\"sc_title sc_title_default\"><h2 class=\"sc_item_title sc_title_title sc_item_title_style_default\"><span class=\"sc_item_title_text\">Clubul Tinerilor Makeri II (CTM)<\/span><\/h2><div class=\"sc_item_descr sc_title_descr\"><table style=\"display: flex; justify-content: space-around;\">\n<tr>\n<td>Statut<\/td>\n<td>\u00cen derulare<\/td>\n<\/tr>\n<tr>\n<td>Durat\u0103<\/td>\n<td>01.09.2024 - 31.12.2027<\/td>\n<\/tr>\n<tr>\n<td>Parteneri de cooperare<\/td>\n<td>Ministerul Educa\u021biei \u0219i Cercet\u0103rii<br \/>ATIC (Asocia\u021bia Na\u021bional\u0103 a Companiilor din domeniul TIC)<\/td>\n<\/tr>\n<tr>\n<td>Buget<\/td>\n<td><strong> EUR 1\u2019124\u2019657<\/strong>\n<\/td>\n<\/tr>\n<\/table>\n<\/div><\/div><!-- \/.sc_title -->\t\t\t\t<\/div>\n\t\t\t\t<\/div>\n\t\t\t\t\t<\/div>\n\t\t<\/div>\n\t\t\t\t<div class=\"elementor-column elementor-col-50 elementor-inner-column elementor-element elementor-element-34c9a551 sc_layouts_column_icons_position_left elementor-invisible\" data-id=\"34c9a551\" data-element_type=\"column\" data-e-type=\"column\" data-settings=\"{&quot;animation&quot;:&quot;fadeInLeft&quot;}\">\n\t\t\t<div class=\"elementor-widget-wrap elementor-element-populated\">\n\t\t\t\t\t\t<div class=\"elementor-element elementor-element-3fe5175d sc_fly_static elementor-widget elementor-widget-spacer\" data-id=\"3fe5175d\" data-element_type=\"widget\" data-e-type=\"widget\" data-widget_type=\"spacer.default\">\n\t\t\t\t<div class=\"elementor-widget-container\">\n\t\t\t\t\t\t\t<div class=\"elementor-spacer\">\n\t\t\t<div class=\"elementor-spacer-inner\"><\/div>\n\t\t<\/div>\n\t\t\t\t\t\t<\/div>\n\t\t\t\t<\/div>\n\t\t\t\t\t<\/div>\n\t\t<\/div>\n\t\t\t\t\t<\/div>\n\t\t<\/section>\n\t\t\t\t<section class=\"elementor-section elementor-inner-section elementor-element elementor-element-be45498 elementor-section-boxed elementor-section-height-default elementor-section-height-default\" data-id=\"be45498\" data-element_type=\"section\" data-e-type=\"section\">\n\t\t\t\t\t\t<div class=\"elementor-container elementor-column-gap-extended\">\n\t\t\t\t\t<div class=\"elementor-column elementor-col-100 elementor-inner-column elementor-element elementor-element-46c03cc8 sc_layouts_column_icons_position_left\" data-id=\"46c03cc8\" data-element_type=\"column\" data-e-type=\"column\">\n\t\t\t<div class=\"elementor-widget-wrap elementor-element-populated\">\n\t\t\t\t\t\t<div class=\"elementor-element elementor-element-40d5aae2 sc_fly_static elementor-widget elementor-widget-spacer\" data-id=\"40d5aae2\" data-element_type=\"widget\" data-e-type=\"widget\" data-widget_type=\"spacer.default\">\n\t\t\t\t<div class=\"elementor-widget-container\">\n\t\t\t\t\t\t\t<div class=\"elementor-spacer\">\n\t\t\t<div class=\"elementor-spacer-inner\"><\/div>\n\t\t<\/div>\n\t\t\t\t\t\t<\/div>\n\t\t\t\t<\/div>\n\t\t\t\t\t<\/div>\n\t\t<\/div>\n\t\t\t\t\t<\/div>\n\t\t<\/section>\n\t\t\t\t\t<\/div>\n\t\t<\/div>\n\t\t\t\t\t<\/div>\n\t\t<\/section>\n\t\t\t\t<section class=\"elementor-section elementor-top-section elementor-element elementor-element-6e7a8fc1 scheme_modern_dark elementor-section-stretched elementor-section-boxed elementor-section-height-default elementor-section-height-default\" data-id=\"6e7a8fc1\" data-element_type=\"section\" data-e-type=\"section\" data-settings=\"{&quot;background_background&quot;:&quot;classic&quot;,&quot;stretch_section&quot;:&quot;section-stretched&quot;}\">\n\t\t\t\t\t\t\t<div class=\"elementor-background-overlay\"><\/div>\n\t\t\t\t\t\t\t<div class=\"elementor-container elementor-column-gap-extended\">\n\t\t\t\t\t<div class=\"elementor-column elementor-col-100 elementor-top-column elementor-element elementor-element-4a06659c sc_layouts_column_icons_position_left\" data-id=\"4a06659c\" data-element_type=\"column\" data-e-type=\"column\">\n\t\t\t<div class=\"elementor-widget-wrap elementor-element-populated\">\n\t\t\t\t\t\t<div class=\"elementor-element elementor-element-64392ae2 sc_fly_static elementor-widget elementor-widget-spacer\" data-id=\"64392ae2\" data-element_type=\"widget\" data-e-type=\"widget\" data-widget_type=\"spacer.default\">\n\t\t\t\t<div class=\"elementor-widget-container\">\n\t\t\t\t\t\t\t<div class=\"elementor-spacer\">\n\t\t\t<div class=\"elementor-spacer-inner\"><\/div>\n\t\t<\/div>\n\t\t\t\t\t\t<\/div>\n\t\t\t\t<\/div>\n\t\t\t\t<div class=\"elementor-element elementor-element-3b74fcf4 sc_fly_static elementor-widget elementor-widget-heading\" data-id=\"3b74fcf4\" data-element_type=\"widget\" data-e-type=\"widget\" data-widget_type=\"heading.default\">\n\t\t\t\t<div class=\"elementor-widget-container\">\n\t\t\t\t\t<h2 class=\"elementor-heading-title elementor-size-default\">Obiectivele proiectului:<\/h2>\t\t\t\t<\/div>\n\t\t\t\t<\/div>\n\t\t\t\t<div class=\"elementor-element elementor-element-313f7af5 sc_fly_static elementor-widget elementor-widget-text-editor\" data-id=\"313f7af5\" data-element_type=\"widget\" data-e-type=\"widget\" data-widget_type=\"text-editor.default\">\n\t\t\t\t<div class=\"elementor-widget-container\">\n\t\t\t\t\t\t\t\t\t<p>Cre\u0219terea ratei de angajare a absolven\u021bilor din institu\u021biile de \u00eenv\u0103\u021b\u0103m\u00e2nt profesional tehnic (\u00cePT) din Moldova.<br \/>-<\/p>\t\t\t\t\t\t\t\t<\/div>\n\t\t\t\t<\/div>\n\t\t\t\t<div class=\"elementor-element elementor-element-523ee366 sc_fly_static elementor-widget elementor-widget-spacer\" data-id=\"523ee366\" data-element_type=\"widget\" data-e-type=\"widget\" data-widget_type=\"spacer.default\">\n\t\t\t\t<div class=\"elementor-widget-container\">\n\t\t\t\t\t\t\t<div class=\"elementor-spacer\">\n\t\t\t<div class=\"elementor-spacer-inner\"><\/div>\n\t\t<\/div>\n\t\t\t\t\t\t<\/div>\n\t\t\t\t<\/div>\n\t\t\t\t\t<\/div>\n\t\t<\/div>\n\t\t\t\t\t<\/div>\n\t\t<\/section>\n\t\t\t\t<section class=\"elementor-section elementor-top-section elementor-element elementor-element-10b2c298 elementor-section-stretched elementor-section-boxed elementor-section-height-default elementor-section-height-default\" data-id=\"10b2c298\" data-element_type=\"section\" data-e-type=\"section\" data-settings=\"{&quot;background_background&quot;:&quot;classic&quot;,&quot;stretch_section&quot;:&quot;section-stretched&quot;}\">\n\t\t\t\t\t\t<div class=\"elementor-container elementor-column-gap-extended\">\n\t\t\t\t\t<div class=\"elementor-column elementor-col-100 elementor-top-column elementor-element elementor-element-4e773568 sc_layouts_column_icons_position_left\" data-id=\"4e773568\" data-element_type=\"column\" data-e-type=\"column\">\n\t\t\t<div class=\"elementor-widget-wrap elementor-element-populated\">\n\t\t\t\t\t\t<div class=\"elementor-element elementor-element-412e9c0c sc_fly_static elementor-widget elementor-widget-spacer\" data-id=\"412e9c0c\" data-element_type=\"widget\" data-e-type=\"widget\" data-widget_type=\"spacer.default\">\n\t\t\t\t<div class=\"elementor-widget-container\">\n\t\t\t\t\t\t\t<div class=\"elementor-spacer\">\n\t\t\t<div class=\"elementor-spacer-inner\"><\/div>\n\t\t<\/div>\n\t\t\t\t\t\t<\/div>\n\t\t\t\t<\/div>\n\t\t\t\t\t<\/div>\n\t\t<\/div>\n\t\t\t\t\t<\/div>\n\t\t<\/section>\n\t\t\t\t<section class=\"elementor-section elementor-top-section elementor-element elementor-element-448a941b elementor-section-stretched scheme_modern_dark elementor-section-boxed elementor-section-height-default elementor-section-height-default\" data-id=\"448a941b\" data-element_type=\"section\" data-e-type=\"section\" data-settings=\"{&quot;background_background&quot;:&quot;classic&quot;,&quot;stretch_section&quot;:&quot;section-stretched&quot;}\">\n\t\t\t\t\t\t<div class=\"elementor-container elementor-column-gap-extended\">\n\t\t\t\t\t<div class=\"elementor-column elementor-col-100 elementor-top-column elementor-element elementor-element-242c80f9 sc_layouts_column_icons_position_left elementor-invisible\" data-id=\"242c80f9\" data-element_type=\"column\" data-e-type=\"column\" data-settings=\"{&quot;animation&quot;:&quot;fadeInLeft&quot;}\">\n\t\t\t<div class=\"elementor-widget-wrap elementor-element-populated\">\n\t\t\t\t\t\t<div class=\"elementor-element elementor-element-6f809092 scheme_dark sc_fly_static elementor-widget elementor-widget-heading\" data-id=\"6f809092\" data-element_type=\"widget\" data-e-type=\"widget\" data-widget_type=\"heading.default\">\n\t\t\t\t<div class=\"elementor-widget-container\">\n\t\t\t\t\t<h2 class=\"elementor-heading-title elementor-size-default\">Rezultatele proiectului:<\/h2>\t\t\t\t<\/div>\n\t\t\t\t<\/div>\n\t\t\t\t<div class=\"elementor-element elementor-element-2fd7f20b sc_fly_static elementor-widget elementor-widget-spacer\" data-id=\"2fd7f20b\" data-element_type=\"widget\" data-e-type=\"widget\" data-widget_type=\"spacer.default\">\n\t\t\t\t<div class=\"elementor-widget-container\">\n\t\t\t\t\t\t\t<div class=\"elementor-spacer\">\n\t\t\t<div class=\"elementor-spacer-inner\"><\/div>\n\t\t<\/div>\n\t\t\t\t\t\t<\/div>\n\t\t\t\t<\/div>\n\t\t\t\t<div class=\"elementor-element elementor-element-3d14d6dc sc_fly_static elementor-widget elementor-widget-text-editor\" data-id=\"3d14d6dc\" data-element_type=\"widget\" data-e-type=\"widget\" data-widget_type=\"text-editor.default\">\n\t\t\t\t<div class=\"elementor-widget-container\">\n\t\t\t\t\t\t\t\t\t<p>1. Crearea infrastructurii de colaborare pentru a sprijini o comunitate de pasiona\u021bi de tehnologie, cu accent pe tendin\u021bele inovatoare.<br \/><br \/>2. Echiparea studen\u021bilor \u00cePT cu abilit\u0103\u021bi tehnice solicitate pentru a realiza proiecte practice prin utilizarea tehnologiilor Maker.<br \/><br \/>3. Stabilirea parteneriatelor puternice cu sectorul public \u0219i privat pentru cre\u0219terea gradul de con\u0219tientizare privind oferta educa\u021bional\u0103 non-formal\u0103 \u0219i oportunit\u0103\u021bile de angajare \u00een industria Maker\/Tech.<\/p>\t\t\t\t\t\t\t\t<\/div>\n\t\t\t\t<\/div>\n\t\t\t\t\t<\/div>\n\t\t<\/div>\n\t\t\t\t\t<\/div>\n\t\t<\/section>\n\t\t\t\t<section class=\"elementor-section elementor-top-section elementor-element elementor-element-4ca3cb13 elementor-section-stretched elementor-section-boxed elementor-section-height-default elementor-section-height-default\" data-id=\"4ca3cb13\" data-element_type=\"section\" data-e-type=\"section\" data-settings=\"{&quot;background_background&quot;:&quot;classic&quot;,&quot;stretch_section&quot;:&quot;section-stretched&quot;}\">\n\t\t\t\t\t\t<div class=\"elementor-container elementor-column-gap-extended\">\n\t\t\t\t\t<div class=\"elementor-column elementor-col-100 elementor-top-column elementor-element elementor-element-727f204e sc_layouts_column_icons_position_left\" data-id=\"727f204e\" data-element_type=\"column\" data-e-type=\"column\">\n\t\t\t<div class=\"elementor-widget-wrap elementor-element-populated\">\n\t\t\t\t\t\t<div class=\"elementor-element elementor-element-1e299fb7 sc_fly_static elementor-widget elementor-widget-spacer\" data-id=\"1e299fb7\" data-element_type=\"widget\" data-e-type=\"widget\" data-widget_type=\"spacer.default\">\n\t\t\t\t<div class=\"elementor-widget-container\">\n\t\t\t\t\t\t\t<div class=\"elementor-spacer\">\n\t\t\t<div class=\"elementor-spacer-inner\"><\/div>\n\t\t<\/div>\n\t\t\t\t\t\t<\/div>\n\t\t\t\t<\/div>\n\t\t\t\t\t<\/div>\n\t\t<\/div>\n\t\t\t\t\t<\/div>\n\t\t<\/section>\n\t\t\t\t<section class=\"elementor-section elementor-top-section elementor-element elementor-element-3ebfb1c scheme_modern_dark elementor-section-stretched elementor-section-boxed elementor-section-height-default elementor-section-height-default\" data-id=\"3ebfb1c\" data-element_type=\"section\" data-e-type=\"section\" data-settings=\"{&quot;background_background&quot;:&quot;classic&quot;,&quot;stretch_section&quot;:&quot;section-stretched&quot;}\">\n\t\t\t\t\t\t\t<div class=\"elementor-background-overlay\"><\/div>\n\t\t\t\t\t\t\t<div class=\"elementor-container elementor-column-gap-extended\">\n\t\t\t\t\t<div class=\"elementor-column elementor-col-100 elementor-top-column elementor-element elementor-element-3c3bc4f sc_layouts_column_icons_position_left\" data-id=\"3c3bc4f\" data-element_type=\"column\" data-e-type=\"column\">\n\t\t\t<div class=\"elementor-widget-wrap elementor-element-populated\">\n\t\t\t\t\t\t<div class=\"elementor-element elementor-element-1bf1cf50 sc_fly_static elementor-widget elementor-widget-spacer\" data-id=\"1bf1cf50\" data-element_type=\"widget\" data-e-type=\"widget\" data-widget_type=\"spacer.default\">\n\t\t\t\t<div class=\"elementor-widget-container\">\n\t\t\t\t\t\t\t<div class=\"elementor-spacer\">\n\t\t\t<div class=\"elementor-spacer-inner\"><\/div>\n\t\t<\/div>\n\t\t\t\t\t\t<\/div>\n\t\t\t\t<\/div>\n\t\t\t\t<div class=\"elementor-element elementor-element-654d79e9 sc_fly_static elementor-widget elementor-widget-heading\" data-id=\"654d79e9\" data-element_type=\"widget\" data-e-type=\"widget\" data-widget_type=\"heading.default\">\n\t\t\t\t<div class=\"elementor-widget-container\">\n\t\t\t\t\t<h2 class=\"elementor-heading-title elementor-size-default\">Descrierea proiectului:<\/h2>\t\t\t\t<\/div>\n\t\t\t\t<\/div>\n\t\t\t\t<div class=\"elementor-element elementor-element-6968c68f sc_fly_static elementor-widget elementor-widget-text-editor\" data-id=\"6968c68f\" data-element_type=\"widget\" data-e-type=\"widget\" data-widget_type=\"text-editor.default\">\n\t\t\t\t<div class=\"elementor-widget-container\">\n\t\t\t\t\t\t\t\t\t<p>Principalul scop al proiectului YMC este de a \u00eembun\u0103t\u0103\u021bi abilit\u0103\u021bile tehnice \u0219i nivelul de con\u0219tientizare privind oportunit\u0103\u021bile de carier\u0103 \u00een r\u00e2ndul studen\u021bilor \u00cePT, permi\u021b\u00e2ndu-le s\u0103 ob\u021bin\u0103 un loc de munc\u0103 bine remunerat \u00een industria Maker\/Tech. Proiectul, care vizeaz\u0103 studen\u021bii \u00cePT, are ca obiectiv dezvoltarea creativit\u0103\u021bii, inova\u021biei, g\u00e2ndirii critice, analizei problemelor, g\u0103sirii solu\u021biilor \u0219i a altor competen\u021be esen\u021biale, apreciate pe pia\u021ba muncii de ast\u0103zi.<\/p><p>Proiectul va extinde comunit\u0103\u021bile Maker destinate studen\u021bilor \u00cePT de la trei la patru localit\u0103\u021bi: Chi\u0219in\u0103u, B\u0103l\u021bi, Cahul \u0219i Ungheni. Aceste comunit\u0103\u021bi vor oferi un spa\u021biu colaborativ \u00een care studen\u021bii se pot al\u0103tura \u0219i, cu sprijinul \u0219i \u00eendrumarea mentorilor, pot dezvolta proiecte \u0219i produse maker\/tech. Aceast\u0103 ini\u021biativ\u0103 va permite tinerilor s\u0103-\u0219i exprime creativitatea \u0219i inova\u021bia \u00een diverse domenii ale vie\u021bii cotidiene, folosind tehnologii \u00een evolu\u021bie.<\/p><p>Atelierele CTM, makeathoanele locale \u0219i na\u021bionale, taberele vor diversifica seturile de competen\u021be ale studen\u021bilor \u00cePT, echip\u00e2ndu-i cu abilit\u0103\u021bi tehnice solicitate, foarte c\u0103utate de companiile care \u00eencorporeaz\u0103 diferite tehnologii \u00een procesele lor de produc\u021bie. Acest lucru va contribui la formarea unei noi genera\u021bii de tineri profesioni\u0219ti capabili s\u0103 genereze solu\u021bii \u0219i inova\u021bii at\u00e2t \u00een procesele tehnice, c\u00e2t \u0219i \u00een cele non-tehnice.<\/p><p>Proiectul va include, de asemenea, mai multe sesiuni de orientare, \u00eent\u00e2lniri cu reprezentan\u021bi ai companiilor private \u0219i organizarea campaniilor de promovare pentru a informa un num\u0103r mai mare de studen\u021bi \u00cePT despre diferitele trasee de carier\u0103 \u00een industria Maker\/Tech. Aceste sesiuni vor oferi informa\u021bii despre cerin\u021bele companiilor care caut\u0103 angaja\u021bi \u0219i despre cum studen\u021bii se pot integra u\u0219or \u00een noile condi\u021bii de munc\u0103. Aceast\u0103 ini\u021biativ\u0103 \u00eei va ajuta pe studen\u021bi s\u0103 ia decizii informate privind poten\u021bialii angajatori \u0219i seturile de competen\u021be pe care trebuie s\u0103 le dezvolte, facilit\u00e2nd astfel o mai bun\u0103 integrare a absolven\u021bilor \u00cePT pe pia\u021ba muncii.<\/p><p class=\"font_8 wixui-rich-text__text\">Implementarea acestor ini\u021biative va diversifica educa\u021bia non-formal\u0103 \u00cePT prin oportunit\u0103\u021bi de \u00eenv\u0103\u021bare inovatoare, bazate pe tehnologie CTM. Prin dob\u00e2ndirea de competen\u021be competitive \u0219i relevante, solicitate pe pia\u021b\u0103 \u0219i prin \u00een\u021belegerea crescut\u0103 a perspectivelor de angajare \u00een industria Maker\/Tech, proiectele CTM sunt a\u0219teptate s\u0103 \u00eembun\u0103t\u0103\u021beasc\u0103 perspectivele de angajare ale absolven\u021bilor \u00cePT.\u00a0\u00a0<\/p><p>\u00a0<\/p>\t\t\t\t\t\t\t\t<\/div>\n\t\t\t\t<\/div>\n\t\t\t\t<div class=\"elementor-element elementor-element-74706f7 sc_fly_static elementor-widget elementor-widget-heading\" data-id=\"74706f7\" data-element_type=\"widget\" data-e-type=\"widget\" data-widget_type=\"heading.default\">\n\t\t\t\t<div class=\"elementor-widget-container\">\n\t\t\t\t\t<h2 class=\"elementor-heading-title elementor-size-default\">Rezultatele cheie<\/h2>\t\t\t\t<\/div>\n\t\t\t\t<\/div>\n\t\t\t\t<div class=\"elementor-element elementor-element-92395b8 sc_fly_static elementor-widget elementor-widget-text-editor\" data-id=\"92395b8\" data-element_type=\"widget\" data-e-type=\"widget\" data-widget_type=\"text-editor.default\">\n\t\t\t\t<div class=\"elementor-widget-container\">\n\t\t\t\t\t\t\t\t\t<ul><li>4 Cluburi Tinerilor Makeri vor fi echipate \u00een Chisinau, Balti, Cahul \u0219i Ungheni<\/li><li>6 cursuri tehnice vor fi disponibile: Electronics &amp; programming; 3D modelling &amp; printing; 3D modelling &amp; laser cutting; 3D modelling &amp; CNC programming; Robotics &amp; mechatronics; Drones<\/li><li>5\u2019250 beneficiari vor participa la sesiunile de orientare<\/li><li>2\u2019490 studen\u021bi din \u00cePT vor frecventa cursurile tehnice<\/li><li>840 studen\u021bi vor participa la Repair Caf\u00e9<\/li><li>300 studen\u021bi vor frecventa Scoala de vara \/ da iarn\u0103<\/li><li>360 studen\u021bi vor participa la Makeathons.<\/li><\/ul>\t\t\t\t\t\t\t\t<\/div>\n\t\t\t\t<\/div>\n\t\t\t\t<div class=\"elementor-element elementor-element-7043f4cc sc_fly_static elementor-widget elementor-widget-spacer\" data-id=\"7043f4cc\" data-element_type=\"widget\" data-e-type=\"widget\" data-widget_type=\"spacer.default\">\n\t\t\t\t<div class=\"elementor-widget-container\">\n\t\t\t\t\t\t\t<div class=\"elementor-spacer\">\n\t\t\t<div class=\"elementor-spacer-inner\"><\/div>\n\t\t<\/div>\n\t\t\t\t\t\t<\/div>\n\t\t\t\t<\/div>\n\t\t\t\t\t<\/div>\n\t\t<\/div>\n\t\t\t\t\t<\/div>\n\t\t<\/section>\n\t\t\t\t<\/div>","protected":false},"excerpt":{"rendered":"<p>Youth Maker Club II (YMC) Status Ongoing Duration 01.09.2024 &#8211; 31.12.2027 Cooperation partners Ministry of Education and ResearchATIC (Moldovan Association of ICT Companies) Budget EUR 1\u2019124\u2019657 Project Outcome: Project Outcome Enhanced tech skills&hellip;<\/p>","protected":false},"author":1,"featured_media":0,"parent":0,"menu_order":0,"comment_status":"closed","ping_status":"closed","template":"","meta":{"footnotes":""},"class_list":["post-9202","page","type-page","status-publish","hentry"],"_links":{"self":[{"href":"https:\/\/led.md\/ro\/wp-json\/wp\/v2\/pages\/9202","targetHints":{"allow":["GET"]}}],"collection":[{"href":"https:\/\/led.md\/ro\/wp-json\/wp\/v2\/pages"}],"about":[{"href":"https:\/\/led.md\/ro\/wp-json\/wp\/v2\/types\/page"}],"author":[{"embeddable":true,"href":"https:\/\/led.md\/ro\/wp-json\/wp\/v2\/users\/1"}],"replies":[{"embeddable":true,"href":"https:\/\/led.md\/ro\/wp-json\/wp\/v2\/comments?post=9202"}],"version-history":[{"count":0,"href":"https:\/\/led.md\/ro\/wp-json\/wp\/v2\/pages\/9202\/revisions"}],"wp:attachment":[{"href":"https:\/\/led.md\/ro\/wp-json\/wp\/v2\/media?parent=9202"}],"curies":[{"name":"wp","href":"https:\/\/api.w.org\/{rel}","templated":true}]}}