{"id":8580,"date":"2023-05-25T14:59:09","date_gmt":"2023-05-25T14:59:09","guid":{"rendered":"https:\/\/led.pride.md\/?page_id=8580"},"modified":"2024-09-05T08:23:39","modified_gmt":"2024-09-05T08:23:39","slug":"solar-energy-competence-initiative-2","status":"publish","type":"page","link":"https:\/\/led.md\/ro\/solar-energy-competence-initiative-2\/","title":{"rendered":"\u00cenv\u0103\u0163\u0103m\u00eentul Voca\u0163ional"},"content":{"rendered":"<div data-elementor-type=\"wp-page\" data-elementor-id=\"8580\" class=\"elementor elementor-8580\">\n\t\t\t\t\t\t<section class=\"elementor-section elementor-top-section elementor-element elementor-element-12571a91 elementor-section-stretched elementor-section-boxed elementor-section-height-default elementor-section-height-default\" data-id=\"12571a91\" data-element_type=\"section\" data-e-type=\"section\" data-settings=\"{&quot;background_background&quot;:&quot;classic&quot;,&quot;stretch_section&quot;:&quot;section-stretched&quot;}\">\n\t\t\t\t\t\t<div class=\"elementor-container elementor-column-gap-extended\">\n\t\t\t\t\t<div class=\"elementor-column elementor-col-100 elementor-top-column elementor-element elementor-element-780109c sc_layouts_column_icons_position_left\" data-id=\"780109c\" data-element_type=\"column\" data-e-type=\"column\">\n\t\t\t<div class=\"elementor-widget-wrap elementor-element-populated\">\n\t\t\t\t\t\t<section class=\"elementor-section elementor-inner-section elementor-element elementor-element-1ab3f31b elementor-section-boxed elementor-section-height-default elementor-section-height-default\" data-id=\"1ab3f31b\" data-element_type=\"section\" data-e-type=\"section\">\n\t\t\t\t\t\t<div class=\"elementor-container elementor-column-gap-extended\">\n\t\t\t\t\t<div class=\"elementor-column elementor-col-100 elementor-inner-column elementor-element elementor-element-10037da8 sc_layouts_column_icons_position_left\" data-id=\"10037da8\" data-element_type=\"column\" data-e-type=\"column\">\n\t\t\t<div class=\"elementor-widget-wrap elementor-element-populated\">\n\t\t\t\t\t\t<div class=\"elementor-element elementor-element-2e0a0059 sc_fly_static elementor-widget elementor-widget-spacer\" data-id=\"2e0a0059\" data-element_type=\"widget\" data-e-type=\"widget\" data-widget_type=\"spacer.default\">\n\t\t\t\t<div class=\"elementor-widget-container\">\n\t\t\t\t\t\t\t<div class=\"elementor-spacer\">\n\t\t\t<div class=\"elementor-spacer-inner\"><\/div>\n\t\t<\/div>\n\t\t\t\t\t\t<\/div>\n\t\t\t\t<\/div>\n\t\t\t\t\t<\/div>\n\t\t<\/div>\n\t\t\t\t\t<\/div>\n\t\t<\/section>\n\t\t\t\t<section class=\"elementor-section elementor-inner-section elementor-element elementor-element-4b873dad elementor-section-boxed elementor-section-height-default elementor-section-height-default\" data-id=\"4b873dad\" data-element_type=\"section\" data-e-type=\"section\">\n\t\t\t\t\t\t<div class=\"elementor-container elementor-column-gap-no\">\n\t\t\t\t\t<div class=\"elementor-column elementor-col-50 elementor-inner-column elementor-element elementor-element-5ceaf37b sc_layouts_column_icons_position_left elementor-invisible\" data-id=\"5ceaf37b\" data-element_type=\"column\" data-e-type=\"column\" data-settings=\"{&quot;animation&quot;:&quot;fadeInRight&quot;}\">\n\t\t\t<div class=\"elementor-widget-wrap elementor-element-populated\">\n\t\t\t\t\t\t<div class=\"elementor-element elementor-element-45553ccb sc_fly_static elementor-widget elementor-widget-trx_sc_title\" data-id=\"45553ccb\" data-element_type=\"widget\" data-e-type=\"widget\" data-widget_type=\"trx_sc_title.default\">\n\t\t\t\t<div class=\"elementor-widget-container\">\n\t\t\t\t\t<div id=\"trx_sc_title_300869412\"\n\t\tclass=\"sc_title sc_title_default\"><h2 class=\"sc_item_title sc_title_title sc_item_title_style_default\"><span class=\"sc_item_title_text\">\u00cenv\u0103\u0163\u0103m\u00eentul Voca\u0163ional<\/span><\/h2><div class=\"sc_item_descr sc_title_descr\"><table style=\"display: flex; justify-content: space-around;\">\n<tr>\n<td>Statut<\/td>\n<td>S-a \u00eencheiat<\/td>\n<\/tr>\n<tr>\n<td>Durat\u0103<\/td>\n<td>01 aprilie 2020 - 31 martie 2022 (24 de luni)<\/td>\n<\/tr>\n<tr>\n<td>Beneficiari<\/td>\n<td>25-30 (viitorii) profesori de limba englez\u0103\/francez\u0103<\/p>\n<p>160-190 de elevi de \u0219coal\u0103 primar\u0103<\/p>\n<p>40 de studen\u021bi VET (gastronomie)<\/td>\n<\/tr>\n<tr>\n<td>Organiza\u021bia de implementare<\/td>\n<td>Asocia\u021bia Educa\u021bie pentru Dezvoltare (AED)<\/td>\n<\/tr>\n<tr>\n<td>Parteneri de implementare<\/td>\n<td>Centrul de excelen\u021b\u0103 \u00een construc\u021bii (CEC)<\/td>\n<\/tr>\n<tr>\n<td>Grupuri \u021bint\u0103<\/td>\n<td>Viitori instalatori de sisteme fotovoltaice, de sisteme solare termice, companii care activeaz\u0103 \u00een acest sector, toate persoanele interesate de sursele de energie regenerabil\u0103 (SER) din Moldova.<\/td>\n<\/tr>\n<tr>\n<td>Buget<\/td>\n<td>327'189 EUR Bugetul total al proiectului Contribu\u021bia LED: 327'189 EUR<\/td>\n<\/tr>\n<\/table>\n<\/div><\/div><!-- \/.sc_title -->\t\t\t\t<\/div>\n\t\t\t\t<\/div>\n\t\t\t\t\t<\/div>\n\t\t<\/div>\n\t\t\t\t<div class=\"elementor-column elementor-col-50 elementor-inner-column elementor-element elementor-element-113a9918 sc_layouts_column_icons_position_left elementor-invisible\" data-id=\"113a9918\" data-element_type=\"column\" data-e-type=\"column\" data-settings=\"{&quot;animation&quot;:&quot;fadeInLeft&quot;}\">\n\t\t\t<div class=\"elementor-widget-wrap elementor-element-populated\">\n\t\t\t\t\t\t<div class=\"elementor-element elementor-element-2a1cc627 sc_fly_static elementor-widget elementor-widget-spacer\" data-id=\"2a1cc627\" data-element_type=\"widget\" data-e-type=\"widget\" data-widget_type=\"spacer.default\">\n\t\t\t\t<div class=\"elementor-widget-container\">\n\t\t\t\t\t\t\t<div class=\"elementor-spacer\">\n\t\t\t<div class=\"elementor-spacer-inner\"><\/div>\n\t\t<\/div>\n\t\t\t\t\t\t<\/div>\n\t\t\t\t<\/div>\n\t\t\t\t\t<\/div>\n\t\t<\/div>\n\t\t\t\t\t<\/div>\n\t\t<\/section>\n\t\t\t\t<section class=\"elementor-section elementor-inner-section elementor-element elementor-element-76cd01dd elementor-section-boxed elementor-section-height-default elementor-section-height-default\" data-id=\"76cd01dd\" data-element_type=\"section\" data-e-type=\"section\">\n\t\t\t\t\t\t<div class=\"elementor-container elementor-column-gap-extended\">\n\t\t\t\t\t<div class=\"elementor-column elementor-col-100 elementor-inner-column elementor-element elementor-element-3ff4c4f5 sc_layouts_column_icons_position_left\" data-id=\"3ff4c4f5\" data-element_type=\"column\" data-e-type=\"column\">\n\t\t\t<div class=\"elementor-widget-wrap elementor-element-populated\">\n\t\t\t\t\t\t<div class=\"elementor-element elementor-element-58973af0 sc_fly_static elementor-widget elementor-widget-spacer\" data-id=\"58973af0\" data-element_type=\"widget\" data-e-type=\"widget\" data-widget_type=\"spacer.default\">\n\t\t\t\t<div class=\"elementor-widget-container\">\n\t\t\t\t\t\t\t<div class=\"elementor-spacer\">\n\t\t\t<div class=\"elementor-spacer-inner\"><\/div>\n\t\t<\/div>\n\t\t\t\t\t\t<\/div>\n\t\t\t\t<\/div>\n\t\t\t\t\t<\/div>\n\t\t<\/div>\n\t\t\t\t\t<\/div>\n\t\t<\/section>\n\t\t\t\t\t<\/div>\n\t\t<\/div>\n\t\t\t\t\t<\/div>\n\t\t<\/section>\n\t\t\t\t<section class=\"elementor-section elementor-top-section elementor-element elementor-element-b82e309 scheme_modern_dark elementor-section-stretched elementor-section-boxed elementor-section-height-default elementor-section-height-default\" data-id=\"b82e309\" data-element_type=\"section\" data-e-type=\"section\" data-settings=\"{&quot;background_background&quot;:&quot;classic&quot;,&quot;stretch_section&quot;:&quot;section-stretched&quot;}\">\n\t\t\t\t\t\t\t<div class=\"elementor-background-overlay\"><\/div>\n\t\t\t\t\t\t\t<div class=\"elementor-container elementor-column-gap-extended\">\n\t\t\t\t\t<div class=\"elementor-column elementor-col-100 elementor-top-column elementor-element elementor-element-1dc19a4f sc_layouts_column_icons_position_left\" data-id=\"1dc19a4f\" data-element_type=\"column\" data-e-type=\"column\">\n\t\t\t<div class=\"elementor-widget-wrap elementor-element-populated\">\n\t\t\t\t\t\t<div class=\"elementor-element elementor-element-1c18975b sc_fly_static elementor-widget elementor-widget-spacer\" data-id=\"1c18975b\" data-element_type=\"widget\" data-e-type=\"widget\" data-widget_type=\"spacer.default\">\n\t\t\t\t<div class=\"elementor-widget-container\">\n\t\t\t\t\t\t\t<div class=\"elementor-spacer\">\n\t\t\t<div class=\"elementor-spacer-inner\"><\/div>\n\t\t<\/div>\n\t\t\t\t\t\t<\/div>\n\t\t\t\t<\/div>\n\t\t\t\t<div class=\"elementor-element elementor-element-61c9fd76 sc_fly_static elementor-widget elementor-widget-heading\" data-id=\"61c9fd76\" data-element_type=\"widget\" data-e-type=\"widget\" data-widget_type=\"heading.default\">\n\t\t\t\t<div class=\"elementor-widget-container\">\n\t\t\t\t\t<h2 class=\"elementor-heading-title elementor-size-default\">Rezumatul proiectului:<\/h2>\t\t\t\t<\/div>\n\t\t\t\t<\/div>\n\t\t\t\t<div class=\"elementor-element elementor-element-5910c54 sc_fly_static elementor-widget elementor-widget-text-editor\" data-id=\"5910c54\" data-element_type=\"widget\" data-e-type=\"widget\" data-widget_type=\"text-editor.default\">\n\t\t\t\t<div class=\"elementor-widget-container\">\n\t\t\t\t\t\t\t\t\t<p class=\"font_7\"><span class=\"color_11\">Moldova are aproximativ 2300 de ore de soare anual. De asemenea, \u00een ultimii ani, au ap\u0103rut mai multe companii care doresc s\u0103 ofere oportunit\u0103\u021bi pentru utilizarea instala\u021biilor de conversie a energiei solare. Cu toate acestea, Moldova import\u0103 peste 90% din energia electric\u0103. Una dintre cauzele utiliz\u0103rii reticente a centralelor de conversie a energiei solare este lipsa for\u021bei de munc\u0103 calificate, dar \u0219i insuficienta con\u0219tientizare a publicului cu privire la beneficiile utiliz\u0103rii acestor tehnologii.<br \/>Because the technological areas of solar energy conversion are relatively new and are a product of economic interconnections, the specific occupations in the field are similar in different countries. According to experts, the following basic occupations in installation and maintenance of solar energy conversion equipment can be highlighted:<\/span><\/p><ul class=\"color_11 font_7\"><li><p class=\"font_7\"><span class=\"color_11\">Inginerii specializa\u021bi \u00een echipamente de conversie a energiei solare proiecteaz\u0103 elementele de conversie, proiecteaz\u0103 asamblarea \u0219i instalarea acestora \u0219i planific\u0103 lucr\u0103rile de instalare, asamblare \u0219i \u00eentre\u021binere a echipamentelor. Formarea lor ini\u021bial\u0103 se desf\u0103\u0219oar\u0103 \u00een universit\u0103\u021bi. Specializ\u0103rile (formare continu\u0103) \u00een echipamente de conversie electric\u0103 sau termic\u0103 pot fi efectuate \u00een universit\u0103\u021bi sau \u00een companii private, autorizate pentru furnizarea de programe de formare \u00een domeniul men\u021bionat;\u00a0<\/span><\/p><\/li><li><p class=\"font_7\"><span class=\"color_11\">Tehnicienii specializa\u021bi \u00een echipamente de conversie a energiei solare execut\u0103 lucr\u0103ri tehnice, mai mici ca volum de activitate independent\u0103 \u00een compara\u021bie cu lucr\u0103rile efectuate de ingineri. Tehnicienii ob\u021bin preg\u0103tirea ini\u021bial\u0103 \u00een facult\u0103\u021bi. Tehnicienii pot participa la activit\u0103\u021bi de formare continu\u0103 (\u00een domenii de conversie termic\u0103 sau electric\u0103 a energiei solare) \u00een universit\u0103\u021bi, alte colegii, companii private acreditate pentru furnizarea de servicii de formare continu\u0103 \u00een sistemul RES.<\/span><\/p><\/li><li><p class=\"font_7\"><span class=\"color_11\">Instalatorii pentru instalarea echipamentelor de conversie a energiei solare instaleaz\u0103 echipamente de conversie a energiei solare \u0219i asigur\u0103 \u00eentre\u021binerea acestora. Instalatorii sunt instrui\u021bi \u00een \u0219coli profesionale sau \u00een companii acreditate pentru formarea personalului \u00een domeniile conversiei energiei solare.<\/span><\/p><\/li><li><p class=\"font_7\"><span class=\"color_11\">Asamblatorii de sisteme fotovoltaice conecteaz\u0103 sistemele fotovoltaice la re\u021belele electrice. Asamblatorii sunt preg\u0103ti\u021bi \u00een \u0219coli profesionale sau \u00een companii acreditate pentru formarea personalului \u00een domeniul fotovoltaic.<\/span><\/p><\/li><li><p class=\"font_7\"><span class=\"color_11\">Speciali\u0219tii \u00een gestionarea electronic\u0103 a instala\u021biilor fotovoltaice supravegheaz\u0103 gestionarea electronic\u0103 a sistemelor fotovoltaice \u0219i transferul de informa\u021bii de la sistemele fotovoltaice c\u0103tre factorii responsabili de exploatarea \u0219i \u00eentre\u021binerea sistemelor. Ace\u0219ti speciali\u0219ti sunt preg\u0103ti\u021bi \u00een institu\u021bii de formare \u00een domeniul IT.<\/span><\/p><\/li><\/ul><p class=\"font_7\"><span class=\"color_11\">OBIECTIV GENERAL: Republica Moldova dispune de capacit\u0103\u021bi de baz\u0103 \u00een ceea ce prive\u0219te oferirea de cursuri de formare pentru instalatori \u00een domeniul conversiei energiei solare, \u00een conformitate cu cerin\u021bele UE.<\/span><\/p>\t\t\t\t\t\t\t\t<\/div>\n\t\t\t\t<\/div>\n\t\t\t\t<div class=\"elementor-element elementor-element-12cf2bec sc_fly_static elementor-widget elementor-widget-spacer\" data-id=\"12cf2bec\" data-element_type=\"widget\" data-e-type=\"widget\" data-widget_type=\"spacer.default\">\n\t\t\t\t<div class=\"elementor-widget-container\">\n\t\t\t\t\t\t\t<div class=\"elementor-spacer\">\n\t\t\t<div class=\"elementor-spacer-inner\"><\/div>\n\t\t<\/div>\n\t\t\t\t\t\t<\/div>\n\t\t\t\t<\/div>\n\t\t\t\t\t<\/div>\n\t\t<\/div>\n\t\t\t\t\t<\/div>\n\t\t<\/section>\n\t\t\t\t<section class=\"elementor-section elementor-top-section elementor-element elementor-element-18ef805d elementor-section-stretched elementor-section-boxed elementor-section-height-default elementor-section-height-default\" data-id=\"18ef805d\" data-element_type=\"section\" data-e-type=\"section\" data-settings=\"{&quot;background_background&quot;:&quot;classic&quot;,&quot;stretch_section&quot;:&quot;section-stretched&quot;}\">\n\t\t\t\t\t\t<div class=\"elementor-container elementor-column-gap-extended\">\n\t\t\t\t\t<div class=\"elementor-column elementor-col-100 elementor-top-column elementor-element elementor-element-7fb46fcc sc_layouts_column_icons_position_left\" data-id=\"7fb46fcc\" data-element_type=\"column\" data-e-type=\"column\">\n\t\t\t<div class=\"elementor-widget-wrap elementor-element-populated\">\n\t\t\t\t\t\t<div class=\"elementor-element elementor-element-3df322ce sc_fly_static elementor-widget elementor-widget-spacer\" data-id=\"3df322ce\" data-element_type=\"widget\" data-e-type=\"widget\" data-widget_type=\"spacer.default\">\n\t\t\t\t<div class=\"elementor-widget-container\">\n\t\t\t\t\t\t\t<div class=\"elementor-spacer\">\n\t\t\t<div class=\"elementor-spacer-inner\"><\/div>\n\t\t<\/div>\n\t\t\t\t\t\t<\/div>\n\t\t\t\t<\/div>\n\t\t\t\t\t<\/div>\n\t\t<\/div>\n\t\t\t\t\t<\/div>\n\t\t<\/section>\n\t\t\t\t<section class=\"elementor-section elementor-top-section elementor-element elementor-element-1f7d19ff elementor-section-stretched scheme_modern_dark elementor-section-boxed elementor-section-height-default elementor-section-height-default\" data-id=\"1f7d19ff\" data-element_type=\"section\" data-e-type=\"section\" data-settings=\"{&quot;background_background&quot;:&quot;classic&quot;,&quot;stretch_section&quot;:&quot;section-stretched&quot;}\">\n\t\t\t\t\t\t<div class=\"elementor-container elementor-column-gap-extended\">\n\t\t\t\t\t<div class=\"elementor-column elementor-col-100 elementor-top-column elementor-element elementor-element-3c13b9a5 sc_layouts_column_icons_position_left elementor-invisible\" data-id=\"3c13b9a5\" data-element_type=\"column\" data-e-type=\"column\" data-settings=\"{&quot;animation&quot;:&quot;fadeInLeft&quot;}\">\n\t\t\t<div class=\"elementor-widget-wrap elementor-element-populated\">\n\t\t\t\t\t\t<div class=\"elementor-element elementor-element-719d875a scheme_dark sc_fly_static elementor-widget elementor-widget-heading\" data-id=\"719d875a\" data-element_type=\"widget\" data-e-type=\"widget\" data-widget_type=\"heading.default\">\n\t\t\t\t<div class=\"elementor-widget-container\">\n\t\t\t\t\t<h2 class=\"elementor-heading-title elementor-size-default\">OBIECTIVELE PROIECTULUI:<\/h2>\t\t\t\t<\/div>\n\t\t\t\t<\/div>\n\t\t\t\t<div class=\"elementor-element elementor-element-4bae43bc sc_fly_static elementor-widget elementor-widget-spacer\" data-id=\"4bae43bc\" data-element_type=\"widget\" data-e-type=\"widget\" data-widget_type=\"spacer.default\">\n\t\t\t\t<div class=\"elementor-widget-container\">\n\t\t\t\t\t\t\t<div class=\"elementor-spacer\">\n\t\t\t<div class=\"elementor-spacer-inner\"><\/div>\n\t\t<\/div>\n\t\t\t\t\t\t<\/div>\n\t\t\t\t<\/div>\n\t\t\t\t<div class=\"elementor-element elementor-element-a7ff4ac sc_fly_static elementor-widget elementor-widget-text-editor\" data-id=\"a7ff4ac\" data-element_type=\"widget\" data-e-type=\"widget\" data-widget_type=\"text-editor.default\">\n\t\t\t\t<div class=\"elementor-widget-container\">\n\t\t\t\t\t\t\t\t\t<p class=\"font_7\"><span class=\"color_11\">Rezultatul 1: Moldova dispune de un cadru de reglementare necesar pentru formarea instalatorilor pentru conversia termic\u0103 \u0219i electric\u0103 a energiei solare:\u00a0<\/span>\u200b<\/p><ul class=\"color_11 font_7\"><li><p class=\"font_7\"><span class=\"color_11\">instalatori de sisteme solare fotovoltaice<\/span><\/p><\/li><li><p class=\"font_7\"><span class=\"color_11\">instalatori de sisteme solare termice<\/span><\/p><\/li><li><p class=\"font_7\"><span class=\"color_11\">instalatori de sisteme geotermice de mic\u0103 ad\u00e2ncime \u0219i pompe de \u00eenc\u0103lzire<\/span><\/p><\/li><\/ul><p class=\"font_7\"><span class=\"color_11\">Rezultatul 2: \u00cenv\u0103\u021b\u0103m\u00e2ntul \u0219i formarea profesional\u0103 din Republica Moldova dispune de capacit\u0103\u021bile necesare pentru formarea ini\u021bial\u0103 a instalatorilor de conversie termic\u0103 \u0219i conversie electric\u0103 a energiei solare<\/span><\/p>\t\t\t\t\t\t\t\t<\/div>\n\t\t\t\t<\/div>\n\t\t\t\t\t<\/div>\n\t\t<\/div>\n\t\t\t\t\t<\/div>\n\t\t<\/section>\n\t\t\t\t<section class=\"elementor-section elementor-top-section elementor-element elementor-element-2fa8e987 elementor-section-stretched elementor-section-boxed elementor-section-height-default elementor-section-height-default\" data-id=\"2fa8e987\" data-element_type=\"section\" data-e-type=\"section\" data-settings=\"{&quot;background_background&quot;:&quot;classic&quot;,&quot;stretch_section&quot;:&quot;section-stretched&quot;}\">\n\t\t\t\t\t\t<div class=\"elementor-container elementor-column-gap-extended\">\n\t\t\t\t\t<div class=\"elementor-column elementor-col-100 elementor-top-column elementor-element elementor-element-51fb76ce sc_layouts_column_icons_position_left\" data-id=\"51fb76ce\" data-element_type=\"column\" data-e-type=\"column\">\n\t\t\t<div class=\"elementor-widget-wrap elementor-element-populated\">\n\t\t\t\t\t\t<div class=\"elementor-element elementor-element-4550178 sc_fly_static elementor-widget elementor-widget-spacer\" data-id=\"4550178\" data-element_type=\"widget\" data-e-type=\"widget\" data-widget_type=\"spacer.default\">\n\t\t\t\t<div class=\"elementor-widget-container\">\n\t\t\t\t\t\t\t<div class=\"elementor-spacer\">\n\t\t\t<div class=\"elementor-spacer-inner\"><\/div>\n\t\t<\/div>\n\t\t\t\t\t\t<\/div>\n\t\t\t\t<\/div>\n\t\t\t\t\t<\/div>\n\t\t<\/div>\n\t\t\t\t\t<\/div>\n\t\t<\/section>\n\t\t\t\t<\/div>","protected":false},"excerpt":{"rendered":"<p>\u00cenv\u0103\u0163\u0103m\u00eentul Voca\u0163ional Status Ended Duration 01 April 2020 \u2013 31 March 2022 (24 month) Beneficiaries 25-30 (future) English\/French Language Teachers 160-190 primary school learners 40 VET students (Gastronomy) Implementing organization Association Education for&hellip;<\/p>","protected":false},"author":1,"featured_media":0,"parent":0,"menu_order":0,"comment_status":"closed","ping_status":"closed","template":"","meta":{"footnotes":""},"class_list":["post-8580","page","type-page","status-publish","hentry"],"_links":{"self":[{"href":"https:\/\/led.md\/ro\/wp-json\/wp\/v2\/pages\/8580","targetHints":{"allow":["GET"]}}],"collection":[{"href":"https:\/\/led.md\/ro\/wp-json\/wp\/v2\/pages"}],"about":[{"href":"https:\/\/led.md\/ro\/wp-json\/wp\/v2\/types\/page"}],"author":[{"embeddable":true,"href":"https:\/\/led.md\/ro\/wp-json\/wp\/v2\/users\/1"}],"replies":[{"embeddable":true,"href":"https:\/\/led.md\/ro\/wp-json\/wp\/v2\/comments?post=8580"}],"version-history":[{"count":0,"href":"https:\/\/led.md\/ro\/wp-json\/wp\/v2\/pages\/8580\/revisions"}],"wp:attachment":[{"href":"https:\/\/led.md\/ro\/wp-json\/wp\/v2\/media?parent=8580"}],"curies":[{"name":"wp","href":"https:\/\/api.w.org\/{rel}","templated":true}]}}