{"id":8571,"date":"2023-05-25T14:52:10","date_gmt":"2023-05-25T14:52:10","guid":{"rendered":"https:\/\/led.pride.md\/?page_id=8571"},"modified":"2024-09-05T08:23:28","modified_gmt":"2024-09-05T08:23:28","slug":"capacity-development","status":"publish","type":"page","link":"https:\/\/led.md\/ro\/capacity-development\/","title":{"rendered":"Consolidarea capacit\u0103\u021bilor pentru CNIDE - Future Classroom"},"content":{"rendered":"<div data-elementor-type=\"wp-page\" data-elementor-id=\"8571\" class=\"elementor elementor-8571\">\n\t\t\t\t\t\t<section class=\"elementor-section elementor-top-section elementor-element elementor-element-1b9d2790 elementor-section-stretched elementor-section-boxed elementor-section-height-default elementor-section-height-default\" data-id=\"1b9d2790\" data-element_type=\"section\" data-e-type=\"section\" data-settings=\"{&quot;background_background&quot;:&quot;classic&quot;,&quot;stretch_section&quot;:&quot;section-stretched&quot;}\">\n\t\t\t\t\t\t<div class=\"elementor-container elementor-column-gap-extended\">\n\t\t\t\t\t<div class=\"elementor-column elementor-col-100 elementor-top-column elementor-element elementor-element-4dc70da1 sc_layouts_column_icons_position_left\" data-id=\"4dc70da1\" data-element_type=\"column\" data-e-type=\"column\">\n\t\t\t<div class=\"elementor-widget-wrap elementor-element-populated\">\n\t\t\t\t\t\t<section class=\"elementor-section elementor-inner-section elementor-element elementor-element-78e8bdee elementor-section-boxed elementor-section-height-default elementor-section-height-default\" data-id=\"78e8bdee\" data-element_type=\"section\" data-e-type=\"section\">\n\t\t\t\t\t\t<div class=\"elementor-container elementor-column-gap-extended\">\n\t\t\t\t\t<div class=\"elementor-column elementor-col-100 elementor-inner-column elementor-element elementor-element-38ac9a8 sc_layouts_column_icons_position_left\" data-id=\"38ac9a8\" data-element_type=\"column\" data-e-type=\"column\">\n\t\t\t<div class=\"elementor-widget-wrap elementor-element-populated\">\n\t\t\t\t\t\t<div class=\"elementor-element elementor-element-2d66f723 sc_fly_static elementor-widget elementor-widget-spacer\" data-id=\"2d66f723\" data-element_type=\"widget\" data-e-type=\"widget\" data-widget_type=\"spacer.default\">\n\t\t\t\t<div class=\"elementor-widget-container\">\n\t\t\t\t\t\t\t<div class=\"elementor-spacer\">\n\t\t\t<div class=\"elementor-spacer-inner\"><\/div>\n\t\t<\/div>\n\t\t\t\t\t\t<\/div>\n\t\t\t\t<\/div>\n\t\t\t\t\t<\/div>\n\t\t<\/div>\n\t\t\t\t\t<\/div>\n\t\t<\/section>\n\t\t\t\t<section class=\"elementor-section elementor-inner-section elementor-element elementor-element-14c792a9 elementor-section-boxed elementor-section-height-default elementor-section-height-default\" data-id=\"14c792a9\" data-element_type=\"section\" data-e-type=\"section\">\n\t\t\t\t\t\t<div class=\"elementor-container elementor-column-gap-no\">\n\t\t\t\t\t<div class=\"elementor-column elementor-col-50 elementor-inner-column elementor-element elementor-element-6601ba82 sc_layouts_column_icons_position_left elementor-invisible\" data-id=\"6601ba82\" data-element_type=\"column\" data-e-type=\"column\" data-settings=\"{&quot;animation&quot;:&quot;fadeInRight&quot;}\">\n\t\t\t<div class=\"elementor-widget-wrap elementor-element-populated\">\n\t\t\t\t\t\t<div class=\"elementor-element elementor-element-4df4f3aa sc_fly_static elementor-widget elementor-widget-trx_sc_title\" data-id=\"4df4f3aa\" data-element_type=\"widget\" data-e-type=\"widget\" data-widget_type=\"trx_sc_title.default\">\n\t\t\t\t<div class=\"elementor-widget-container\">\n\t\t\t\t\t<div id=\"trx_sc_title_723819893\"\n\t\tclass=\"sc_title sc_title_default\"><h2 class=\"sc_item_title sc_title_title sc_item_title_style_default\"><span class=\"sc_item_title_text\">Consolidarea capacit\u0103\u021bilor pentru CNIDE - Future Classroom<\/span><\/h2><div class=\"sc_item_descr sc_title_descr\"><table style=\"display: flex; justify-content: space-around;\">\n<tr>\n<td>Statut<\/td>\n<td>\u00cenchis<\/td>\n<\/tr>\n<tr>\n<td>Durat\u0103<\/td>\n<td>01.10.2019 \u2013 30.09.2022<\/td>\n<\/tr>\n<tr>\n<td>Organiza\u021bia de implementare<\/td>\n<td>Funda\u021bia pentru Avansarea Moldovei (FAM)<\/td>\n<\/tr>\n<tr>\n<td>Parteneri de cooperare<\/td>\n<td>Ministerul Educa\u021biei, Culturii \u0219i Cercet\u0103rii, Universitatea Pedagogic\u0103 de Stat \"I. Creang\u0103\", Universitatea de Stat din Tiraspol, Proiectul Moldova Competitiv\u0103, Compania Orange<\/td>\n<\/tr>\n<tr>\n<td>Buget<\/td>\n<td>EUR 464\u2019453<\/td>\n<\/tr>\n<\/td>\n<\/tr>\n<\/table>\n<\/div><\/div><!-- \/.sc_title -->\t\t\t\t<\/div>\n\t\t\t\t<\/div>\n\t\t\t\t\t<\/div>\n\t\t<\/div>\n\t\t\t\t<div class=\"elementor-column elementor-col-50 elementor-inner-column elementor-element elementor-element-4aa033bf sc_layouts_column_icons_position_left elementor-invisible\" data-id=\"4aa033bf\" data-element_type=\"column\" data-e-type=\"column\" data-settings=\"{&quot;animation&quot;:&quot;fadeInLeft&quot;}\">\n\t\t\t<div class=\"elementor-widget-wrap elementor-element-populated\">\n\t\t\t\t\t\t<div class=\"elementor-element elementor-element-70cda87c sc_fly_static elementor-widget elementor-widget-spacer\" data-id=\"70cda87c\" data-element_type=\"widget\" data-e-type=\"widget\" data-widget_type=\"spacer.default\">\n\t\t\t\t<div class=\"elementor-widget-container\">\n\t\t\t\t\t\t\t<div class=\"elementor-spacer\">\n\t\t\t<div class=\"elementor-spacer-inner\"><\/div>\n\t\t<\/div>\n\t\t\t\t\t\t<\/div>\n\t\t\t\t<\/div>\n\t\t\t\t\t<\/div>\n\t\t<\/div>\n\t\t\t\t\t<\/div>\n\t\t<\/section>\n\t\t\t\t<section class=\"elementor-section elementor-inner-section elementor-element elementor-element-526ee9d0 elementor-section-boxed elementor-section-height-default elementor-section-height-default\" data-id=\"526ee9d0\" data-element_type=\"section\" data-e-type=\"section\">\n\t\t\t\t\t\t<div class=\"elementor-container elementor-column-gap-extended\">\n\t\t\t\t\t<div class=\"elementor-column elementor-col-100 elementor-inner-column elementor-element elementor-element-74523d0d sc_layouts_column_icons_position_left\" data-id=\"74523d0d\" data-element_type=\"column\" data-e-type=\"column\">\n\t\t\t<div class=\"elementor-widget-wrap elementor-element-populated\">\n\t\t\t\t\t\t<div class=\"elementor-element elementor-element-3fa9e7aa sc_fly_static elementor-widget elementor-widget-spacer\" data-id=\"3fa9e7aa\" data-element_type=\"widget\" data-e-type=\"widget\" data-widget_type=\"spacer.default\">\n\t\t\t\t<div class=\"elementor-widget-container\">\n\t\t\t\t\t\t\t<div class=\"elementor-spacer\">\n\t\t\t<div class=\"elementor-spacer-inner\"><\/div>\n\t\t<\/div>\n\t\t\t\t\t\t<\/div>\n\t\t\t\t<\/div>\n\t\t\t\t\t<\/div>\n\t\t<\/div>\n\t\t\t\t\t<\/div>\n\t\t<\/section>\n\t\t\t\t\t<\/div>\n\t\t<\/div>\n\t\t\t\t\t<\/div>\n\t\t<\/section>\n\t\t\t\t<section class=\"elementor-section elementor-top-section elementor-element elementor-element-1246dff7 scheme_modern_dark elementor-section-stretched elementor-section-boxed elementor-section-height-default elementor-section-height-default\" data-id=\"1246dff7\" data-element_type=\"section\" data-e-type=\"section\" data-settings=\"{&quot;background_background&quot;:&quot;classic&quot;,&quot;stretch_section&quot;:&quot;section-stretched&quot;}\">\n\t\t\t\t\t\t\t<div class=\"elementor-background-overlay\"><\/div>\n\t\t\t\t\t\t\t<div class=\"elementor-container elementor-column-gap-extended\">\n\t\t\t\t\t<div class=\"elementor-column elementor-col-100 elementor-top-column elementor-element elementor-element-4697b280 sc_layouts_column_icons_position_left\" data-id=\"4697b280\" data-element_type=\"column\" data-e-type=\"column\">\n\t\t\t<div class=\"elementor-widget-wrap elementor-element-populated\">\n\t\t\t\t\t\t<div class=\"elementor-element elementor-element-588a5e4e sc_fly_static elementor-widget elementor-widget-spacer\" data-id=\"588a5e4e\" data-element_type=\"widget\" data-e-type=\"widget\" data-widget_type=\"spacer.default\">\n\t\t\t\t<div class=\"elementor-widget-container\">\n\t\t\t\t\t\t\t<div class=\"elementor-spacer\">\n\t\t\t<div class=\"elementor-spacer-inner\"><\/div>\n\t\t<\/div>\n\t\t\t\t\t\t<\/div>\n\t\t\t\t<\/div>\n\t\t\t\t<div class=\"elementor-element elementor-element-28b45d35 sc_fly_static elementor-widget elementor-widget-heading\" data-id=\"28b45d35\" data-element_type=\"widget\" data-e-type=\"widget\" data-widget_type=\"heading.default\">\n\t\t\t\t<div class=\"elementor-widget-container\">\n\t\t\t\t\t<h2 class=\"elementor-heading-title elementor-size-default\">Rezumatul proiectului:<\/h2>\t\t\t\t<\/div>\n\t\t\t\t<\/div>\n\t\t\t\t<div class=\"elementor-element elementor-element-4d87bac2 sc_fly_static elementor-widget elementor-widget-text-editor\" data-id=\"4d87bac2\" data-element_type=\"widget\" data-e-type=\"widget\" data-widget_type=\"text-editor.default\">\n\t\t\t\t<div class=\"elementor-widget-container\">\n\t\t\t\t\t\t\t\t\t<p class=\"font_8\">Proiectul va oferi sprijin pentru consolidarea capacit\u0103\u021bilor CNIDE \u00een vederea promov\u0103rii metodologiilor moderne de \u00eenv\u0103\u021bare activ\u0103 \u0219i pentru a conduce inova\u021bia digital\u0103 \u00een sistemul educa\u021bional din Moldova, servind drept platform\u0103 educa\u021bional\u0103 pentru schimbul de experien\u021b\u0103, bune practici \u0219i lec\u021bii \u00eenv\u0103\u021bate ca urmare a implement\u0103rii modelului de predare STEAM \u0219i a \u00eenv\u0103\u021b\u0103rii bazate pe activit\u0103\u021bi. Proiectul va oferi diverse contribu\u021bii pentru a consolida capacitatea CNIDE.<br \/>The main components of the project are: \u00a0<\/p><ol><li class=\"font_7\">Dezvoltarea capacit\u0103\u021bii formatorilor CNIDE \u00een domeniul didacticii pentru utilizarea metodelor inovative de predare\/\u00eenv\u0103\u021bare.<\/li><li class=\"font_7\">Sprijin pentru formatorii CNIDE \u00een vederea elabor\u0103rii modulelor de formare a cadrelor didactice privind didactica utiliz\u0103rii metodelor inovative.<\/li><li class=\"font_7\">Dezvoltarea organiza\u021bional\u0103 pentru CNIDE \u0219i subven\u021bionarea furniz\u0103rii de formare.<\/li><\/ol><p><br data-cke-eol=\"1\" \/><br \/><\/p>\t\t\t\t\t\t\t\t<\/div>\n\t\t\t\t<\/div>\n\t\t\t\t<div class=\"elementor-element elementor-element-6c4265ff sc_fly_static elementor-widget elementor-widget-spacer\" data-id=\"6c4265ff\" data-element_type=\"widget\" data-e-type=\"widget\" data-widget_type=\"spacer.default\">\n\t\t\t\t<div class=\"elementor-widget-container\">\n\t\t\t\t\t\t\t<div class=\"elementor-spacer\">\n\t\t\t<div class=\"elementor-spacer-inner\"><\/div>\n\t\t<\/div>\n\t\t\t\t\t\t<\/div>\n\t\t\t\t<\/div>\n\t\t\t\t\t<\/div>\n\t\t<\/div>\n\t\t\t\t\t<\/div>\n\t\t<\/section>\n\t\t\t\t<section class=\"elementor-section elementor-top-section elementor-element elementor-element-65e4cd5b elementor-section-stretched elementor-section-boxed elementor-section-height-default elementor-section-height-default\" data-id=\"65e4cd5b\" data-element_type=\"section\" data-e-type=\"section\" data-settings=\"{&quot;background_background&quot;:&quot;classic&quot;,&quot;stretch_section&quot;:&quot;section-stretched&quot;}\">\n\t\t\t\t\t\t<div class=\"elementor-container elementor-column-gap-extended\">\n\t\t\t\t\t<div class=\"elementor-column elementor-col-100 elementor-top-column elementor-element elementor-element-268878d9 sc_layouts_column_icons_position_left\" data-id=\"268878d9\" data-element_type=\"column\" data-e-type=\"column\">\n\t\t\t<div class=\"elementor-widget-wrap elementor-element-populated\">\n\t\t\t\t\t\t<div class=\"elementor-element elementor-element-6d243eae sc_fly_static elementor-widget elementor-widget-spacer\" data-id=\"6d243eae\" data-element_type=\"widget\" data-e-type=\"widget\" data-widget_type=\"spacer.default\">\n\t\t\t\t<div class=\"elementor-widget-container\">\n\t\t\t\t\t\t\t<div class=\"elementor-spacer\">\n\t\t\t<div class=\"elementor-spacer-inner\"><\/div>\n\t\t<\/div>\n\t\t\t\t\t\t<\/div>\n\t\t\t\t<\/div>\n\t\t\t\t\t<\/div>\n\t\t<\/div>\n\t\t\t\t\t<\/div>\n\t\t<\/section>\n\t\t\t\t<section class=\"elementor-section elementor-top-section elementor-element elementor-element-2a1744c6 elementor-section-stretched scheme_modern_dark elementor-section-boxed elementor-section-height-default elementor-section-height-default\" data-id=\"2a1744c6\" data-element_type=\"section\" data-e-type=\"section\" data-settings=\"{&quot;background_background&quot;:&quot;classic&quot;,&quot;stretch_section&quot;:&quot;section-stretched&quot;}\">\n\t\t\t\t\t\t<div class=\"elementor-container elementor-column-gap-extended\">\n\t\t\t\t\t<div class=\"elementor-column elementor-col-100 elementor-top-column elementor-element elementor-element-7b04f318 sc_layouts_column_icons_position_left elementor-invisible\" data-id=\"7b04f318\" data-element_type=\"column\" data-e-type=\"column\" data-settings=\"{&quot;animation&quot;:&quot;fadeInLeft&quot;}\">\n\t\t\t<div class=\"elementor-widget-wrap elementor-element-populated\">\n\t\t\t\t\t\t<div class=\"elementor-element elementor-element-1f5fbf02 scheme_dark sc_fly_static elementor-widget elementor-widget-heading\" data-id=\"1f5fbf02\" data-element_type=\"widget\" data-e-type=\"widget\" data-widget_type=\"heading.default\">\n\t\t\t\t<div class=\"elementor-widget-container\">\n\t\t\t\t\t<h2 class=\"elementor-heading-title elementor-size-default\">Rezultatele proiectului:\u00a0<\/h2>\t\t\t\t<\/div>\n\t\t\t\t<\/div>\n\t\t\t\t<div class=\"elementor-element elementor-element-97019bc sc_fly_static elementor-widget elementor-widget-spacer\" data-id=\"97019bc\" data-element_type=\"widget\" data-e-type=\"widget\" data-widget_type=\"spacer.default\">\n\t\t\t\t<div class=\"elementor-widget-container\">\n\t\t\t\t\t\t\t<div class=\"elementor-spacer\">\n\t\t\t<div class=\"elementor-spacer-inner\"><\/div>\n\t\t<\/div>\n\t\t\t\t\t\t<\/div>\n\t\t\t\t<\/div>\n\t\t\t\t<div class=\"elementor-element elementor-element-32c1c95c sc_fly_static elementor-widget elementor-widget-text-editor\" data-id=\"32c1c95c\" data-element_type=\"widget\" data-e-type=\"widget\" data-widget_type=\"text-editor.default\">\n\t\t\t\t<div class=\"elementor-widget-container\">\n\t\t\t\t\t\t\t\t\t<p><b>Impact:<\/b> CNIDE devine principalul centru de inova\u021bii digitale \u00een educa\u021bie pentru sistemul educa\u021bional din Moldova, promov\u00e2nd utilizarea tehnologiilor pentru \u00eenv\u0103\u021barea activ\u0103.<br><b>Rezultatul I:<\/b> CNIDE are o echip\u0103 central\u0103 de formatori competen\u021bi care ofer\u0103 cursuri de formare \u0219i alte contribu\u021bii privind abord\u0103rile moderne de \u00eenv\u0103\u021bare, promov\u00e2nd competen\u021bele STEAM;<br><b>Rezultatul II: <\/b>CNIDE are un portofoliu de cursuri noi dezvoltate de echipa sa de formatori;<br><b>Rezultatul III: <\/b>CNIDE este bine gestionat \u0219i exist\u0103 proceduri clare care \u00eei permit s\u0103 ac\u021bioneze ca un centru competent pentru inova\u021bii \u00een educa\u021bie.<\/p>\t\t\t\t\t\t\t\t<\/div>\n\t\t\t\t<\/div>\n\t\t\t\t\t<\/div>\n\t\t<\/div>\n\t\t\t\t\t<\/div>\n\t\t<\/section>\n\t\t\t\t<section class=\"elementor-section elementor-top-section elementor-element elementor-element-11973148 elementor-section-stretched elementor-section-boxed elementor-section-height-default elementor-section-height-default\" data-id=\"11973148\" data-element_type=\"section\" data-e-type=\"section\" data-settings=\"{&quot;background_background&quot;:&quot;classic&quot;,&quot;stretch_section&quot;:&quot;section-stretched&quot;}\">\n\t\t\t\t\t\t<div class=\"elementor-container elementor-column-gap-extended\">\n\t\t\t\t\t<div class=\"elementor-column elementor-col-100 elementor-top-column elementor-element elementor-element-195a7c sc_layouts_column_icons_position_left\" data-id=\"195a7c\" data-element_type=\"column\" data-e-type=\"column\">\n\t\t\t<div class=\"elementor-widget-wrap elementor-element-populated\">\n\t\t\t\t\t\t<div class=\"elementor-element elementor-element-70cc2d69 sc_fly_static elementor-widget elementor-widget-spacer\" data-id=\"70cc2d69\" data-element_type=\"widget\" data-e-type=\"widget\" data-widget_type=\"spacer.default\">\n\t\t\t\t<div class=\"elementor-widget-container\">\n\t\t\t\t\t\t\t<div class=\"elementor-spacer\">\n\t\t\t<div class=\"elementor-spacer-inner\"><\/div>\n\t\t<\/div>\n\t\t\t\t\t\t<\/div>\n\t\t\t\t<\/div>\n\t\t\t\t\t<\/div>\n\t\t<\/div>\n\t\t\t\t\t<\/div>\n\t\t<\/section>\n\t\t\t\t<section class=\"elementor-section elementor-top-section elementor-element elementor-element-127dce34 scheme_modern_dark elementor-section-stretched elementor-section-boxed elementor-section-height-default elementor-section-height-default\" data-id=\"127dce34\" data-element_type=\"section\" data-e-type=\"section\" data-settings=\"{&quot;background_background&quot;:&quot;classic&quot;,&quot;stretch_section&quot;:&quot;section-stretched&quot;}\">\n\t\t\t\t\t\t\t<div class=\"elementor-background-overlay\"><\/div>\n\t\t\t\t\t\t\t<div class=\"elementor-container elementor-column-gap-extended\">\n\t\t\t\t\t<div class=\"elementor-column elementor-col-100 elementor-top-column elementor-element elementor-element-68a5a82c sc_layouts_column_icons_position_left\" data-id=\"68a5a82c\" data-element_type=\"column\" data-e-type=\"column\">\n\t\t\t<div class=\"elementor-widget-wrap elementor-element-populated\">\n\t\t\t\t\t\t<div class=\"elementor-element elementor-element-3510b1cf sc_fly_static elementor-widget elementor-widget-spacer\" data-id=\"3510b1cf\" data-element_type=\"widget\" data-e-type=\"widget\" data-widget_type=\"spacer.default\">\n\t\t\t\t<div class=\"elementor-widget-container\">\n\t\t\t\t\t\t\t<div class=\"elementor-spacer\">\n\t\t\t<div class=\"elementor-spacer-inner\"><\/div>\n\t\t<\/div>\n\t\t\t\t\t\t<\/div>\n\t\t\t\t<\/div>\n\t\t\t\t<div class=\"elementor-element elementor-element-9edb3b3 sc_fly_static elementor-widget elementor-widget-heading\" data-id=\"9edb3b3\" data-element_type=\"widget\" data-e-type=\"widget\" data-widget_type=\"heading.default\">\n\t\t\t\t<div class=\"elementor-widget-container\">\n\t\t\t\t\t<h2 class=\"elementor-heading-title elementor-size-default\">Rezultate a\u0219teptate:\u00a0<\/h2>\t\t\t\t<\/div>\n\t\t\t\t<\/div>\n\t\t\t\t<div class=\"elementor-element elementor-element-2ec218a7 sc_fly_static elementor-widget elementor-widget-text-editor\" data-id=\"2ec218a7\" data-element_type=\"widget\" data-e-type=\"widget\" data-widget_type=\"text-editor.default\">\n\t\t\t\t<div class=\"elementor-widget-container\">\n\t\t\t\t\t\t\t\t\t<ol><li class=\"font_7\">Formatorii CNIDE sunt instrui\u021bi \u00een domeniul tehnicilor de predare inovatoare \u0219i al \u00eenv\u0103\u021b\u0103rii active.\u00a0<\/li><li class=\"font_7\">Formatorii \u00eenva\u021b\u0103 despre cele mai bune practici \u00een ceea ce prive\u0219te metodologiile moderne de predare\/\u00eenv\u0103\u021bare \u00een diferite institu\u021bii educa\u021bionale.<\/li><li class=\"font_7\">CNIDE a depus noi module pentru autorizare preliminar\u0103 \u0219i acreditare ulterioar\u0103.<\/li><li class=\"font_7\">Formatorii CNIDE predau modulele nou dezvoltate.<\/li><li class=\"font_7\">Formatorii CNIDE promoveaz\u0103 conceptele de \u00eenv\u0103\u021bare activ\u0103 \u00eencorporate \u00een modulele dezvoltate prin prezentarea celor mai bune practici \u00een cadrul unei serii de ateliere demonstrative.<\/li><li class=\"font_7\">Exper\u021bii CNIDE realizeaz\u0103 o radiografie a maturit\u0103\u021bii digitale a sistemului educa\u021bional.<\/li><li class=\"font_7\">Echipa de conducere a CNIDE beneficiaz\u0103 de o serie de contribu\u021bii \u0219i de coaching menite s\u0103 le creasc\u0103 capacitatea organiza\u021bional\u0103.<\/li><li class=\"font_7\">CNIDE ob\u021bine acreditarea ca furnizor de servicii de formare profesional\u0103.<\/li><li style=\"list-style-type: none;\">\u00a0<\/li><\/ol>\t\t\t\t\t\t\t\t<\/div>\n\t\t\t\t<\/div>\n\t\t\t\t<div class=\"elementor-element elementor-element-6b5c7f63 sc_fly_static elementor-widget elementor-widget-spacer\" data-id=\"6b5c7f63\" data-element_type=\"widget\" data-e-type=\"widget\" data-widget_type=\"spacer.default\">\n\t\t\t\t<div class=\"elementor-widget-container\">\n\t\t\t\t\t\t\t<div class=\"elementor-spacer\">\n\t\t\t<div class=\"elementor-spacer-inner\"><\/div>\n\t\t<\/div>\n\t\t\t\t\t\t<\/div>\n\t\t\t\t<\/div>\n\t\t\t\t\t<\/div>\n\t\t<\/div>\n\t\t\t\t\t<\/div>\n\t\t<\/section>\n\t\t\t\t<\/div>","protected":false},"excerpt":{"rendered":"<p>Capacity Development for the CNIDE \u2013 Future Classroom Status Closed Duration 01.10.2019 \u2013 30.09.2022 Implementing organization Foundation for Advancement of Moldova (FAM) Cooperation Partners Ministry of Education, Culture and Research, State Pedagogical University&hellip;<\/p>","protected":false},"author":1,"featured_media":0,"parent":0,"menu_order":0,"comment_status":"closed","ping_status":"closed","template":"","meta":{"footnotes":""},"class_list":["post-8571","page","type-page","status-publish","hentry"],"_links":{"self":[{"href":"https:\/\/led.md\/ro\/wp-json\/wp\/v2\/pages\/8571","targetHints":{"allow":["GET"]}}],"collection":[{"href":"https:\/\/led.md\/ro\/wp-json\/wp\/v2\/pages"}],"about":[{"href":"https:\/\/led.md\/ro\/wp-json\/wp\/v2\/types\/page"}],"author":[{"embeddable":true,"href":"https:\/\/led.md\/ro\/wp-json\/wp\/v2\/users\/1"}],"replies":[{"embeddable":true,"href":"https:\/\/led.md\/ro\/wp-json\/wp\/v2\/comments?post=8571"}],"version-history":[{"count":0,"href":"https:\/\/led.md\/ro\/wp-json\/wp\/v2\/pages\/8571\/revisions"}],"wp:attachment":[{"href":"https:\/\/led.md\/ro\/wp-json\/wp\/v2\/media?parent=8571"}],"curies":[{"name":"wp","href":"https:\/\/api.w.org\/{rel}","templated":true}]}}