{"id":8556,"date":"2023-05-25T14:46:18","date_gmt":"2023-05-25T14:46:18","guid":{"rendered":"https:\/\/led.pride.md\/?page_id=8556"},"modified":"2024-09-05T08:25:39","modified_gmt":"2024-09-05T08:25:39","slug":"creativo","status":"publish","type":"page","link":"https:\/\/led.md\/ro\/creativo\/","title":{"rendered":"CREATIVO \u2013 Creating Values for Others: VET institutions provide relevant vocational skills Completed"},"content":{"rendered":"<div data-elementor-type=\"wp-page\" data-elementor-id=\"8556\" class=\"elementor elementor-8556\">\n\t\t\t\t\t\t<section class=\"elementor-section elementor-top-section elementor-element elementor-element-2cfa271c elementor-section-stretched elementor-section-boxed elementor-section-height-default elementor-section-height-default\" data-id=\"2cfa271c\" data-element_type=\"section\" data-e-type=\"section\" data-settings=\"{&quot;background_background&quot;:&quot;classic&quot;,&quot;stretch_section&quot;:&quot;section-stretched&quot;}\">\n\t\t\t\t\t\t<div class=\"elementor-container elementor-column-gap-extended\">\n\t\t\t\t\t<div class=\"elementor-column elementor-col-100 elementor-top-column elementor-element elementor-element-236a9827 sc_layouts_column_icons_position_left\" data-id=\"236a9827\" data-element_type=\"column\" data-e-type=\"column\">\n\t\t\t<div class=\"elementor-widget-wrap elementor-element-populated\">\n\t\t\t\t\t\t<section class=\"elementor-section elementor-inner-section elementor-element elementor-element-c6400c1 elementor-section-boxed elementor-section-height-default elementor-section-height-default\" data-id=\"c6400c1\" data-element_type=\"section\" data-e-type=\"section\">\n\t\t\t\t\t\t<div class=\"elementor-container elementor-column-gap-extended\">\n\t\t\t\t\t<div class=\"elementor-column elementor-col-100 elementor-inner-column elementor-element elementor-element-7f3725cf sc_layouts_column_icons_position_left\" data-id=\"7f3725cf\" data-element_type=\"column\" data-e-type=\"column\">\n\t\t\t<div class=\"elementor-widget-wrap elementor-element-populated\">\n\t\t\t\t\t\t<div class=\"elementor-element elementor-element-2474989b sc_fly_static elementor-widget elementor-widget-spacer\" data-id=\"2474989b\" data-element_type=\"widget\" data-e-type=\"widget\" data-widget_type=\"spacer.default\">\n\t\t\t\t<div class=\"elementor-widget-container\">\n\t\t\t\t\t\t\t<div class=\"elementor-spacer\">\n\t\t\t<div class=\"elementor-spacer-inner\"><\/div>\n\t\t<\/div>\n\t\t\t\t\t\t<\/div>\n\t\t\t\t<\/div>\n\t\t\t\t\t<\/div>\n\t\t<\/div>\n\t\t\t\t\t<\/div>\n\t\t<\/section>\n\t\t\t\t<section class=\"elementor-section elementor-inner-section elementor-element elementor-element-2f265f09 elementor-section-boxed elementor-section-height-default elementor-section-height-default\" data-id=\"2f265f09\" data-element_type=\"section\" data-e-type=\"section\">\n\t\t\t\t\t\t<div class=\"elementor-container elementor-column-gap-no\">\n\t\t\t\t\t<div class=\"elementor-column elementor-col-50 elementor-inner-column elementor-element elementor-element-6fb35c51 sc_layouts_column_icons_position_left elementor-invisible\" data-id=\"6fb35c51\" data-element_type=\"column\" data-e-type=\"column\" data-settings=\"{&quot;animation&quot;:&quot;fadeInRight&quot;}\">\n\t\t\t<div class=\"elementor-widget-wrap elementor-element-populated\">\n\t\t\t\t\t\t<div class=\"elementor-element elementor-element-269e4cb5 sc_fly_static elementor-widget elementor-widget-trx_sc_title\" data-id=\"269e4cb5\" data-element_type=\"widget\" data-e-type=\"widget\" data-widget_type=\"trx_sc_title.default\">\n\t\t\t\t<div class=\"elementor-widget-container\">\n\t\t\t\t\t<div id=\"trx_sc_title_564836268\"\n\t\tclass=\"sc_title sc_title_default\"><h2 class=\"sc_item_title sc_title_title sc_item_title_style_default\"><span class=\"sc_item_title_text\">CREATIVO - Crearea de valori pentru al\u021bii: Institu\u021biile de educa\u021bie \u0219i formare profesional\u0103 ofer\u0103 competen\u021be profesionale relevante<\/span><\/h2><div class=\"sc_item_descr sc_title_descr\"><table style=\"display: flex; justify-content: space-around;\">\n<tr>\n<td>Statut<\/td>\n<td>Finalizat<\/td>\n<\/tr>\n<tr>\n<td>Durat\u0103<\/td>\n<td>01.12.2020 - 30.11.2023<\/td>\n<\/tr>\n<tr>\n<td>Parteneri de cooperare<\/td>\n<td>Ministerul Educa\u021biei, Culturii \u0219i Cercet\u0103rii; 10 institu\u021bii de educa\u021bie \u0219i formare profesional\u0103; companii private<\/td>\n<\/tr>\n<tr>\n<td>Partener de implementare<\/td>\n<td>Centrul pentru Educa\u021bie Antreprenorial\u0103 \u0219i Asisten\u021b\u0103 \u00een Afaceri (CEDA)<\/td>\n<\/tr>\n<tr>\n<td>Buget<\/td>\n<td><strong>816\u2019880 EUR<\/strong><\/p>\n<p>Contribu\u021bia LED: 400'915 EUR<\/p>\n<p>Agen\u021bia Elve\u021bian\u0103 pentru Dezvoltare \u0219i Cooperare Contribu\u021bie: 400'915 EUR<\/p>\n<p>Contribu\u021bia CEDA: 15'050 EUR<\/p>\n<\/td>\n<\/tr>\n<\/table>\n<\/div><\/div><!-- \/.sc_title -->\t\t\t\t<\/div>\n\t\t\t\t<\/div>\n\t\t\t\t\t<\/div>\n\t\t<\/div>\n\t\t\t\t<div class=\"elementor-column elementor-col-50 elementor-inner-column elementor-element elementor-element-342a912e sc_layouts_column_icons_position_left elementor-invisible\" data-id=\"342a912e\" data-element_type=\"column\" data-e-type=\"column\" data-settings=\"{&quot;animation&quot;:&quot;fadeInLeft&quot;}\">\n\t\t\t<div class=\"elementor-widget-wrap elementor-element-populated\">\n\t\t\t\t\t\t<div class=\"elementor-element elementor-element-8607d44 sc_fly_static elementor-widget elementor-widget-spacer\" data-id=\"8607d44\" data-element_type=\"widget\" data-e-type=\"widget\" data-widget_type=\"spacer.default\">\n\t\t\t\t<div class=\"elementor-widget-container\">\n\t\t\t\t\t\t\t<div class=\"elementor-spacer\">\n\t\t\t<div class=\"elementor-spacer-inner\"><\/div>\n\t\t<\/div>\n\t\t\t\t\t\t<\/div>\n\t\t\t\t<\/div>\n\t\t\t\t\t<\/div>\n\t\t<\/div>\n\t\t\t\t\t<\/div>\n\t\t<\/section>\n\t\t\t\t<section class=\"elementor-section elementor-inner-section elementor-element elementor-element-5ee506f9 elementor-section-boxed elementor-section-height-default elementor-section-height-default\" data-id=\"5ee506f9\" data-element_type=\"section\" data-e-type=\"section\">\n\t\t\t\t\t\t<div class=\"elementor-container elementor-column-gap-extended\">\n\t\t\t\t\t<div class=\"elementor-column elementor-col-100 elementor-inner-column elementor-element elementor-element-43fdf632 sc_layouts_column_icons_position_left\" data-id=\"43fdf632\" data-element_type=\"column\" data-e-type=\"column\">\n\t\t\t<div class=\"elementor-widget-wrap elementor-element-populated\">\n\t\t\t\t\t\t<div class=\"elementor-element elementor-element-5bc6ab1 sc_fly_static elementor-widget elementor-widget-spacer\" data-id=\"5bc6ab1\" data-element_type=\"widget\" data-e-type=\"widget\" data-widget_type=\"spacer.default\">\n\t\t\t\t<div class=\"elementor-widget-container\">\n\t\t\t\t\t\t\t<div class=\"elementor-spacer\">\n\t\t\t<div class=\"elementor-spacer-inner\"><\/div>\n\t\t<\/div>\n\t\t\t\t\t\t<\/div>\n\t\t\t\t<\/div>\n\t\t\t\t\t<\/div>\n\t\t<\/div>\n\t\t\t\t\t<\/div>\n\t\t<\/section>\n\t\t\t\t\t<\/div>\n\t\t<\/div>\n\t\t\t\t\t<\/div>\n\t\t<\/section>\n\t\t\t\t<section class=\"elementor-section elementor-top-section elementor-element elementor-element-1b37777d scheme_modern_dark elementor-section-stretched elementor-section-boxed elementor-section-height-default elementor-section-height-default\" data-id=\"1b37777d\" data-element_type=\"section\" data-e-type=\"section\" data-settings=\"{&quot;background_background&quot;:&quot;classic&quot;,&quot;stretch_section&quot;:&quot;section-stretched&quot;}\">\n\t\t\t\t\t\t\t<div class=\"elementor-background-overlay\"><\/div>\n\t\t\t\t\t\t\t<div class=\"elementor-container elementor-column-gap-extended\">\n\t\t\t\t\t<div class=\"elementor-column elementor-col-100 elementor-top-column elementor-element elementor-element-2acd987a sc_layouts_column_icons_position_left\" data-id=\"2acd987a\" data-element_type=\"column\" data-e-type=\"column\">\n\t\t\t<div class=\"elementor-widget-wrap elementor-element-populated\">\n\t\t\t\t\t\t<div class=\"elementor-element elementor-element-20d4fd7d sc_fly_static elementor-widget elementor-widget-spacer\" data-id=\"20d4fd7d\" data-element_type=\"widget\" data-e-type=\"widget\" data-widget_type=\"spacer.default\">\n\t\t\t\t<div class=\"elementor-widget-container\">\n\t\t\t\t\t\t\t<div class=\"elementor-spacer\">\n\t\t\t<div class=\"elementor-spacer-inner\"><\/div>\n\t\t<\/div>\n\t\t\t\t\t\t<\/div>\n\t\t\t\t<\/div>\n\t\t\t\t<div class=\"elementor-element elementor-element-6287992 sc_fly_static elementor-widget elementor-widget-heading\" data-id=\"6287992\" data-element_type=\"widget\" data-e-type=\"widget\" data-widget_type=\"heading.default\">\n\t\t\t\t<div class=\"elementor-widget-container\">\n\t\t\t\t\t<h2 class=\"elementor-heading-title elementor-size-default\">Descrierea proiectului:<\/h2>\t\t\t\t<\/div>\n\t\t\t\t<\/div>\n\t\t\t\t<div class=\"elementor-element elementor-element-e348db7 sc_fly_static elementor-widget elementor-widget-text-editor\" data-id=\"e348db7\" data-element_type=\"widget\" data-e-type=\"widget\" data-widget_type=\"text-editor.default\">\n\t\t\t\t<div class=\"elementor-widget-container\">\n\t\t\t\t\t\t\t\t\t<div id=\"bgLayers_comp-lglyq80y\" class=\"MW5IWV\" data-hook=\"bgLayers\"><div id=\"bgMedia_comp-lglyq80y\" class=\"VgO9Yg\">Proiectul CREATIVO este implementat de c\u0103tre Centrul de Educa\u021bie Antreprenorial\u0103 \u0219i Suport \u00een Afaceri (CEDA), care \u00ee\u0219i propune s\u0103 contribuie la dezvoltarea social\u0103 \u0219i economic\u0103 a \u021b\u0103rii, la eradicarea s\u0103r\u0103ciei prin dezvoltarea \u0219i valorificarea competen\u021belor profesionale, a ini\u021biativei private \u0219i a spiritului antreprenorial; de asemenea, s\u0103 promoveze antreprenoriatul \u0219i spiritul antreprenorial prin educa\u021bie, ini\u021bierea \u0219i dezvoltarea afacerilor. Vizita\u021bi site-ul lor <a class=\"wixui-rich-text__text\" href=\"http:\/\/ceda.md\/en\/\" target=\"_blank\" rel=\"noopener\">www.ceda.md<\/a>\u00a0pentru a afla mai multe despre CEDA \u0219i proiectele sale.<\/div><\/div>\t\t\t\t\t\t\t\t<\/div>\n\t\t\t\t<\/div>\n\t\t\t\t<div class=\"elementor-element elementor-element-563bfbc1 sc_fly_static elementor-widget elementor-widget-spacer\" data-id=\"563bfbc1\" data-element_type=\"widget\" data-e-type=\"widget\" data-widget_type=\"spacer.default\">\n\t\t\t\t<div class=\"elementor-widget-container\">\n\t\t\t\t\t\t\t<div class=\"elementor-spacer\">\n\t\t\t<div class=\"elementor-spacer-inner\"><\/div>\n\t\t<\/div>\n\t\t\t\t\t\t<\/div>\n\t\t\t\t<\/div>\n\t\t\t\t\t<\/div>\n\t\t<\/div>\n\t\t\t\t\t<\/div>\n\t\t<\/section>\n\t\t\t\t<section class=\"elementor-section elementor-top-section elementor-element elementor-element-70648134 elementor-section-stretched elementor-section-boxed elementor-section-height-default elementor-section-height-default\" data-id=\"70648134\" data-element_type=\"section\" data-e-type=\"section\" data-settings=\"{&quot;background_background&quot;:&quot;classic&quot;,&quot;stretch_section&quot;:&quot;section-stretched&quot;}\">\n\t\t\t\t\t\t<div class=\"elementor-container elementor-column-gap-extended\">\n\t\t\t\t\t<div class=\"elementor-column elementor-col-100 elementor-top-column elementor-element elementor-element-3626a4ac sc_layouts_column_icons_position_left\" data-id=\"3626a4ac\" data-element_type=\"column\" data-e-type=\"column\">\n\t\t\t<div class=\"elementor-widget-wrap elementor-element-populated\">\n\t\t\t\t\t\t<div class=\"elementor-element elementor-element-3c96d0f5 sc_fly_static elementor-widget elementor-widget-spacer\" data-id=\"3c96d0f5\" data-element_type=\"widget\" data-e-type=\"widget\" data-widget_type=\"spacer.default\">\n\t\t\t\t<div class=\"elementor-widget-container\">\n\t\t\t\t\t\t\t<div class=\"elementor-spacer\">\n\t\t\t<div class=\"elementor-spacer-inner\"><\/div>\n\t\t<\/div>\n\t\t\t\t\t\t<\/div>\n\t\t\t\t<\/div>\n\t\t\t\t\t<\/div>\n\t\t<\/div>\n\t\t\t\t\t<\/div>\n\t\t<\/section>\n\t\t\t\t<section class=\"elementor-section elementor-top-section elementor-element elementor-element-15909c6c elementor-section-stretched scheme_modern_dark elementor-section-boxed elementor-section-height-default elementor-section-height-default\" data-id=\"15909c6c\" data-element_type=\"section\" data-e-type=\"section\" data-settings=\"{&quot;background_background&quot;:&quot;classic&quot;,&quot;stretch_section&quot;:&quot;section-stretched&quot;}\">\n\t\t\t\t\t\t<div class=\"elementor-container elementor-column-gap-extended\">\n\t\t\t\t\t<div class=\"elementor-column elementor-col-100 elementor-top-column elementor-element elementor-element-53fa2d8a sc_layouts_column_icons_position_left elementor-invisible\" data-id=\"53fa2d8a\" data-element_type=\"column\" data-e-type=\"column\" data-settings=\"{&quot;animation&quot;:&quot;fadeInLeft&quot;}\">\n\t\t\t<div class=\"elementor-widget-wrap elementor-element-populated\">\n\t\t\t\t\t\t<div class=\"elementor-element elementor-element-39744e1b scheme_dark sc_fly_static elementor-widget elementor-widget-heading\" data-id=\"39744e1b\" data-element_type=\"widget\" data-e-type=\"widget\" data-widget_type=\"heading.default\">\n\t\t\t\t<div class=\"elementor-widget-container\">\n\t\t\t\t\t<h2 class=\"elementor-heading-title elementor-size-default\">Descrierea proiectului:<\/h2>\t\t\t\t<\/div>\n\t\t\t\t<\/div>\n\t\t\t\t<div class=\"elementor-element elementor-element-7552cb26 sc_fly_static elementor-widget elementor-widget-spacer\" data-id=\"7552cb26\" data-element_type=\"widget\" data-e-type=\"widget\" data-widget_type=\"spacer.default\">\n\t\t\t\t<div class=\"elementor-widget-container\">\n\t\t\t\t\t\t\t<div class=\"elementor-spacer\">\n\t\t\t<div class=\"elementor-spacer-inner\"><\/div>\n\t\t<\/div>\n\t\t\t\t\t\t<\/div>\n\t\t\t\t<\/div>\n\t\t\t\t<div class=\"elementor-element elementor-element-38337f10 sc_fly_static elementor-widget elementor-widget-text-editor\" data-id=\"38337f10\" data-element_type=\"widget\" data-e-type=\"widget\" data-widget_type=\"text-editor.default\">\n\t\t\t\t<div class=\"elementor-widget-container\">\n\t\t\t\t\t\t\t\t\t<p class=\"font_7 wixui-rich-text__text\"><span class=\"wixui-rich-text__text\">Pia\u021ba for\u021bei de munc\u0103 din Moldova se confrunt\u0103 cu neconcordan\u021be \u00eentre competen\u021be \u0219i cu relevan\u021ba sc\u0103zut\u0103 a competen\u021belor ob\u021binute dup\u0103 absolvire. Aceast\u0103 problem\u0103 este \u0219i mai acut\u0103 pentru tinerii \u0219i adul\u021bii care absolv\u0103 programe oferite de institu\u021biile de educa\u021bie \u0219i formare profesional\u0103 (VET). Ponderea tinerilor care nu se afl\u0103 \u00een educa\u021bie, ocupare sau formare profesional\u0103 (rata NEET) este mai mare \u00een r\u00e2ndul absolven\u021bilor VET (42%, comparativ cu rata NEET general\u0103 de 27% \u00een r\u00e2ndul tinerilor cu v\u00e2rsta cuprins\u0103 \u00eentre 15 \u0219i 29 de ani).<\/span><\/p><p class=\"font_7 wixui-rich-text__text\"><span class=\"wixui-rich-text__text\">Sistemul moldovenesc de educa\u021bie \u0219i formare profesional\u0103 nu reu\u0219e\u0219te s\u0103 ofere cursan\u021bilor competen\u021be relevante din cauza unei serii de probleme cu care se confrunt\u0103, cum ar fi: (a) capacitate \u0219i expertiz\u0103 insuficiente pentru a se angaja \u00een mod eficient cu companiile \u0219i clien\u021bii din sectorul privat; (b) capacitate sc\u0103zut\u0103 de a dezvolta \u0219i implementa programe de FPC orientate spre cerere pentru companiile private sau al\u021bi clien\u021bi care caut\u0103 programe de perfec\u021bionare sau recalificare; (c) relevan\u021ba sc\u0103zut\u0103 a atelierelor de produc\u021bie \u0219i a activit\u0103\u021bilor antreprenoriale din cadrul \u0219colii; (d) capacitate managerial\u0103 \u0219i tehnic\u0103 insuficient\u0103 pentru a fi responsabil \u0219i centrat pe elev.<\/span><\/p><p class=\"font_7 wixui-rich-text__text\"><span class=\"wixui-rich-text__text\">Proiectul CREATIVO este implementat de Centrul pentru Educa\u021bie Antreprenorial\u0103 \u0219i Suport \u00een Afaceri (CEDA). Pentru a oferi servicii VET calitative (ini\u021biale \u0219i continue) care s\u0103 ofere competen\u021be solicitate pe pia\u021ba muncii, institu\u021biile VET ar trebui s\u0103 integreze abord\u0103ri orientate c\u0103tre cerere. Cel pu\u021bin 10 institu\u021bii vor fi selectate pentru a participa la acest proiect. \u00cen etapa de depunere a candidaturii, institu\u021biile vor alege una dintre cele dou\u0103 c\u0103i: dezvoltarea de cursuri orientate spre pia\u021b\u0103, inclusive sau dezvoltarea de bunuri\/servicii proiectate universal. Proiectul intervine la nivel politic, institu\u021bional \u0219i la nivelul beneficiarilor \u0219i va contribui la consolidarea cooper\u0103rii dintre sectorul privat \u0219i institu\u021biile VET.<\/span><\/p>\t\t\t\t\t\t\t\t<\/div>\n\t\t\t\t<\/div>\n\t\t\t\t\t<\/div>\n\t\t<\/div>\n\t\t\t\t\t<\/div>\n\t\t<\/section>\n\t\t\t\t<section class=\"elementor-section elementor-top-section elementor-element elementor-element-30bc5c67 elementor-section-stretched elementor-section-boxed elementor-section-height-default elementor-section-height-default\" data-id=\"30bc5c67\" data-element_type=\"section\" data-e-type=\"section\" data-settings=\"{&quot;background_background&quot;:&quot;classic&quot;,&quot;stretch_section&quot;:&quot;section-stretched&quot;}\">\n\t\t\t\t\t\t<div class=\"elementor-container elementor-column-gap-extended\">\n\t\t\t\t\t<div class=\"elementor-column elementor-col-100 elementor-top-column elementor-element elementor-element-11786b4f sc_layouts_column_icons_position_left\" data-id=\"11786b4f\" data-element_type=\"column\" data-e-type=\"column\">\n\t\t\t<div class=\"elementor-widget-wrap elementor-element-populated\">\n\t\t\t\t\t\t<div class=\"elementor-element elementor-element-35fb9604 sc_fly_static elementor-widget elementor-widget-spacer\" data-id=\"35fb9604\" data-element_type=\"widget\" data-e-type=\"widget\" data-widget_type=\"spacer.default\">\n\t\t\t\t<div class=\"elementor-widget-container\">\n\t\t\t\t\t\t\t<div class=\"elementor-spacer\">\n\t\t\t<div class=\"elementor-spacer-inner\"><\/div>\n\t\t<\/div>\n\t\t\t\t\t\t<\/div>\n\t\t\t\t<\/div>\n\t\t\t\t\t<\/div>\n\t\t<\/div>\n\t\t\t\t\t<\/div>\n\t\t<\/section>\n\t\t\t\t<section class=\"elementor-section elementor-top-section elementor-element elementor-element-5482f2f2 scheme_modern_dark elementor-section-stretched elementor-section-boxed elementor-section-height-default elementor-section-height-default\" data-id=\"5482f2f2\" data-element_type=\"section\" data-e-type=\"section\" data-settings=\"{&quot;background_background&quot;:&quot;classic&quot;,&quot;stretch_section&quot;:&quot;section-stretched&quot;}\">\n\t\t\t\t\t\t\t<div class=\"elementor-background-overlay\"><\/div>\n\t\t\t\t\t\t\t<div class=\"elementor-container elementor-column-gap-extended\">\n\t\t\t\t\t<div class=\"elementor-column elementor-col-100 elementor-top-column elementor-element elementor-element-2192b33e sc_layouts_column_icons_position_left\" data-id=\"2192b33e\" data-element_type=\"column\" data-e-type=\"column\">\n\t\t\t<div class=\"elementor-widget-wrap elementor-element-populated\">\n\t\t\t\t\t\t<div class=\"elementor-element elementor-element-5ecfe1df sc_fly_static elementor-widget elementor-widget-spacer\" data-id=\"5ecfe1df\" data-element_type=\"widget\" data-e-type=\"widget\" data-widget_type=\"spacer.default\">\n\t\t\t\t<div class=\"elementor-widget-container\">\n\t\t\t\t\t\t\t<div class=\"elementor-spacer\">\n\t\t\t<div class=\"elementor-spacer-inner\"><\/div>\n\t\t<\/div>\n\t\t\t\t\t\t<\/div>\n\t\t\t\t<\/div>\n\t\t\t\t<div class=\"elementor-element elementor-element-759c3c71 sc_fly_static elementor-widget elementor-widget-heading\" data-id=\"759c3c71\" data-element_type=\"widget\" data-e-type=\"widget\" data-widget_type=\"heading.default\">\n\t\t\t\t<div class=\"elementor-widget-container\">\n\t\t\t\t\t<h2 class=\"elementor-heading-title elementor-size-default\">Obiectivele proiectului:<\/h2>\t\t\t\t<\/div>\n\t\t\t\t<\/div>\n\t\t\t\t<div class=\"elementor-element elementor-element-53d970b1 sc_fly_static elementor-widget elementor-widget-text-editor\" data-id=\"53d970b1\" data-element_type=\"widget\" data-e-type=\"widget\" data-widget_type=\"text-editor.default\">\n\t\t\t\t<div class=\"elementor-widget-container\">\n\t\t\t\t\t\t\t\t\t<p class=\"font_8 wixui-rich-text__text\"><span class=\"color_11 wixui-rich-text__text\"><span class=\"wixui-rich-text__text\"><strong>Impact:<\/strong>\u00a0Tinerii \u0219i adul\u021bii \u00ee\u0219i \u00eembun\u0103t\u0103\u021besc capacitatea de inser\u021bie profesional\u0103 datorit\u0103 educa\u021biei \u0219i form\u0103rii profesionale relevante<\/span><\/span><\/p><p class=\"font_8 wixui-rich-text__text\"><strong><span class=\"wixui-rich-text__text\"><span class=\"color_11 wixui-rich-text__text\">Rezultatul 1:<\/span><\/span><\/strong><span class=\"wixui-rich-text__text\"><span class=\"color_11 wixui-rich-text__text\">\u00a0Institu\u021biile VET partenere ofer\u0103 \u00een mod eficient cursuri orientate c\u0103tre cerere, \u00een parteneriat cu \u0219i pentru companiile private.<\/span><\/span><\/p><p class=\"font_8 wixui-rich-text__text\"><span class=\"color_11 wixui-rich-text__text\"><span class=\"wixui-rich-text__text\"><strong>Rezultatul 2:<\/strong>\u00a0Institu\u021biile VET partenere \u00ee\u0219i \u00eembun\u0103t\u0103\u021besc activit\u0103\u021bile economice\/ antreprenoriale din \u0219coli, astfel \u00eenc\u00e2t cursan\u021bii s\u0103 dob\u00e2ndeasc\u0103 competen\u021be relevante, iar institu\u021biile s\u0103 genereze venituri mai mari.<\/span><\/span><\/p><p class=\"font_7 wixui-rich-text__text\"><strong><span class=\"wixui-rich-text__text\">Rezultate a\u0219teptate:<\/span><\/strong><\/p><p class=\"font_7 wixui-rich-text__text\"><span class=\"color_11 wixui-rich-text__text\"><span class=\"wixui-rich-text__text\"><strong>Ie\u0219irea 1:<\/strong>\u00a0Se stabilesc parteneriate \u00eentre institu\u021biile VET \u0219i companiile din sectorul privat pentru conceperea \u0219i furnizarea de cursuri de formare profesional\u0103 continu\u0103 (CVET).\u00a0<\/span><\/span><\/p><p class=\"font_7 wixui-rich-text__text\"><span class=\"color_11 wixui-rich-text__text\"><span class=\"wixui-rich-text__text\"><strong>Ie\u0219irea 2:<\/strong>\u00a0Cursurile de formare bazate pe cerere (formale \u0219i non-formale) sunt concepute \u0219i pilotate de c\u0103tre institu\u021biile VET.<\/span><\/span><\/p><p class=\"font_7 wixui-rich-text__text\"><span class=\"color_11 wixui-rich-text__text\"><span class=\"wixui-rich-text__text\"><strong>Ie\u0219irea 3:<\/strong>\u00a0The capacity of partner Centres of Excellence is strengthened for scaling up of the piloted courses\/new approach.<\/span><\/span><\/p><p class=\"font_7 wixui-rich-text__text\"><span class=\"color_11 wixui-rich-text__text\"><span class=\"wixui-rich-text__text\"><strong>Ie\u0219irea 4:<\/strong>\u00a0Institu\u021biile VET partenere dezvolt\u0103 noi rela\u021bii cu clien\u021bii pentru a furniza produse \u0219i\/sau servicii orientate c\u0103tre cerere.<\/span><\/span><\/p><p class=\"font_7 wixui-rich-text__text\"><span class=\"color_11 wixui-rich-text__text\"><span class=\"wixui-rich-text__text\"><strong>Ie\u0219irea 5:<\/strong>\u00a0Institu\u021biile VET partenere piloteaz\u0103 noi linii de produc\u021bie \u0219i servicii orientate c\u0103tre cerere \u0219i\/sau extind liniile de produc\u021bie \u0219i servicii existente.<\/span><\/span><\/p><p class=\"font_7 wixui-rich-text__text\"><span class=\"color_11 wixui-rich-text__text\"><span class=\"wixui-rich-text__text\"><strong>Ie\u0219irea 6:\u00a0<\/strong>Capacitatea de gestionare a institu\u021biilor VET partenere este consolidat\u0103.<\/span><\/span><\/p><p class=\"font_7 wixui-rich-text__text\"><span class=\"color_11 wixui-rich-text__text\"><span class=\"wixui-rich-text__text\"><strong>Ie\u0219irea 7:\u00a0<\/strong>Responsabilitatea \u0219i incluziunea \u00een institu\u021biile VET partenere sunt \u00eembun\u0103t\u0103\u021bite.<\/span><\/span><\/p><p class=\"font_7 wixui-rich-text__text\"><strong><span class=\"wixui-rich-text__text\">Beneficiari:<\/span><\/strong><\/p><p class=\"font_7 wixui-rich-text__text\"><span class=\"wixui-rich-text__text\">Studen\u021bi VET implica\u021bi \u00een activit\u0103\u021bi antreprenoriale, tineri \u0219i adul\u021bi afla\u021bi \u00een c\u0103utarea unui loc de munc\u0103, absolven\u021bi VET sau participan\u021bi deja angaja\u021bi care doresc s\u0103 \u00ee\u0219i \u00eembun\u0103t\u0103\u021beasc\u0103 competen\u021bele.<\/span><\/p>\t\t\t\t\t\t\t\t<\/div>\n\t\t\t\t<\/div>\n\t\t\t\t<div class=\"elementor-element elementor-element-9e08234 sc_fly_static elementor-widget elementor-widget-spacer\" data-id=\"9e08234\" data-element_type=\"widget\" data-e-type=\"widget\" data-widget_type=\"spacer.default\">\n\t\t\t\t<div class=\"elementor-widget-container\">\n\t\t\t\t\t\t\t<div class=\"elementor-spacer\">\n\t\t\t<div class=\"elementor-spacer-inner\"><\/div>\n\t\t<\/div>\n\t\t\t\t\t\t<\/div>\n\t\t\t\t<\/div>\n\t\t\t\t\t<\/div>\n\t\t<\/div>\n\t\t\t\t\t<\/div>\n\t\t<\/section>\n\t\t\t\t<\/div>","protected":false},"excerpt":{"rendered":"<p>CREATIVO \u2013 Creating Values for Others: VET institutions provide relevant vocational skills Status Completed Duration 01.12.2020 &#8211; 30.11.2023 Cooperation partners Ministry of Education, Culture and Research; 10 Vocational Education and Training institutions; private&hellip;<\/p>","protected":false},"author":1,"featured_media":0,"parent":0,"menu_order":0,"comment_status":"closed","ping_status":"closed","template":"","meta":{"footnotes":""},"class_list":["post-8556","page","type-page","status-publish","hentry"],"_links":{"self":[{"href":"https:\/\/led.md\/ro\/wp-json\/wp\/v2\/pages\/8556","targetHints":{"allow":["GET"]}}],"collection":[{"href":"https:\/\/led.md\/ro\/wp-json\/wp\/v2\/pages"}],"about":[{"href":"https:\/\/led.md\/ro\/wp-json\/wp\/v2\/types\/page"}],"author":[{"embeddable":true,"href":"https:\/\/led.md\/ro\/wp-json\/wp\/v2\/users\/1"}],"replies":[{"embeddable":true,"href":"https:\/\/led.md\/ro\/wp-json\/wp\/v2\/comments?post=8556"}],"version-history":[{"count":0,"href":"https:\/\/led.md\/ro\/wp-json\/wp\/v2\/pages\/8556\/revisions"}],"wp:attachment":[{"href":"https:\/\/led.md\/ro\/wp-json\/wp\/v2\/media?parent=8556"}],"curies":[{"name":"wp","href":"https:\/\/api.w.org\/{rel}","templated":true}]}}