{"id":8542,"date":"2023-05-25T14:34:30","date_gmt":"2023-05-25T14:34:30","guid":{"rendered":"https:\/\/led.pride.md\/?page_id=8542"},"modified":"2024-09-05T08:24:37","modified_gmt":"2024-09-05T08:24:37","slug":"girlsgoit","status":"publish","type":"page","link":"https:\/\/led.md\/ro\/girlsgoit\/","title":{"rendered":"GirlsGoIT Completed"},"content":{"rendered":"<div data-elementor-type=\"wp-page\" data-elementor-id=\"8542\" class=\"elementor elementor-8542\">\n\t\t\t\t\t\t<section class=\"elementor-section elementor-top-section elementor-element elementor-element-453186da elementor-section-stretched elementor-section-boxed elementor-section-height-default elementor-section-height-default\" data-id=\"453186da\" data-element_type=\"section\" data-e-type=\"section\" data-settings=\"{&quot;background_background&quot;:&quot;classic&quot;,&quot;stretch_section&quot;:&quot;section-stretched&quot;}\">\n\t\t\t\t\t\t<div class=\"elementor-container elementor-column-gap-extended\">\n\t\t\t\t\t<div class=\"elementor-column elementor-col-100 elementor-top-column elementor-element elementor-element-1e994559 sc_layouts_column_icons_position_left\" data-id=\"1e994559\" data-element_type=\"column\" data-e-type=\"column\">\n\t\t\t<div class=\"elementor-widget-wrap elementor-element-populated\">\n\t\t\t\t\t\t<section class=\"elementor-section elementor-inner-section elementor-element elementor-element-1f05c178 elementor-section-boxed elementor-section-height-default elementor-section-height-default\" data-id=\"1f05c178\" data-element_type=\"section\" data-e-type=\"section\">\n\t\t\t\t\t\t<div class=\"elementor-container elementor-column-gap-extended\">\n\t\t\t\t\t<div class=\"elementor-column elementor-col-100 elementor-inner-column elementor-element elementor-element-1e03e331 sc_layouts_column_icons_position_left\" data-id=\"1e03e331\" data-element_type=\"column\" data-e-type=\"column\">\n\t\t\t<div class=\"elementor-widget-wrap elementor-element-populated\">\n\t\t\t\t\t\t<div class=\"elementor-element elementor-element-3a83b059 sc_fly_static elementor-widget elementor-widget-spacer\" data-id=\"3a83b059\" data-element_type=\"widget\" data-e-type=\"widget\" data-widget_type=\"spacer.default\">\n\t\t\t\t<div class=\"elementor-widget-container\">\n\t\t\t\t\t\t\t<div class=\"elementor-spacer\">\n\t\t\t<div class=\"elementor-spacer-inner\"><\/div>\n\t\t<\/div>\n\t\t\t\t\t\t<\/div>\n\t\t\t\t<\/div>\n\t\t\t\t\t<\/div>\n\t\t<\/div>\n\t\t\t\t\t<\/div>\n\t\t<\/section>\n\t\t\t\t<section class=\"elementor-section elementor-inner-section elementor-element elementor-element-3bc17d73 elementor-section-boxed elementor-section-height-default elementor-section-height-default\" data-id=\"3bc17d73\" data-element_type=\"section\" data-e-type=\"section\">\n\t\t\t\t\t\t<div class=\"elementor-container elementor-column-gap-no\">\n\t\t\t\t\t<div class=\"elementor-column elementor-col-50 elementor-inner-column elementor-element elementor-element-2abc5f72 sc_layouts_column_icons_position_left elementor-invisible\" data-id=\"2abc5f72\" data-element_type=\"column\" data-e-type=\"column\" data-settings=\"{&quot;animation&quot;:&quot;fadeInRight&quot;}\">\n\t\t\t<div class=\"elementor-widget-wrap elementor-element-populated\">\n\t\t\t\t\t\t<div class=\"elementor-element elementor-element-3723ebe2 sc_fly_static elementor-widget elementor-widget-trx_sc_title\" data-id=\"3723ebe2\" data-element_type=\"widget\" data-e-type=\"widget\" data-widget_type=\"trx_sc_title.default\">\n\t\t\t\t<div class=\"elementor-widget-container\">\n\t\t\t\t\t<div id=\"trx_sc_title_1133360360\"\n\t\tclass=\"sc_title sc_title_default\"><h2 class=\"sc_item_title sc_title_title sc_item_title_style_default\"><span class=\"sc_item_title_text\">GirlsGoIT<\/span><\/h2><div class=\"sc_item_descr sc_title_descr\"><table style=\"display: flex; justify-content: space-around;\">\n<tr>\n<td>Statut<\/td>\n<td>Finalizat<\/td>\n<\/tr>\n<tr>\n<td>Durat\u0103<\/td>\n<td>01.01.2021 \u2013 31.12.2023<\/td>\n<\/tr>\n<tr>\n<td>Parteneri de cooperare<\/td>\n<td>Ministry of Education, Culture and Research, Crunchyroll, GoParrot<\/td>\n<\/tr>\n<tr>\n<td>Buget<\/td>\n<td>397\u2019092 \u20ac<\/td>\n<\/tr>\n<\/table>\n<\/div><\/div><!-- \/.sc_title -->\t\t\t\t<\/div>\n\t\t\t\t<\/div>\n\t\t\t\t\t<\/div>\n\t\t<\/div>\n\t\t\t\t<div class=\"elementor-column elementor-col-50 elementor-inner-column elementor-element elementor-element-3470e6b7 sc_layouts_column_icons_position_left elementor-invisible\" data-id=\"3470e6b7\" data-element_type=\"column\" data-e-type=\"column\" data-settings=\"{&quot;animation&quot;:&quot;fadeInLeft&quot;}\">\n\t\t\t<div class=\"elementor-widget-wrap elementor-element-populated\">\n\t\t\t\t\t\t<div class=\"elementor-element elementor-element-2b94aaba sc_fly_static elementor-widget elementor-widget-spacer\" data-id=\"2b94aaba\" data-element_type=\"widget\" data-e-type=\"widget\" data-widget_type=\"spacer.default\">\n\t\t\t\t<div class=\"elementor-widget-container\">\n\t\t\t\t\t\t\t<div class=\"elementor-spacer\">\n\t\t\t<div class=\"elementor-spacer-inner\"><\/div>\n\t\t<\/div>\n\t\t\t\t\t\t<\/div>\n\t\t\t\t<\/div>\n\t\t\t\t\t<\/div>\n\t\t<\/div>\n\t\t\t\t\t<\/div>\n\t\t<\/section>\n\t\t\t\t<section class=\"elementor-section elementor-inner-section elementor-element elementor-element-2d17a1aa elementor-section-boxed elementor-section-height-default elementor-section-height-default\" data-id=\"2d17a1aa\" data-element_type=\"section\" data-e-type=\"section\">\n\t\t\t\t\t\t<div class=\"elementor-container elementor-column-gap-extended\">\n\t\t\t\t\t<div class=\"elementor-column elementor-col-100 elementor-inner-column elementor-element elementor-element-348d4822 sc_layouts_column_icons_position_left\" data-id=\"348d4822\" data-element_type=\"column\" data-e-type=\"column\">\n\t\t\t<div class=\"elementor-widget-wrap elementor-element-populated\">\n\t\t\t\t\t\t<div class=\"elementor-element elementor-element-23fef998 sc_fly_static elementor-widget elementor-widget-spacer\" data-id=\"23fef998\" data-element_type=\"widget\" data-e-type=\"widget\" data-widget_type=\"spacer.default\">\n\t\t\t\t<div class=\"elementor-widget-container\">\n\t\t\t\t\t\t\t<div class=\"elementor-spacer\">\n\t\t\t<div class=\"elementor-spacer-inner\"><\/div>\n\t\t<\/div>\n\t\t\t\t\t\t<\/div>\n\t\t\t\t<\/div>\n\t\t\t\t\t<\/div>\n\t\t<\/div>\n\t\t\t\t\t<\/div>\n\t\t<\/section>\n\t\t\t\t\t<\/div>\n\t\t<\/div>\n\t\t\t\t\t<\/div>\n\t\t<\/section>\n\t\t\t\t<section class=\"elementor-section elementor-top-section elementor-element elementor-element-7e89bdb6 scheme_modern_dark elementor-section-stretched elementor-section-boxed elementor-section-height-default elementor-section-height-default\" data-id=\"7e89bdb6\" data-element_type=\"section\" data-e-type=\"section\" data-settings=\"{&quot;background_background&quot;:&quot;classic&quot;,&quot;stretch_section&quot;:&quot;section-stretched&quot;}\">\n\t\t\t\t\t\t\t<div class=\"elementor-background-overlay\"><\/div>\n\t\t\t\t\t\t\t<div class=\"elementor-container elementor-column-gap-extended\">\n\t\t\t\t\t<div class=\"elementor-column elementor-col-100 elementor-top-column elementor-element elementor-element-70902cd5 sc_layouts_column_icons_position_left\" data-id=\"70902cd5\" data-element_type=\"column\" data-e-type=\"column\">\n\t\t\t<div class=\"elementor-widget-wrap elementor-element-populated\">\n\t\t\t\t\t\t<div class=\"elementor-element elementor-element-23fb0cf5 sc_fly_static elementor-widget elementor-widget-spacer\" data-id=\"23fb0cf5\" data-element_type=\"widget\" data-e-type=\"widget\" data-widget_type=\"spacer.default\">\n\t\t\t\t<div class=\"elementor-widget-container\">\n\t\t\t\t\t\t\t<div class=\"elementor-spacer\">\n\t\t\t<div class=\"elementor-spacer-inner\"><\/div>\n\t\t<\/div>\n\t\t\t\t\t\t<\/div>\n\t\t\t\t<\/div>\n\t\t\t\t<div class=\"elementor-element elementor-element-25a33349 sc_fly_static elementor-widget elementor-widget-heading\" data-id=\"25a33349\" data-element_type=\"widget\" data-e-type=\"widget\" data-widget_type=\"heading.default\">\n\t\t\t\t<div class=\"elementor-widget-container\">\n\t\t\t\t\t<h2 class=\"elementor-heading-title elementor-size-default\">Descrierea proiectului:<\/h2>\t\t\t\t<\/div>\n\t\t\t\t<\/div>\n\t\t\t\t<div class=\"elementor-element elementor-element-d37d9b2 sc_fly_static elementor-widget elementor-widget-text-editor\" data-id=\"d37d9b2\" data-element_type=\"widget\" data-e-type=\"widget\" data-widget_type=\"text-editor.default\">\n\t\t\t\t<div class=\"elementor-widget-container\">\n\t\t\t\t\t\t\t\t\t<div id=\"bgLayers_comp-lglyq81i\" class=\"MW5IWV\" data-hook=\"bgLayers\"><div id=\"bgMedia_comp-lglyq81i\" class=\"VgO9Yg\">Proiectul GirlsGoIT este implementat de Asocia\u021bia pentru Dezvoltarea Tehnologiei Informa\u021biei EDUCAT (numele de marc\u0103 TEKEDU), care \u00ee\u0219i propune s\u0103 creasc\u0103 implicarea tinerilor \u00een domeniul tehnologiei (\u00een special a fetelor care tr\u0103iesc \u00een condi\u021bii precare) prin cursuri de formare \u0219i stagii de practic\u0103 \u00een domeniul tehnologiei, astfel \u00eenc\u00e2t op\u021biunea unei cariere \u00een IT s\u0103 devin\u0103 realist\u0103 pentru ei \u0219i s\u0103 aib\u0103 acces la locuri de munc\u0103 mai bine pl\u0103tite. Vizita\u021bi site-ul web al asocia\u021biei <a class=\"wixui-rich-text__text\" href=\"http:\/\/www.https\/\" target=\"_blank\" rel=\"noopener\" data-auto-recognition=\"true\">www.https<\/a>:\/\/<a class=\"wixui-rich-text__text\" href=\"http:\/\/www.girlsgoit.org\/\" target=\"_blank\" rel=\"noopener\" data-auto-recognition=\"true\">www.girlsgoit.org<\/a>\u00a0to find more about their initiatives and projects.<\/div><\/div>\t\t\t\t\t\t\t\t<\/div>\n\t\t\t\t<\/div>\n\t\t\t\t<div class=\"elementor-element elementor-element-3a85e776 sc_fly_static elementor-widget elementor-widget-spacer\" data-id=\"3a85e776\" data-element_type=\"widget\" data-e-type=\"widget\" data-widget_type=\"spacer.default\">\n\t\t\t\t<div class=\"elementor-widget-container\">\n\t\t\t\t\t\t\t<div class=\"elementor-spacer\">\n\t\t\t<div class=\"elementor-spacer-inner\"><\/div>\n\t\t<\/div>\n\t\t\t\t\t\t<\/div>\n\t\t\t\t<\/div>\n\t\t\t\t\t<\/div>\n\t\t<\/div>\n\t\t\t\t\t<\/div>\n\t\t<\/section>\n\t\t\t\t<section class=\"elementor-section elementor-top-section elementor-element elementor-element-45fcd158 elementor-section-stretched elementor-section-boxed elementor-section-height-default elementor-section-height-default\" data-id=\"45fcd158\" data-element_type=\"section\" data-e-type=\"section\" data-settings=\"{&quot;background_background&quot;:&quot;classic&quot;,&quot;stretch_section&quot;:&quot;section-stretched&quot;}\">\n\t\t\t\t\t\t<div class=\"elementor-container elementor-column-gap-extended\">\n\t\t\t\t\t<div class=\"elementor-column elementor-col-100 elementor-top-column elementor-element elementor-element-684c9995 sc_layouts_column_icons_position_left\" data-id=\"684c9995\" data-element_type=\"column\" data-e-type=\"column\">\n\t\t\t<div class=\"elementor-widget-wrap elementor-element-populated\">\n\t\t\t\t\t\t<div class=\"elementor-element elementor-element-5b36c1ef sc_fly_static elementor-widget elementor-widget-spacer\" data-id=\"5b36c1ef\" data-element_type=\"widget\" data-e-type=\"widget\" data-widget_type=\"spacer.default\">\n\t\t\t\t<div class=\"elementor-widget-container\">\n\t\t\t\t\t\t\t<div class=\"elementor-spacer\">\n\t\t\t<div class=\"elementor-spacer-inner\"><\/div>\n\t\t<\/div>\n\t\t\t\t\t\t<\/div>\n\t\t\t\t<\/div>\n\t\t\t\t\t<\/div>\n\t\t<\/div>\n\t\t\t\t\t<\/div>\n\t\t<\/section>\n\t\t\t\t<section class=\"elementor-section elementor-top-section elementor-element elementor-element-58dc9dc elementor-section-stretched scheme_modern_dark elementor-section-boxed elementor-section-height-default elementor-section-height-default\" data-id=\"58dc9dc\" data-element_type=\"section\" data-e-type=\"section\" data-settings=\"{&quot;background_background&quot;:&quot;classic&quot;,&quot;stretch_section&quot;:&quot;section-stretched&quot;}\">\n\t\t\t\t\t\t<div class=\"elementor-container elementor-column-gap-extended\">\n\t\t\t\t\t<div class=\"elementor-column elementor-col-100 elementor-top-column elementor-element elementor-element-477b2f6e sc_layouts_column_icons_position_left elementor-invisible\" data-id=\"477b2f6e\" data-element_type=\"column\" data-e-type=\"column\" data-settings=\"{&quot;animation&quot;:&quot;fadeInLeft&quot;}\">\n\t\t\t<div class=\"elementor-widget-wrap elementor-element-populated\">\n\t\t\t\t\t\t<div class=\"elementor-element elementor-element-56fc389b scheme_dark sc_fly_static elementor-widget elementor-widget-heading\" data-id=\"56fc389b\" data-element_type=\"widget\" data-e-type=\"widget\" data-widget_type=\"heading.default\">\n\t\t\t\t<div class=\"elementor-widget-container\">\n\t\t\t\t\t<h2 class=\"elementor-heading-title elementor-size-default\">Rezumatul proiectului:<\/h2>\t\t\t\t<\/div>\n\t\t\t\t<\/div>\n\t\t\t\t<div class=\"elementor-element elementor-element-24cd4acd sc_fly_static elementor-widget elementor-widget-spacer\" data-id=\"24cd4acd\" data-element_type=\"widget\" data-e-type=\"widget\" data-widget_type=\"spacer.default\">\n\t\t\t\t<div class=\"elementor-widget-container\">\n\t\t\t\t\t\t\t<div class=\"elementor-spacer\">\n\t\t\t<div class=\"elementor-spacer-inner\"><\/div>\n\t\t<\/div>\n\t\t\t\t\t\t<\/div>\n\t\t\t\t<\/div>\n\t\t\t\t<div class=\"elementor-element elementor-element-2e5988ae sc_fly_static elementor-widget elementor-widget-text-editor\" data-id=\"2e5988ae\" data-element_type=\"widget\" data-e-type=\"widget\" data-widget_type=\"text-editor.default\">\n\t\t\t\t<div class=\"elementor-widget-container\">\n\t\t\t\t\t\t\t\t\t<p class=\"font_8 wixui-rich-text__text\"><span class=\"wixui-rich-text__text\"><span class=\"color_11 wixui-rich-text__text\">\u00cen sectorul tehnologiei informa\u021biei \u0219i comunica\u021biilor (TIC), femeile reprezint\u0103 31% din totalul angaja\u021bilor. Aceast\u0103 subreprezentare a femeilor este cauzat\u0103, printre altele, de nivelul sc\u0103zut de participare a fetelor la educa\u021bia \u00een domeniul TIC. Doar 1 % dintre fetele de 15 ani din Moldova se a\u0219teapt\u0103 s\u0103 lucreze \u00een profesii legate de TIC (\u00een compara\u021bie cu 12 % dintre b\u0103ie\u021bii de aceea\u0219i v\u00e2rst\u0103) \u0219i doar 4 % dintre fete (8,9 % dintre b\u0103ie\u021bi) se a\u0219teapt\u0103 s\u0103 lucreze ca profesioni\u0219ti \u00een domeniul \u0219tiin\u021bei \u0219i ingineriei (PISA, 2018).<\/span><\/span><\/p><p class=\"font_8 wixui-rich-text__text\"><span class=\"wixui-rich-text__text\"><span class=\"color_11 wixui-rich-text__text\">GirlsGoIT \u00ee\u0219i propune s\u0103 abordeze problema particip\u0103rii sc\u0103zute a fetelor \u0219i femeilor la educa\u021bia \u00een domeniul TIC. Aceast\u0103 problem\u0103 este cauzat\u0103, printre altele, de: (a) concep\u021biile gre\u0219ite de gen cu privire la competen\u021bele fetelor \u0219i femeilor \u00een domeniul TIC, (b) nivelul sc\u0103zut de expunere \u0219i de con\u0219tientizare a oportunit\u0103\u021bilor existente \u00een domeniul TIC, \u00een special \u00een zonele rurale, \u0219i (c) \u00eencrederea sc\u0103zut\u0103 a fetelor \u00een capacit\u0103\u021bile \u0219i aptitudinile lor. GirlsGoIT ofer\u0103 oportunit\u0103\u021bi de educa\u021bie digital\u0103 non-formal\u0103 pentru fetele cu v\u00e2rste cuprinse \u00eentre 14 \u0219i 20 de ani din Moldova.<\/span><\/span><\/p>\t\t\t\t\t\t\t\t<\/div>\n\t\t\t\t<\/div>\n\t\t\t\t\t<\/div>\n\t\t<\/div>\n\t\t\t\t\t<\/div>\n\t\t<\/section>\n\t\t\t\t<section class=\"elementor-section elementor-top-section elementor-element elementor-element-1d6112a1 elementor-section-stretched elementor-section-boxed elementor-section-height-default elementor-section-height-default\" data-id=\"1d6112a1\" data-element_type=\"section\" data-e-type=\"section\" data-settings=\"{&quot;background_background&quot;:&quot;classic&quot;,&quot;stretch_section&quot;:&quot;section-stretched&quot;}\">\n\t\t\t\t\t\t<div class=\"elementor-container elementor-column-gap-extended\">\n\t\t\t\t\t<div class=\"elementor-column elementor-col-100 elementor-top-column elementor-element elementor-element-44425873 sc_layouts_column_icons_position_left\" data-id=\"44425873\" data-element_type=\"column\" data-e-type=\"column\">\n\t\t\t<div class=\"elementor-widget-wrap elementor-element-populated\">\n\t\t\t\t\t\t<div class=\"elementor-element elementor-element-7d04db40 sc_fly_static elementor-widget elementor-widget-spacer\" data-id=\"7d04db40\" data-element_type=\"widget\" data-e-type=\"widget\" data-widget_type=\"spacer.default\">\n\t\t\t\t<div class=\"elementor-widget-container\">\n\t\t\t\t\t\t\t<div class=\"elementor-spacer\">\n\t\t\t<div class=\"elementor-spacer-inner\"><\/div>\n\t\t<\/div>\n\t\t\t\t\t\t<\/div>\n\t\t\t\t<\/div>\n\t\t\t\t\t<\/div>\n\t\t<\/div>\n\t\t\t\t\t<\/div>\n\t\t<\/section>\n\t\t\t\t<section class=\"elementor-section elementor-top-section elementor-element elementor-element-44ccc04b scheme_modern_dark elementor-section-stretched elementor-section-boxed elementor-section-height-default elementor-section-height-default\" data-id=\"44ccc04b\" data-element_type=\"section\" data-e-type=\"section\" data-settings=\"{&quot;background_background&quot;:&quot;classic&quot;,&quot;stretch_section&quot;:&quot;section-stretched&quot;}\">\n\t\t\t\t\t\t\t<div class=\"elementor-background-overlay\"><\/div>\n\t\t\t\t\t\t\t<div class=\"elementor-container elementor-column-gap-extended\">\n\t\t\t\t\t<div class=\"elementor-column elementor-col-100 elementor-top-column elementor-element elementor-element-50e6144 sc_layouts_column_icons_position_left\" data-id=\"50e6144\" data-element_type=\"column\" data-e-type=\"column\">\n\t\t\t<div class=\"elementor-widget-wrap elementor-element-populated\">\n\t\t\t\t\t\t<div class=\"elementor-element elementor-element-63dcacd3 sc_fly_static elementor-widget elementor-widget-spacer\" data-id=\"63dcacd3\" data-element_type=\"widget\" data-e-type=\"widget\" data-widget_type=\"spacer.default\">\n\t\t\t\t<div class=\"elementor-widget-container\">\n\t\t\t\t\t\t\t<div class=\"elementor-spacer\">\n\t\t\t<div class=\"elementor-spacer-inner\"><\/div>\n\t\t<\/div>\n\t\t\t\t\t\t<\/div>\n\t\t\t\t<\/div>\n\t\t\t\t<div class=\"elementor-element elementor-element-6dcbb96f sc_fly_static elementor-widget elementor-widget-heading\" data-id=\"6dcbb96f\" data-element_type=\"widget\" data-e-type=\"widget\" data-widget_type=\"heading.default\">\n\t\t\t\t<div class=\"elementor-widget-container\">\n\t\t\t\t\t<h2 class=\"elementor-heading-title elementor-size-default\">Rezultatele proiectului:<\/h2>\t\t\t\t<\/div>\n\t\t\t\t<\/div>\n\t\t\t\t<div class=\"elementor-element elementor-element-8f6dc2a sc_fly_static elementor-widget elementor-widget-text-editor\" data-id=\"8f6dc2a\" data-element_type=\"widget\" data-e-type=\"widget\" data-widget_type=\"text-editor.default\">\n\t\t\t\t<div class=\"elementor-widget-container\">\n\t\t\t\t\t\t\t\t\t<p class=\"font_8 wixui-rich-text__text\"><strong><span class=\"wixui-rich-text__text\"><span class=\"color_11 wixui-rich-text__text\">Impact<\/span><\/span><\/strong><span class=\"wixui-rich-text__text\"><span class=\"color_11 wixui-rich-text__text\"><strong>:<\/strong> Tinerele femei au acces la oportunit\u0103\u021bi mai bune de educa\u021bie \u0219i de carier\u0103 \u00een domeniul TIC sau STEM<\/span><\/span><\/p><p class=\"font_8 wixui-rich-text__text\"><span class=\"wixui-rich-text__text\"><span class=\"color_11 wixui-rich-text__text\"><strong>Rezultat<\/strong> <strong>1<\/strong><\/span><\/span><span class=\"wixui-rich-text__text\"><span class=\"color_11 wixui-rich-text__text\"><strong>:<\/strong> \u00cembun\u0103t\u0103\u021birea competen\u021belor digitale \u0219i cre\u0219terea motiva\u021biei pentru continuarea studiilor \u00een domeniul TIC \u00een r\u00e2ndul participantelor la GirlsGoIT;<\/span><\/span><\/p><p class=\"font_8 wixui-rich-text__text\"><strong><span class=\"wixui-rich-text__text\"><span class=\"color_11 wixui-rich-text__text\">Rezultatul 2<\/span><\/span><\/strong><span class=\"wixui-rich-text__text\"><span class=\"color_11 wixui-rich-text__text\"><strong>:<\/strong> Cre\u0219terea gradului de con\u0219tientizare \u00een r\u00e2ndul fetelor participante la proiect \u0219i al familiilor acestora cu privire la educa\u021bia \u0219i carierele STEM \u0219i IT ca op\u021biuni viabile pentru fete\/femei.<\/span><\/span><\/p><p><strong>Rezultate a\u0219teptate:<\/strong><\/p><ol><li><span class=\"wixui-rich-text__text\"><span class=\"color_11 wixui-rich-text__text\">Activit\u0103\u021bi non-formale de educa\u021bie IT oferite fetelor, \u00een special din mediul rural<\/span><\/span><\/li><li class=\"font_8 wixui-rich-text__text\"><span class=\"wixui-rich-text__text\"><span class=\"color_11 wixui-rich-text__text\">A fost dezvoltat un nou instrument de auto-\u00eenv\u0103\u021bare pentru \u00eenv\u0103\u021barea HTML \u0219i CSS<\/span><\/span><\/li><li class=\"font_8 wixui-rich-text__text\">Campanie de con\u0219tientizare desf\u0103\u0219urat\u0103 \u00een r\u00e2ndul fetelor \u0219i al p\u0103rin\u021bilor<\/li><\/ol>\t\t\t\t\t\t\t\t<\/div>\n\t\t\t\t<\/div>\n\t\t\t\t<div class=\"elementor-element elementor-element-2e437d7f sc_fly_static elementor-widget elementor-widget-spacer\" data-id=\"2e437d7f\" data-element_type=\"widget\" data-e-type=\"widget\" data-widget_type=\"spacer.default\">\n\t\t\t\t<div class=\"elementor-widget-container\">\n\t\t\t\t\t\t\t<div class=\"elementor-spacer\">\n\t\t\t<div class=\"elementor-spacer-inner\"><\/div>\n\t\t<\/div>\n\t\t\t\t\t\t<\/div>\n\t\t\t\t<\/div>\n\t\t\t\t\t<\/div>\n\t\t<\/div>\n\t\t\t\t\t<\/div>\n\t\t<\/section>\n\t\t\t\t<\/div>","protected":false},"excerpt":{"rendered":"<p>GirlsGoIT Status Completed Duration 01.01.2021 \u2013 31.12.2023 Cooperation partners Ministerul Educa\u021biei, Culturii \u0219i Cercet\u0103rii, Crunchyroll, GoParrot Budget 397\u2019092 \u20ac Project description: The GirlsGoIT project is implemented by the Association for Development of Information&hellip;<\/p>","protected":false},"author":1,"featured_media":0,"parent":0,"menu_order":0,"comment_status":"closed","ping_status":"closed","template":"","meta":{"footnotes":""},"class_list":["post-8542","page","type-page","status-publish","hentry"],"_links":{"self":[{"href":"https:\/\/led.md\/ro\/wp-json\/wp\/v2\/pages\/8542","targetHints":{"allow":["GET"]}}],"collection":[{"href":"https:\/\/led.md\/ro\/wp-json\/wp\/v2\/pages"}],"about":[{"href":"https:\/\/led.md\/ro\/wp-json\/wp\/v2\/types\/page"}],"author":[{"embeddable":true,"href":"https:\/\/led.md\/ro\/wp-json\/wp\/v2\/users\/1"}],"replies":[{"embeddable":true,"href":"https:\/\/led.md\/ro\/wp-json\/wp\/v2\/comments?post=8542"}],"version-history":[{"count":0,"href":"https:\/\/led.md\/ro\/wp-json\/wp\/v2\/pages\/8542\/revisions"}],"wp:attachment":[{"href":"https:\/\/led.md\/ro\/wp-json\/wp\/v2\/media?parent=8542"}],"curies":[{"name":"wp","href":"https:\/\/api.w.org\/{rel}","templated":true}]}}