{"id":8480,"date":"2023-05-24T14:14:28","date_gmt":"2023-05-24T14:14:28","guid":{"rendered":"https:\/\/led.pride.md\/?page_id=8480"},"modified":"2024-09-06T08:46:11","modified_gmt":"2024-09-06T08:46:11","slug":"projects","status":"publish","type":"page","link":"https:\/\/led.md\/ro\/projects\/","title":{"rendered":"Proiecte"},"content":{"rendered":"<div data-elementor-type=\"wp-page\" data-elementor-id=\"8480\" class=\"elementor elementor-8480\">\n\t\t\t\t<div class=\"elementor-element elementor-element-bc4e0f6 e-flex e-con-boxed e-con e-parent\" data-id=\"bc4e0f6\" data-element_type=\"container\" data-e-type=\"container\">\n\t\t\t\t\t<div class=\"e-con-inner\">\n\t\t\t\t<div class=\"elementor-element elementor-element-239897a sc_fly_static elementor-widget elementor-widget-trx_sc_title\" data-id=\"239897a\" data-element_type=\"widget\" data-e-type=\"widget\" data-widget_type=\"trx_sc_title.default\">\n\t\t\t\t<div class=\"elementor-widget-container\">\n\t\t\t\t\t<div id=\"trx_sc_title_1546824744\"\n\t\tclass=\"sc_title sc_title_default\"><h2 class=\"sc_item_title sc_title_title sc_item_title_style_default\"><span class=\"sc_item_title_text\">PROIECTE CURENTE<\/span><\/h2><\/div><!-- \/.sc_title -->\t\t\t\t<\/div>\n\t\t\t\t<\/div>\n\t\t\t\t<div class=\"elementor-element elementor-element-8058c46 sc_fly_static elementor-widget elementor-widget-spacer\" data-id=\"8058c46\" data-element_type=\"widget\" data-e-type=\"widget\" data-widget_type=\"spacer.default\">\n\t\t\t\t<div class=\"elementor-widget-container\">\n\t\t\t\t\t\t\t<div class=\"elementor-spacer\">\n\t\t\t<div class=\"elementor-spacer-inner\"><\/div>\n\t\t<\/div>\n\t\t\t\t\t\t<\/div>\n\t\t\t\t<\/div>\n\t\t\t\t<div class=\"elementor-element elementor-element-2f4f416 sc_fly_static elementor-widget elementor-widget-trx_sc_table\" data-id=\"2f4f416\" data-element_type=\"widget\" data-e-type=\"widget\" data-widget_type=\"trx_sc_table.default\">\n\t\t\t\t<div class=\"elementor-widget-container\">\n\t\t\t\t\t<div id=\"trx_sc_table_1446541347_wrap\" class=\"sc_table_wrap\"><div id=\"trx_sc_table_1446541347\"\n\t\t\tclass=\"sc_table sc_table_default trx_addons_inline_1744998423\"><table summary=\"CURRENT PROJECTS\" cellspacing=\"0\">\n<tbody>\n<tr>\n<td>Proiect<\/td>\n<td>Partener de contract<\/td>\n<td>Buget<\/td>\n<td>\u00cenceputul proiectului<\/td>\n<td>Sf\u00e2r\u0219itul<\/td>\n<\/tr>\n<tr>\n<td><a href=\"https:\/\/led.md\/ro\/youth-maker-club2\/\"><span style=\"text-decoration: underline;\">Clubul Tinerilor Makeri II<\/span><\/a><\/td>\n<td>Asocia\u021bia Na\u021bional\u0103 a Companiilor din domeniul TIC (ATIC) | <a href=\"https:\/\/itc.md\">itc.md<\/a><\/td>\n<td>\u20ac1\u2019124\u2019657<\/td>\n<td>01.09.2024<\/td>\n<td>31.12.2027<\/td>\n<\/tr>\n<tr>\n<td><a href=\"https:\/\/led.md\/ro\/creativo2\/\"><span style=\"text-decoration: underline;\">CREATIVO II<\/span><\/a><\/td>\n<td>Centrul pentru Educa\u021bie Antreprenorial\u0103 \u0219i Asisten\u021b\u0103 \u00een Afaceri (CEDA) | <a href=\"https:\/\/ceda.md\">ceda.md<\/a><\/td>\n<td>\u20ac1\u2019943\u2019761<\/td>\n<td>01.07.2024<\/td>\n<td>30.06.2028<\/td>\n<\/tr>\n<tr>\n<td><a href=\"https:\/\/led.md\/ro\/vocational-education-v\/\"><span style=\"text-decoration: underline;\">Strengthening the Vocational Training System in Moldova - CONSEPT V<\/span>\n<td>Asocia\u021bia Educa\u021bie pentru Dezvoltare | <a href=\"https:\/\/aed.ong\">aed.ong<\/a><\/td>\n<td>\u20ac1\u2019574'438.00<\/td>\n<td>01.01.2023<\/td>\n<td>31.12.2025<\/td>\n<\/tr>\n<tr>\n<td><a href=\"https:\/\/led.md\/ro\/impreuna-pentru-eductie-de-calitate\/\"><span style=\"text-decoration: underline;\">\u00cempreun\u0103 pentru educa\u021bie de calitate<\/span><\/a><\/td>\n<td>Alian\u021ba ONG-urilor active \u00een domeniul social al copilului \u0219i familiei<\/td>\n<td>\u20ac 309\u2019913<\/td>\n<td>01.10.2021<\/td>\n<td>30.09.2024<\/td>\n<\/tr>\n<\/tbody>\n<\/table><\/div><\/div><!-- \/.sc_table_wrap -->\t\t\t\t<\/div>\n\t\t\t\t<\/div>\n\t\t\t\t\t<\/div>\n\t\t\t\t<\/div>\n\t\t<div class=\"elementor-element elementor-element-3d641ac e-flex e-con-boxed e-con e-parent\" data-id=\"3d641ac\" data-element_type=\"container\" data-e-type=\"container\">\n\t\t\t\t\t<div class=\"e-con-inner\">\n\t\t\t\t<div class=\"elementor-element elementor-element-559d67c sc_fly_static elementor-widget elementor-widget-spacer\" data-id=\"559d67c\" data-element_type=\"widget\" data-e-type=\"widget\" data-widget_type=\"spacer.default\">\n\t\t\t\t<div class=\"elementor-widget-container\">\n\t\t\t\t\t\t\t<div class=\"elementor-spacer\">\n\t\t\t<div class=\"elementor-spacer-inner\"><\/div>\n\t\t<\/div>\n\t\t\t\t\t\t<\/div>\n\t\t\t\t<\/div>\n\t\t\t\t<div class=\"elementor-element elementor-element-1cc355a sc_fly_static elementor-widget elementor-widget-trx_sc_title\" data-id=\"1cc355a\" data-element_type=\"widget\" data-e-type=\"widget\" data-widget_type=\"trx_sc_title.default\">\n\t\t\t\t<div class=\"elementor-widget-container\">\n\t\t\t\t\t<div id=\"trx_sc_title_1416484079\"\n\t\tclass=\"sc_title sc_title_default\"><h2 class=\"sc_item_title sc_title_title sc_item_title_style_default\"><span class=\"sc_item_title_text\">PROIECTE FINALIZATE<\/span><\/h2><\/div><!-- \/.sc_title -->\t\t\t\t<\/div>\n\t\t\t\t<\/div>\n\t\t\t\t<div class=\"elementor-element elementor-element-aa5bbd1 sc_fly_static elementor-widget elementor-widget-spacer\" data-id=\"aa5bbd1\" data-element_type=\"widget\" data-e-type=\"widget\" data-widget_type=\"spacer.default\">\n\t\t\t\t<div class=\"elementor-widget-container\">\n\t\t\t\t\t\t\t<div class=\"elementor-spacer\">\n\t\t\t<div class=\"elementor-spacer-inner\"><\/div>\n\t\t<\/div>\n\t\t\t\t\t\t<\/div>\n\t\t\t\t<\/div>\n\t\t\t\t<div class=\"elementor-element elementor-element-3251090 sc_fly_static elementor-widget elementor-widget-trx_sc_table\" data-id=\"3251090\" data-element_type=\"widget\" data-e-type=\"widget\" data-widget_type=\"trx_sc_table.default\">\n\t\t\t\t<div class=\"elementor-widget-container\">\n\t\t\t\t\t<div id=\"trx_sc_table_1011511156_wrap\" class=\"sc_table_wrap\"><div id=\"trx_sc_table_1011511156\"\n\t\t\tclass=\"sc_table sc_table_default trx_addons_inline_691052076\"><table summary=\"CURRENT PROJECTS\" cellspacing=\"0\">\n<tbody>\n<tr>\n<td>Proiect<\/td>\n<td>Partener de contract<\/td>\n<td>Buget<\/td>\n<td>\u00cenceputul proiectului<\/td>\n<td>Sf\u00e2r\u0219itul<\/td>\n<\/tr>\n<td><a href=\"https:\/\/led.md\/ro\/clubul-tinerilor-makeri\/\"><span style=\"text-decoration: underline;\">Clubul Tinerilor Makeri<\/span><\/a><\/td>\n<td>Asocia\u021bia Moldoveneasc\u0103 a Companiilor TIC<\/td>\n<td>\u20ac 431\u2019326<\/td>\n<td>01.09.2021<\/td>\n<td>31.08.2024<\/td>\n<\/tr>\n<tr>\n<td><a href=\"https:\/\/led.md\/ro\/girlsgoIt\/\"><span style=\"text-decoration: underline;\">GirlsGoIT<\/span><\/a><\/td>\n<td>TEKEDU<\/td>\n<td>\u20ac 398,590.88<\/td>\n<td>01.01.2021<\/td>\n<td>30.12.2023<\/td>\n<\/tr>\n<tr>\n<td><a href=\"https:\/\/led.md\/ro\/inforganic\/\"><span style=\"text-decoration: underline;\">InfOrganic 2020-2022<\/span><\/a><\/td>\n<td>Asocia\u021bia Educa\u021bie pentru Dezvoltare<\/td>\n<td>\u20ac 618\u2018567.00<\/td>\n<td>06.02.2020<\/td>\n<td>05.02.2023<\/td>\n<\/tr>\n<tr>\n<td><a href=\"https:\/\/led.md\/ro\/invatamantul-vocational\/\"><span style=\"text-decoration: underline;\">Consolidarea form\u0103rii profesionale<\/span>\n<span style=\"text-decoration: underline;\">Educa\u021bie \u0219i formare \u00een<\/span>\n<span style=\"text-decoration: underline;\">Moldova - CONSEPT IV<\/span><\/a><\/td>\n<td>Asocia\u021bia Educa\u021bie pentru Dezvoltare<\/td>\n<td>\u20ac1\u2019439'755.00<\/td>\n<td>01.01.2019<\/td>\n<td>31.12.2022<\/td>\n<\/tr>\n<tr>\n<td><a href=\"https:\/\/led.md\/ro\/creativo\/\"><span style=\"text-decoration: underline;\">Cre\u0103m Valoare pentru Al\u021bii: Institu\u021biile de \u00cenv\u0103\u021b\u0103m\u00e2nt Profesional Tehnic ofer\u0103 competen\u021be relevante<\/span><\/a><\/td>\n<td>Centrul pentru antreprenoriat\nEduca\u021bie \u0219i afaceri\nsprijin (CEDA)<\/td>\n<td>\u20ac 400\u2019915.00<\/td>\n<td>01.12.2020<\/td>\n<td>31.11.2022<\/td>\n<\/tr>\n<tr>\n<td><a href=\"https:\/\/led.md\/ro\/capacity-development\/\"><span style=\"text-decoration: underline;\">Dezvoltarea capacit\u0103\u021bilor pentru CNIDE - Future Classroom<\/span><\/a><\/td>\n<td>Foundation for\nAdvancement of Moldova<\/td>\n<td>\u20ac 464\u2019453.00<\/td>\n<td>01.10.2019<\/td>\n<td>30.09.2022<\/td>\n<\/tr>\n<tr>\n<td><a href=\"https:\/\/led.md\/ro\/solar-energy-competence-initiative-2\/\"><span style=\"text-decoration: underline;\">Competen\u021ba \u00een domeniul energiei solare<\/span>\n<span style=\"text-decoration: underline;\">Initiativa II (SECI)<\/span><\/a><\/td>\n<td>Asocia\u021bia Educa\u021bie pentru Dezvoltare<\/td>\n<td>\u20ac 327\u2018189.00<\/td>\n<td>01.04.2020<\/td>\n<td>31.07.2022<\/td>\n<\/tr>\n<tr>\n<td><a href=\"https:\/\/led.md\/ro\/pas-cu-pas-moldova\/\"><span style=\"text-decoration: underline;\">Consolidarea capacit\u0103\u021bii SBSM de a promova educa\u021bia centrat\u0103 pe copil<\/span><\/a><\/td>\n<td>Pas cu pas Moldova<\/td>\n<td>\u20ac 198\u2019848.00<\/td>\n<td>01.06.2019<\/td>\n<td>30.05.2021<\/td>\n<\/tr>\n<tr>\n<td><a href=\"https:\/\/led.md\/ro\/entrepreneurship-vet\/\"><span style=\"text-decoration: underline;\">MEEETA III<\/span><\/a><\/td>\n<td>Centrul pentru antreprenoriat\nEduca\u021bie \u0219i afaceri\nsprijin (CEDA)<\/td>\n<td>\u20ac 757\u2019743<\/td>\n<td>01.01.2015<\/td>\n<td>29.02.2020<\/td>\n<\/tr>\n<tr>\n<td><a href=\"https:\/\/led.md\/ro\/angajarea-tinerilor\/\"><span style=\"text-decoration: underline;\">FOCUS III<\/span><\/a><\/td>\n<td>Youth Resource Center\nDACIA<\/td>\n<td>\u20ac 378\u2019499<\/td>\n<td>01.01.2018<\/td>\n<td>31.12.2019<\/td>\n<\/tr>\n<tr>\n<td><a href=\"https:\/\/led.md\/ro\/inforganic\/\"><span style=\"text-decoration: underline;\">InfOrganic<\/span><\/a><\/td>\n<td>Asocia\u021bia Educa\u021bie pentru Dezvoltare<\/td>\n<td>\u20ac 129\u2018941.00<\/td>\n<td>01.01.2019<\/td>\n<td>\u200b31.12.2019<\/td>\n<\/tr>\n<tr>\n<td><a href=\"https:\/\/led.md\/ro\/energie-regenerabila\/\"><span style=\"text-decoration: underline;\">Competen\u021ba \u00een domeniul energiei solare<\/span>\n<span style=\"text-decoration: underline;\">Initiative (SECI)<\/span><\/a><\/td>\n<td>Asocia\u021bia Educa\u021bie pentru Dezvoltare<\/td>\n<td>\u20ac 138\u2018124.00<\/td>\n<td>01.01.2019<\/td>\n<td>31.12.2019<\/td>\n<\/tr>\n<tr>\n<td><a href=\"https:\/\/led.md\/ro\/pas-cu-pasmoldova\/\"><span style=\"text-decoration: underline;\">Promovarea unei \u00een\u021belegeri comune a educa\u021biei de calitate pentru copii<\/span><\/a><\/td>\n<td>Pas cu pas Moldova<\/td>\n<td>\u20ac 358\u2019200.00<\/td>\n<td>01.01.2016<\/td>\n<td>31.12.2018<\/td>\n<\/tr>\n<tr>\n<td><a href=\"https:\/\/led.md\/ro\/educatie-agricola\/\"><span style=\"text-decoration: underline;\">Educa\u021bie pentru agricultur\u0103 (EdAgri)<\/span><\/a><\/td>\n<td>LED<\/td>\n<td>\u20ac 594\u2019468<\/td>\n<td>01.07.2015<\/td>\n<td>30.06.2018<\/td>\n<\/tr>\n<tr>\n<td><a href=\"https:\/\/led.md\/ro\/consept-3\/\"><span style=\"text-decoration: underline;\">Consolidarea form\u0103rii profesionale<\/span>\n<span style=\"text-decoration: underline;\">Educa\u021bie \u0219i formare \u00een<\/span>\n<span style=\"text-decoration: underline;\">Moldova - CONSEPT III<\/span><\/a><\/td>\n<td>LED<\/td>\n<td>\u20ac 1'472'683<\/td>\n<td>01.04.2015<\/td>\n<td>31.12.2018<\/td>\n<\/tr>\n<tr>\n<td><a href=\"https:\/\/led.md\/ro\/invata-engleza\/\"><span style=\"text-decoration: underline;\">FELT<\/span><\/a><\/td>\n<td>Asocia\u021bia \"Centrul de Formare Continu\u0103\"<\/td>\n<td>\u20ac 152\u2018801<\/td>\n<td>01.06.201<\/td>\n<td>31.12.2018<\/td>\n<\/tr>\n<\/tbody>\n<\/table><\/div><\/div><!-- \/.sc_table_wrap -->\t\t\t\t<\/div>\n\t\t\t\t<\/div>\n\t\t\t\t\t<\/div>\n\t\t\t\t<\/div>\n\t\t\t\t<\/div>","protected":false},"excerpt":{"rendered":"<p>CURRENT PROJECTS Project Contract partner Budget Project start End Youth Maker Club II Education and Research ATIC | itc.md \u20ac1\u2019124\u2019657 01.09.2024 31.12.2027 CREATIVO II Center for Entrepreneurial Education and Business Support (CEDA) |&hellip;<\/p>","protected":false},"author":1,"featured_media":0,"parent":0,"menu_order":0,"comment_status":"closed","ping_status":"closed","template":"","meta":{"footnotes":""},"class_list":["post-8480","page","type-page","status-publish","hentry"],"_links":{"self":[{"href":"https:\/\/led.md\/ro\/wp-json\/wp\/v2\/pages\/8480","targetHints":{"allow":["GET"]}}],"collection":[{"href":"https:\/\/led.md\/ro\/wp-json\/wp\/v2\/pages"}],"about":[{"href":"https:\/\/led.md\/ro\/wp-json\/wp\/v2\/types\/page"}],"author":[{"embeddable":true,"href":"https:\/\/led.md\/ro\/wp-json\/wp\/v2\/users\/1"}],"replies":[{"embeddable":true,"href":"https:\/\/led.md\/ro\/wp-json\/wp\/v2\/comments?post=8480"}],"version-history":[{"count":0,"href":"https:\/\/led.md\/ro\/wp-json\/wp\/v2\/pages\/8480\/revisions"}],"wp:attachment":[{"href":"https:\/\/led.md\/ro\/wp-json\/wp\/v2\/media?parent=8480"}],"curies":[{"name":"wp","href":"https:\/\/api.w.org\/{rel}","templated":true}]}}