{"id":7589,"date":"2023-04-26T12:26:38","date_gmt":"2023-04-26T12:26:38","guid":{"rendered":"https:\/\/led.pride.md\/?page_id=7589"},"modified":"2024-09-05T08:22:45","modified_gmt":"2024-09-05T08:22:45","slug":"angajarea-tinerilor","status":"publish","type":"page","link":"https:\/\/led.md\/ro\/angajarea-tinerilor\/","title":{"rendered":"Youth Employment Completed"},"content":{"rendered":"<div data-elementor-type=\"wp-page\" data-elementor-id=\"7589\" class=\"elementor elementor-7589\">\n\t\t\t\t\t\t<section class=\"elementor-section elementor-top-section elementor-element elementor-element-105931c2 elementor-section-stretched elementor-section-boxed elementor-section-height-default elementor-section-height-default\" data-id=\"105931c2\" data-element_type=\"section\" data-e-type=\"section\" data-settings=\"{&quot;background_background&quot;:&quot;classic&quot;,&quot;stretch_section&quot;:&quot;section-stretched&quot;}\">\n\t\t\t\t\t\t<div class=\"elementor-container elementor-column-gap-extended\">\n\t\t\t\t\t<div class=\"elementor-column elementor-col-100 elementor-top-column elementor-element elementor-element-26115987 sc_layouts_column_icons_position_left\" data-id=\"26115987\" data-element_type=\"column\" data-e-type=\"column\">\n\t\t\t<div class=\"elementor-widget-wrap elementor-element-populated\">\n\t\t\t\t\t\t<section class=\"elementor-section elementor-inner-section elementor-element elementor-element-45890e73 elementor-section-boxed elementor-section-height-default elementor-section-height-default\" data-id=\"45890e73\" data-element_type=\"section\" data-e-type=\"section\">\n\t\t\t\t\t\t<div class=\"elementor-container elementor-column-gap-extended\">\n\t\t\t\t\t<div class=\"elementor-column elementor-col-100 elementor-inner-column elementor-element elementor-element-6b4de5a1 sc_layouts_column_icons_position_left\" data-id=\"6b4de5a1\" data-element_type=\"column\" data-e-type=\"column\">\n\t\t\t<div class=\"elementor-widget-wrap elementor-element-populated\">\n\t\t\t\t\t\t<div class=\"elementor-element elementor-element-7c249d86 sc_fly_static elementor-widget elementor-widget-spacer\" data-id=\"7c249d86\" data-element_type=\"widget\" data-e-type=\"widget\" data-widget_type=\"spacer.default\">\n\t\t\t\t<div class=\"elementor-widget-container\">\n\t\t\t\t\t\t\t<div class=\"elementor-spacer\">\n\t\t\t<div class=\"elementor-spacer-inner\"><\/div>\n\t\t<\/div>\n\t\t\t\t\t\t<\/div>\n\t\t\t\t<\/div>\n\t\t\t\t\t<\/div>\n\t\t<\/div>\n\t\t\t\t\t<\/div>\n\t\t<\/section>\n\t\t\t\t<section class=\"elementor-section elementor-inner-section elementor-element elementor-element-3980e64b elementor-section-boxed elementor-section-height-default elementor-section-height-default\" data-id=\"3980e64b\" data-element_type=\"section\" data-e-type=\"section\">\n\t\t\t\t\t\t<div class=\"elementor-container elementor-column-gap-no\">\n\t\t\t\t\t<div class=\"elementor-column elementor-col-50 elementor-inner-column elementor-element elementor-element-27b6a643 sc_layouts_column_icons_position_left elementor-invisible\" data-id=\"27b6a643\" data-element_type=\"column\" data-e-type=\"column\" data-settings=\"{&quot;animation&quot;:&quot;fadeInLeft&quot;}\">\n\t\t\t<div class=\"elementor-widget-wrap elementor-element-populated\">\n\t\t\t\t\t\t<div class=\"elementor-element elementor-element-427f2988 sc_fly_static elementor-widget elementor-widget-image\" data-id=\"427f2988\" data-element_type=\"widget\" data-e-type=\"widget\" data-widget_type=\"image.default\">\n\t\t\t\t<div class=\"elementor-widget-container\">\n\t\t\t\t\t\t\t\t\t\t\t\t\t\t\t<img fetchpriority=\"high\" decoding=\"async\" width=\"340\" height=\"254\" src=\"https:\/\/led.md\/wp-content\/uploads\/2023\/04\/project-completed5-back.jpg\" class=\"attachment-full size-full wp-image-7595\" alt=\"\" srcset=\"https:\/\/led.md\/wp-content\/uploads\/2023\/04\/project-completed5-back.jpg 340w, https:\/\/led.md\/wp-content\/uploads\/2023\/04\/project-completed5-back-16x12.jpg 16w\" sizes=\"(max-width: 340px) 100vw, 340px\" \/>\t\t\t\t\t\t\t\t\t\t\t\t\t\t\t<\/div>\n\t\t\t\t<\/div>\n\t\t\t\t<div class=\"elementor-element elementor-element-f136b24 sc_fly_static elementor-widget elementor-widget-image\" data-id=\"f136b24\" data-element_type=\"widget\" data-e-type=\"widget\" data-widget_type=\"image.default\">\n\t\t\t\t<div class=\"elementor-widget-container\">\n\t\t\t\t\t\t\t\t\t\t\t\t\t\t\t<img decoding=\"async\" width=\"1495\" height=\"994\" src=\"https:\/\/led.md\/wp-content\/uploads\/2023\/04\/project-completed-5-img2.jpg\" class=\"attachment-full size-full wp-image-7601\" alt=\"\" srcset=\"https:\/\/led.md\/wp-content\/uploads\/2023\/04\/project-completed-5-img2.jpg 1495w, https:\/\/led.md\/wp-content\/uploads\/2023\/04\/project-completed-5-img2-400x266.jpg 400w, https:\/\/led.md\/wp-content\/uploads\/2023\/04\/project-completed-5-img2-1024x681.jpg 1024w, https:\/\/led.md\/wp-content\/uploads\/2023\/04\/project-completed-5-img2-768x511.jpg 768w, https:\/\/led.md\/wp-content\/uploads\/2023\/04\/project-completed-5-img2-18x12.jpg 18w, https:\/\/led.md\/wp-content\/uploads\/2023\/04\/project-completed-5-img2-370x246.jpg 370w, https:\/\/led.md\/wp-content\/uploads\/2023\/04\/project-completed-5-img2-760x505.jpg 760w, https:\/\/led.md\/wp-content\/uploads\/2023\/04\/project-completed-5-img2-387x257.jpg 387w, https:\/\/led.md\/wp-content\/uploads\/2023\/04\/project-completed-5-img2-500x332.jpg 500w\" sizes=\"(max-width: 1495px) 100vw, 1495px\" \/>\t\t\t\t\t\t\t\t\t\t\t\t\t\t\t<\/div>\n\t\t\t\t<\/div>\n\t\t\t\t<div class=\"elementor-element elementor-element-7889c9da sc_fly_static elementor-widget elementor-widget-spacer\" data-id=\"7889c9da\" data-element_type=\"widget\" data-e-type=\"widget\" data-widget_type=\"spacer.default\">\n\t\t\t\t<div class=\"elementor-widget-container\">\n\t\t\t\t\t\t\t<div class=\"elementor-spacer\">\n\t\t\t<div class=\"elementor-spacer-inner\"><\/div>\n\t\t<\/div>\n\t\t\t\t\t\t<\/div>\n\t\t\t\t<\/div>\n\t\t\t\t\t<\/div>\n\t\t<\/div>\n\t\t\t\t<div class=\"elementor-column elementor-col-50 elementor-inner-column elementor-element elementor-element-3b710ba7 sc_layouts_column_icons_position_left elementor-invisible\" data-id=\"3b710ba7\" data-element_type=\"column\" data-e-type=\"column\" data-settings=\"{&quot;animation&quot;:&quot;fadeInRight&quot;}\">\n\t\t\t<div class=\"elementor-widget-wrap elementor-element-populated\">\n\t\t\t\t\t\t<div class=\"elementor-element elementor-element-6b367b6f sc_fly_static elementor-widget elementor-widget-trx_sc_title\" data-id=\"6b367b6f\" data-element_type=\"widget\" data-e-type=\"widget\" data-widget_type=\"trx_sc_title.default\">\n\t\t\t\t<div class=\"elementor-widget-container\">\n\t\t\t\t\t<div id=\"trx_sc_title_1188860308\"\n\t\tclass=\"sc_title sc_title_default\"><h2 class=\"sc_item_title sc_title_title sc_item_title_style_default\"><span class=\"sc_item_title_text\">Angajarea Tinerilor<\/span><\/h2><div class=\"sc_item_descr sc_title_descr\"><p>Suport pentru integrarea profesional\u0103 a tinerilor pe pia\u021ba muncii \u2013 FOCUS III<\/p>\n<table style=\"display: flex; justify-content: space-around;\">\n<tr>\n<td>Statut<\/td>\n<td>Finalizat<\/td>\n<\/tr>\n<tr>\n<td>Durat\u0103<\/td>\n<td>01.01.2018 - 31.12.2019<\/td>\n<\/tr>\n<tr>\n<td>Parteneri de cooperare<\/td>\n<td>Consiliul Raional Soroca, Prim\u0103ria municipiului Soroca,  Agen\u021bia Teritorial\u0103 Soroca a Ocup\u0103rii For\u021bei de munc\u0103 Soroca, Colegiul Mihai Eminescu, Colegiu Tehnic Agricol, Colegiul de Arte Nicolae Botgros, \u0218coala Profesional\u0103<\/td>\n<\/tr>\n<tr>\n<td>Beneficiari:<\/td>\n<td>Tineri din raionul Soroca<\/td>\n<\/tr>\n<tr>\n<td>Buget<\/td>\n<td>300\u2019619 \u20ac<\/td>\n<\/tr>\n<tr>\n<td>Contribu\u021bie local\u0103<\/td>\n<td>77\u2019880 \u20ac<\/td>\n<\/tr>\n<\/table>\n<\/div><\/div><!-- \/.sc_title -->\t\t\t\t<\/div>\n\t\t\t\t<\/div>\n\t\t\t\t\t<\/div>\n\t\t<\/div>\n\t\t\t\t\t<\/div>\n\t\t<\/section>\n\t\t\t\t<section class=\"elementor-section elementor-inner-section elementor-element elementor-element-7b433611 elementor-section-boxed elementor-section-height-default elementor-section-height-default\" data-id=\"7b433611\" data-element_type=\"section\" data-e-type=\"section\">\n\t\t\t\t\t\t<div class=\"elementor-container elementor-column-gap-extended\">\n\t\t\t\t\t<div class=\"elementor-column elementor-col-100 elementor-inner-column elementor-element elementor-element-665def09 sc_layouts_column_icons_position_left\" data-id=\"665def09\" data-element_type=\"column\" data-e-type=\"column\">\n\t\t\t<div class=\"elementor-widget-wrap elementor-element-populated\">\n\t\t\t\t\t\t<div class=\"elementor-element elementor-element-2f50c0c6 sc_fly_static elementor-widget elementor-widget-spacer\" data-id=\"2f50c0c6\" data-element_type=\"widget\" data-e-type=\"widget\" data-widget_type=\"spacer.default\">\n\t\t\t\t<div class=\"elementor-widget-container\">\n\t\t\t\t\t\t\t<div class=\"elementor-spacer\">\n\t\t\t<div class=\"elementor-spacer-inner\"><\/div>\n\t\t<\/div>\n\t\t\t\t\t\t<\/div>\n\t\t\t\t<\/div>\n\t\t\t\t\t<\/div>\n\t\t<\/div>\n\t\t\t\t\t<\/div>\n\t\t<\/section>\n\t\t\t\t\t<\/div>\n\t\t<\/div>\n\t\t\t\t\t<\/div>\n\t\t<\/section>\n\t\t\t\t<section class=\"elementor-section elementor-top-section elementor-element elementor-element-451362a6 scheme_modern_dark elementor-section-stretched elementor-section-boxed elementor-section-height-default elementor-section-height-default\" data-id=\"451362a6\" data-element_type=\"section\" data-e-type=\"section\" data-settings=\"{&quot;background_background&quot;:&quot;classic&quot;,&quot;stretch_section&quot;:&quot;section-stretched&quot;}\">\n\t\t\t\t\t\t\t<div class=\"elementor-background-overlay\"><\/div>\n\t\t\t\t\t\t\t<div class=\"elementor-container elementor-column-gap-extended\">\n\t\t\t\t\t<div class=\"elementor-column elementor-col-100 elementor-top-column elementor-element elementor-element-3e7ca92d sc_layouts_column_icons_position_left\" data-id=\"3e7ca92d\" data-element_type=\"column\" data-e-type=\"column\">\n\t\t\t<div class=\"elementor-widget-wrap elementor-element-populated\">\n\t\t\t\t\t\t<div class=\"elementor-element elementor-element-621882c sc_fly_static elementor-widget elementor-widget-spacer\" data-id=\"621882c\" data-element_type=\"widget\" data-e-type=\"widget\" data-widget_type=\"spacer.default\">\n\t\t\t\t<div class=\"elementor-widget-container\">\n\t\t\t\t\t\t\t<div class=\"elementor-spacer\">\n\t\t\t<div class=\"elementor-spacer-inner\"><\/div>\n\t\t<\/div>\n\t\t\t\t\t\t<\/div>\n\t\t\t\t<\/div>\n\t\t\t\t<div class=\"elementor-element elementor-element-4d90a699 sc_fly_static elementor-widget elementor-widget-heading\" data-id=\"4d90a699\" data-element_type=\"widget\" data-e-type=\"widget\" data-widget_type=\"heading.default\">\n\t\t\t\t<div class=\"elementor-widget-container\">\n\t\t\t\t\t<h2 class=\"elementor-heading-title elementor-size-default\">Descrierea proiectului:<\/h2>\t\t\t\t<\/div>\n\t\t\t\t<\/div>\n\t\t\t\t<div class=\"elementor-element elementor-element-5ffc61ac sc_fly_static elementor-widget elementor-widget-text-editor\" data-id=\"5ffc61ac\" data-element_type=\"widget\" data-e-type=\"widget\" data-widget_type=\"text-editor.default\">\n\t\t\t\t<div class=\"elementor-widget-container\">\n\t\t\t\t\t\t\t\t\t<p class=\"font_7 wixui-rich-text__text\">Tinerii, \u00een mod special tinerii absolven\u021bii ai institu\u021biilor de preg\u0103tire profesional\u0103, nu au abilit\u0103\u021bile suficiente pentru a\u0219i c\u0103uta \u00een mod independent un loc de munc\u0103 vacant, de a participa la interviuri. La fel, ei\u00a0nu de\u021bin \u00eentotdeauna\u00a0abilit\u0103\u021bi\u00a0de comunicare \u0219i negociere, precum \u0219i de elaborare a documenta\u021biei corespunz\u0103toare angaj\u0103rii la un nivel competitiv (CV, \u0219i alte documente justificative), ceea ce limiteaz\u0103 posibilit\u0103\u021bile lor\u00a0de a g\u0103si un loc de munc\u0103 conform\u00a0calific\u0103rilor ob\u021binute. Fiind \u0219omeri \u0219i cu studii profesionale, ace\u0219tia adesea pleac\u0103 \u00een str\u0103in\u0103tate, unde cel mai des lucreaz\u0103 ilegal, inclusiv \u00een domenii care nu corespund calific\u0103rii lor. Un alt aspect al problemei este legat de lipsa experien\u021bei de munc\u0103. Tinerii, adesea, nu sunt lua\u021bi \u00een considerare \u00een procesul de angajare, deoarece nu au experien\u021b\u0103 profesional\u0103 suficient\u0103. Chiar dac\u0103 ei reu\u0219esc s\u0103-\u0219i g\u0103seasc\u0103 un loc de munc\u0103 \u0219i s\u0103-\u0219i \u00eenceap\u0103 o carier\u0103, sunt remunera\u021bi necorespunz\u0103tor, ceea ce \u00eei determin\u0103 \u00een consecin\u021b\u0103, s\u0103 p\u0103r\u0103seasc\u0103 locul de munc\u0103 la etapa de inser\u021bie profesional\u0103,\u00a0deoarece salariul ob\u021binut nu le acoper\u0103 costurile minime de via\u021b\u0103.<\/p>\t\t\t\t\t\t\t\t<\/div>\n\t\t\t\t<\/div>\n\t\t\t\t<div class=\"elementor-element elementor-element-60d2faac sc_fly_static elementor-widget elementor-widget-spacer\" data-id=\"60d2faac\" data-element_type=\"widget\" data-e-type=\"widget\" data-widget_type=\"spacer.default\">\n\t\t\t\t<div class=\"elementor-widget-container\">\n\t\t\t\t\t\t\t<div class=\"elementor-spacer\">\n\t\t\t<div class=\"elementor-spacer-inner\"><\/div>\n\t\t<\/div>\n\t\t\t\t\t\t<\/div>\n\t\t\t\t<\/div>\n\t\t\t\t\t<\/div>\n\t\t<\/div>\n\t\t\t\t\t<\/div>\n\t\t<\/section>\n\t\t\t\t<section class=\"elementor-section elementor-top-section elementor-element elementor-element-154e0069 elementor-section-stretched elementor-section-boxed elementor-section-height-default elementor-section-height-default\" data-id=\"154e0069\" data-element_type=\"section\" data-e-type=\"section\" data-settings=\"{&quot;background_background&quot;:&quot;classic&quot;,&quot;stretch_section&quot;:&quot;section-stretched&quot;}\">\n\t\t\t\t\t\t<div class=\"elementor-container elementor-column-gap-extended\">\n\t\t\t\t\t<div class=\"elementor-column elementor-col-100 elementor-top-column elementor-element elementor-element-5c7145e7 sc_layouts_column_icons_position_left\" data-id=\"5c7145e7\" data-element_type=\"column\" data-e-type=\"column\">\n\t\t\t<div class=\"elementor-widget-wrap elementor-element-populated\">\n\t\t\t\t\t\t<div class=\"elementor-element elementor-element-7af8a37b sc_fly_static elementor-widget elementor-widget-spacer\" data-id=\"7af8a37b\" data-element_type=\"widget\" data-e-type=\"widget\" data-widget_type=\"spacer.default\">\n\t\t\t\t<div class=\"elementor-widget-container\">\n\t\t\t\t\t\t\t<div class=\"elementor-spacer\">\n\t\t\t<div class=\"elementor-spacer-inner\"><\/div>\n\t\t<\/div>\n\t\t\t\t\t\t<\/div>\n\t\t\t\t<\/div>\n\t\t\t\t\t<\/div>\n\t\t<\/div>\n\t\t\t\t\t<\/div>\n\t\t<\/section>\n\t\t\t\t<section class=\"elementor-section elementor-top-section elementor-element elementor-element-3c5da3b7 elementor-section-stretched scheme_modern_dark elementor-section-boxed elementor-section-height-default elementor-section-height-default\" data-id=\"3c5da3b7\" data-element_type=\"section\" data-e-type=\"section\" data-settings=\"{&quot;background_background&quot;:&quot;classic&quot;,&quot;stretch_section&quot;:&quot;section-stretched&quot;}\">\n\t\t\t\t\t\t<div class=\"elementor-container elementor-column-gap-extended\">\n\t\t\t\t\t<div class=\"elementor-column elementor-col-50 elementor-top-column elementor-element elementor-element-10929e8 sc_layouts_column_icons_position_left elementor-invisible\" data-id=\"10929e8\" data-element_type=\"column\" data-e-type=\"column\" data-settings=\"{&quot;animation&quot;:&quot;fadeInLeft&quot;}\">\n\t\t\t<div class=\"elementor-widget-wrap elementor-element-populated\">\n\t\t\t\t\t\t<div class=\"elementor-element elementor-element-6ae6feba scheme_dark sc_fly_static elementor-widget elementor-widget-heading\" data-id=\"6ae6feba\" data-element_type=\"widget\" data-e-type=\"widget\" data-widget_type=\"heading.default\">\n\t\t\t\t<div class=\"elementor-widget-container\">\n\t\t\t\t\t<h2 class=\"elementor-heading-title elementor-size-default\">Obiective:<\/h2>\t\t\t\t<\/div>\n\t\t\t\t<\/div>\n\t\t\t\t<div class=\"elementor-element elementor-element-3bc83602 sc_fly_static elementor-widget elementor-widget-spacer\" data-id=\"3bc83602\" data-element_type=\"widget\" data-e-type=\"widget\" data-widget_type=\"spacer.default\">\n\t\t\t\t<div class=\"elementor-widget-container\">\n\t\t\t\t\t\t\t<div class=\"elementor-spacer\">\n\t\t\t<div class=\"elementor-spacer-inner\"><\/div>\n\t\t<\/div>\n\t\t\t\t\t\t<\/div>\n\t\t\t\t<\/div>\n\t\t\t\t<div class=\"elementor-element elementor-element-3e69e5cf sc_fly_static elementor-widget elementor-widget-text-editor\" data-id=\"3e69e5cf\" data-element_type=\"widget\" data-e-type=\"widget\" data-widget_type=\"text-editor.default\">\n\t\t\t\t<div class=\"elementor-widget-container\">\n\t\t\t\t\t\t\t\t\t<p>Cre\u0219terea gradului de integrare a tinerilor din raionul Soroca \u0219i din regiune pe pia\u021ba muncii locale.<\/p>\t\t\t\t\t\t\t\t<\/div>\n\t\t\t\t<\/div>\n\t\t\t\t\t<\/div>\n\t\t<\/div>\n\t\t\t\t<div class=\"elementor-column elementor-col-50 elementor-top-column elementor-element elementor-element-23099da5 sc_layouts_column_icons_position_left elementor-invisible\" data-id=\"23099da5\" data-element_type=\"column\" data-e-type=\"column\" data-settings=\"{&quot;animation&quot;:&quot;fadeInUp&quot;}\">\n\t\t\t<div class=\"elementor-widget-wrap elementor-element-populated\">\n\t\t\t\t\t\t<div class=\"elementor-element elementor-element-29581faa sc_fly_static elementor-widget elementor-widget-image\" data-id=\"29581faa\" data-element_type=\"widget\" data-e-type=\"widget\" data-widget_type=\"image.default\">\n\t\t\t\t<div class=\"elementor-widget-container\">\n\t\t\t\t\t\t\t\t\t\t\t\t\t\t\t<img decoding=\"async\" width=\"803\" height=\"412\" src=\"https:\/\/led.md\/wp-content\/uploads\/2023\/04\/project-completed-5-img3.jpg\" class=\"attachment-large size-large wp-image-7600\" alt=\"\" srcset=\"https:\/\/led.md\/wp-content\/uploads\/2023\/04\/project-completed-5-img3.jpg 803w, https:\/\/led.md\/wp-content\/uploads\/2023\/04\/project-completed-5-img3-400x205.jpg 400w, https:\/\/led.md\/wp-content\/uploads\/2023\/04\/project-completed-5-img3-768x394.jpg 768w, https:\/\/led.md\/wp-content\/uploads\/2023\/04\/project-completed-5-img3-18x9.jpg 18w, https:\/\/led.md\/wp-content\/uploads\/2023\/04\/project-completed-5-img3-370x190.jpg 370w, https:\/\/led.md\/wp-content\/uploads\/2023\/04\/project-completed-5-img3-760x390.jpg 760w, https:\/\/led.md\/wp-content\/uploads\/2023\/04\/project-completed-5-img3-387x199.jpg 387w, https:\/\/led.md\/wp-content\/uploads\/2023\/04\/project-completed-5-img3-500x257.jpg 500w\" sizes=\"(max-width: 803px) 100vw, 803px\" \/>\t\t\t\t\t\t\t\t\t\t\t\t\t\t\t<\/div>\n\t\t\t\t<\/div>\n\t\t\t\t<div class=\"elementor-element elementor-element-b235517 sc_fly_static elementor-widget elementor-widget-image\" data-id=\"b235517\" data-element_type=\"widget\" data-e-type=\"widget\" data-widget_type=\"image.default\">\n\t\t\t\t<div class=\"elementor-widget-container\">\n\t\t\t\t\t\t\t\t\t\t\t\t\t\t\t<img loading=\"lazy\" decoding=\"async\" width=\"1024\" height=\"681\" src=\"https:\/\/led.md\/wp-content\/uploads\/2023\/04\/project-completed-5-img1-1024x681.jpg\" class=\"attachment-large size-large wp-image-7602\" alt=\"\" srcset=\"https:\/\/led.md\/wp-content\/uploads\/2023\/04\/project-completed-5-img1-1024x681.jpg 1024w, https:\/\/led.md\/wp-content\/uploads\/2023\/04\/project-completed-5-img1-400x266.jpg 400w, https:\/\/led.md\/wp-content\/uploads\/2023\/04\/project-completed-5-img1-768x511.jpg 768w, https:\/\/led.md\/wp-content\/uploads\/2023\/04\/project-completed-5-img1-18x12.jpg 18w, https:\/\/led.md\/wp-content\/uploads\/2023\/04\/project-completed-5-img1-370x246.jpg 370w, https:\/\/led.md\/wp-content\/uploads\/2023\/04\/project-completed-5-img1-760x505.jpg 760w, https:\/\/led.md\/wp-content\/uploads\/2023\/04\/project-completed-5-img1-387x257.jpg 387w, https:\/\/led.md\/wp-content\/uploads\/2023\/04\/project-completed-5-img1-500x332.jpg 500w, https:\/\/led.md\/wp-content\/uploads\/2023\/04\/project-completed-5-img1.jpg 1495w\" sizes=\"(max-width: 1024px) 100vw, 1024px\" \/>\t\t\t\t\t\t\t\t\t\t\t\t\t\t\t<\/div>\n\t\t\t\t<\/div>\n\t\t\t\t<div class=\"elementor-element elementor-element-2ac5f142 sc_fly_static elementor-widget elementor-widget-spacer\" data-id=\"2ac5f142\" data-element_type=\"widget\" data-e-type=\"widget\" data-widget_type=\"spacer.default\">\n\t\t\t\t<div class=\"elementor-widget-container\">\n\t\t\t\t\t\t\t<div class=\"elementor-spacer\">\n\t\t\t<div class=\"elementor-spacer-inner\"><\/div>\n\t\t<\/div>\n\t\t\t\t\t\t<\/div>\n\t\t\t\t<\/div>\n\t\t\t\t\t<\/div>\n\t\t<\/div>\n\t\t\t\t\t<\/div>\n\t\t<\/section>\n\t\t\t\t<section class=\"elementor-section elementor-top-section elementor-element elementor-element-2d158d17 elementor-section-stretched elementor-section-boxed elementor-section-height-default elementor-section-height-default\" data-id=\"2d158d17\" data-element_type=\"section\" data-e-type=\"section\" data-settings=\"{&quot;background_background&quot;:&quot;classic&quot;,&quot;stretch_section&quot;:&quot;section-stretched&quot;}\">\n\t\t\t\t\t\t<div class=\"elementor-container elementor-column-gap-extended\">\n\t\t\t\t\t<div class=\"elementor-column elementor-col-100 elementor-top-column elementor-element elementor-element-235ed808 sc_layouts_column_icons_position_left\" data-id=\"235ed808\" data-element_type=\"column\" data-e-type=\"column\">\n\t\t\t<div class=\"elementor-widget-wrap elementor-element-populated\">\n\t\t\t\t\t\t<div class=\"elementor-element elementor-element-6c90f021 sc_fly_static elementor-widget elementor-widget-spacer\" data-id=\"6c90f021\" data-element_type=\"widget\" data-e-type=\"widget\" data-widget_type=\"spacer.default\">\n\t\t\t\t<div class=\"elementor-widget-container\">\n\t\t\t\t\t\t\t<div class=\"elementor-spacer\">\n\t\t\t<div class=\"elementor-spacer-inner\"><\/div>\n\t\t<\/div>\n\t\t\t\t\t\t<\/div>\n\t\t\t\t<\/div>\n\t\t\t\t\t<\/div>\n\t\t<\/div>\n\t\t\t\t\t<\/div>\n\t\t<\/section>\n\t\t\t\t<section class=\"elementor-section elementor-top-section elementor-element elementor-element-15156b33 scheme_modern_dark elementor-section-stretched elementor-section-boxed elementor-section-height-default elementor-section-height-default\" data-id=\"15156b33\" data-element_type=\"section\" data-e-type=\"section\" data-settings=\"{&quot;background_background&quot;:&quot;classic&quot;,&quot;stretch_section&quot;:&quot;section-stretched&quot;}\">\n\t\t\t\t\t\t\t<div class=\"elementor-background-overlay\"><\/div>\n\t\t\t\t\t\t\t<div class=\"elementor-container elementor-column-gap-extended\">\n\t\t\t\t\t<div class=\"elementor-column elementor-col-100 elementor-top-column elementor-element elementor-element-10cc42b sc_layouts_column_icons_position_left\" data-id=\"10cc42b\" data-element_type=\"column\" data-e-type=\"column\">\n\t\t\t<div class=\"elementor-widget-wrap elementor-element-populated\">\n\t\t\t\t\t\t<div class=\"elementor-element elementor-element-5ff99d22 sc_fly_static elementor-widget elementor-widget-spacer\" data-id=\"5ff99d22\" data-element_type=\"widget\" data-e-type=\"widget\" data-widget_type=\"spacer.default\">\n\t\t\t\t<div class=\"elementor-widget-container\">\n\t\t\t\t\t\t\t<div class=\"elementor-spacer\">\n\t\t\t<div class=\"elementor-spacer-inner\"><\/div>\n\t\t<\/div>\n\t\t\t\t\t\t<\/div>\n\t\t\t\t<\/div>\n\t\t\t\t<div class=\"elementor-element elementor-element-1e946243 sc_fly_static elementor-widget elementor-widget-heading\" data-id=\"1e946243\" data-element_type=\"widget\" data-e-type=\"widget\" data-widget_type=\"heading.default\">\n\t\t\t\t<div class=\"elementor-widget-container\">\n\t\t\t\t\t<h2 class=\"elementor-heading-title elementor-size-default\">Rezultate scontate:<\/h2>\t\t\t\t<\/div>\n\t\t\t\t<\/div>\n\t\t\t\t<div class=\"elementor-element elementor-element-34684646 sc_fly_static elementor-widget elementor-widget-text-editor\" data-id=\"34684646\" data-element_type=\"widget\" data-e-type=\"widget\" data-widget_type=\"text-editor.default\">\n\t\t\t\t<div class=\"elementor-widget-container\">\n\t\t\t\t\t\t\t\t\t<ul><li class=\"font_8 wixui-rich-text__text\">Abilitarea a cel pu\u021bin 300 de tineri cu capacit\u0103\u021bi competitive \u00een procesul de angajare \u00een c\u00e2mpul muncii.<\/li><li class=\"font_8 wixui-rich-text__text\">Asisten\u021b\u0103 direct\u0103 a cel pu\u021bin 90 de tineri \u00een situa\u021bii de risc, marginaliza\u021bi economic \u0219i f\u0103r\u0103 suportul familiei \u00een procesul de re\/integrare social-profesional\u0103.<\/li><li class=\"font_8 wixui-rich-text__text\">Asisten\u021ba a cel pu\u021bi 270 de tineri \u00een procesul de angajare \u00een c\u00e2mpul muncii \u0219i men\u021binerea la locul de munc\u0103.<\/li><li class=\"font_8 wixui-rich-text__text\">Consolidarea capacit\u0103\u021bilor CRT DACIA de a oferi sprijin tinerilor din Soroca \u0219i din regiune.<\/li><\/ul>\t\t\t\t\t\t\t\t<\/div>\n\t\t\t\t<\/div>\n\t\t\t\t<div class=\"elementor-element elementor-element-2106efa1 sc_fly_static elementor-widget elementor-widget-spacer\" data-id=\"2106efa1\" data-element_type=\"widget\" data-e-type=\"widget\" data-widget_type=\"spacer.default\">\n\t\t\t\t<div class=\"elementor-widget-container\">\n\t\t\t\t\t\t\t<div class=\"elementor-spacer\">\n\t\t\t<div class=\"elementor-spacer-inner\"><\/div>\n\t\t<\/div>\n\t\t\t\t\t\t<\/div>\n\t\t\t\t<\/div>\n\t\t\t\t\t<\/div>\n\t\t<\/div>\n\t\t\t\t\t<\/div>\n\t\t<\/section>\n\t\t\t\t<\/div>","protected":false},"excerpt":{"rendered":"<p>Youth Employment Support for the professional integration of young people in the labour market &#8211; FOCUS III Status Completed Duration 01.01.2018 &#8211; 31.12.2019 Cooperation partners Soroca District Council, Soroca City Hall, Soroca Territorial&hellip;<\/p>","protected":false},"author":1,"featured_media":0,"parent":0,"menu_order":0,"comment_status":"closed","ping_status":"closed","template":"","meta":{"footnotes":""},"class_list":["post-7589","page","type-page","status-publish","hentry"],"_links":{"self":[{"href":"https:\/\/led.md\/ro\/wp-json\/wp\/v2\/pages\/7589","targetHints":{"allow":["GET"]}}],"collection":[{"href":"https:\/\/led.md\/ro\/wp-json\/wp\/v2\/pages"}],"about":[{"href":"https:\/\/led.md\/ro\/wp-json\/wp\/v2\/types\/page"}],"author":[{"embeddable":true,"href":"https:\/\/led.md\/ro\/wp-json\/wp\/v2\/users\/1"}],"replies":[{"embeddable":true,"href":"https:\/\/led.md\/ro\/wp-json\/wp\/v2\/comments?post=7589"}],"version-history":[{"count":0,"href":"https:\/\/led.md\/ro\/wp-json\/wp\/v2\/pages\/7589\/revisions"}],"wp:attachment":[{"href":"https:\/\/led.md\/ro\/wp-json\/wp\/v2\/media?parent=7589"}],"curies":[{"name":"wp","href":"https:\/\/api.w.org\/{rel}","templated":true}]}}