{"id":7547,"date":"2023-04-26T12:04:33","date_gmt":"2023-04-26T12:04:33","guid":{"rendered":"https:\/\/led.pride.md\/?page_id=7547"},"modified":"2024-09-05T08:21:59","modified_gmt":"2024-09-05T08:21:59","slug":"invata-engleza","status":"publish","type":"page","link":"https:\/\/led.md\/ro\/invata-engleza\/","title":{"rendered":"Learn English Completed"},"content":{"rendered":"<div data-elementor-type=\"wp-page\" data-elementor-id=\"7547\" class=\"elementor elementor-7547\">\n\t\t\t\t\t\t<section class=\"elementor-section elementor-top-section elementor-element elementor-element-7272222d elementor-section-stretched elementor-section-boxed elementor-section-height-default elementor-section-height-default\" data-id=\"7272222d\" data-element_type=\"section\" data-e-type=\"section\" data-settings=\"{&quot;background_background&quot;:&quot;classic&quot;,&quot;stretch_section&quot;:&quot;section-stretched&quot;}\">\n\t\t\t\t\t\t<div class=\"elementor-container elementor-column-gap-extended\">\n\t\t\t\t\t<div class=\"elementor-column elementor-col-100 elementor-top-column elementor-element elementor-element-6eebd571 sc_layouts_column_icons_position_left\" data-id=\"6eebd571\" data-element_type=\"column\" data-e-type=\"column\">\n\t\t\t<div class=\"elementor-widget-wrap elementor-element-populated\">\n\t\t\t\t\t\t<section class=\"elementor-section elementor-inner-section elementor-element elementor-element-24a61d02 elementor-section-boxed elementor-section-height-default elementor-section-height-default\" data-id=\"24a61d02\" data-element_type=\"section\" data-e-type=\"section\">\n\t\t\t\t\t\t<div class=\"elementor-container elementor-column-gap-extended\">\n\t\t\t\t\t<div class=\"elementor-column elementor-col-100 elementor-inner-column elementor-element elementor-element-21c72ee0 sc_layouts_column_icons_position_left\" data-id=\"21c72ee0\" data-element_type=\"column\" data-e-type=\"column\">\n\t\t\t<div class=\"elementor-widget-wrap elementor-element-populated\">\n\t\t\t\t\t\t<div class=\"elementor-element elementor-element-2c97cb7a sc_fly_static elementor-widget elementor-widget-spacer\" data-id=\"2c97cb7a\" data-element_type=\"widget\" data-e-type=\"widget\" data-widget_type=\"spacer.default\">\n\t\t\t\t<div class=\"elementor-widget-container\">\n\t\t\t\t\t\t\t<div class=\"elementor-spacer\">\n\t\t\t<div class=\"elementor-spacer-inner\"><\/div>\n\t\t<\/div>\n\t\t\t\t\t\t<\/div>\n\t\t\t\t<\/div>\n\t\t\t\t\t<\/div>\n\t\t<\/div>\n\t\t\t\t\t<\/div>\n\t\t<\/section>\n\t\t\t\t<section class=\"elementor-section elementor-inner-section elementor-element elementor-element-449bee4 elementor-section-boxed elementor-section-height-default elementor-section-height-default\" data-id=\"449bee4\" data-element_type=\"section\" data-e-type=\"section\">\n\t\t\t\t\t\t<div class=\"elementor-container elementor-column-gap-no\">\n\t\t\t\t\t<div class=\"elementor-column elementor-col-50 elementor-inner-column elementor-element elementor-element-6d47ea1a sc_layouts_column_icons_position_left elementor-invisible\" data-id=\"6d47ea1a\" data-element_type=\"column\" data-e-type=\"column\" data-settings=\"{&quot;animation&quot;:&quot;fadeInLeft&quot;}\">\n\t\t\t<div class=\"elementor-widget-wrap elementor-element-populated\">\n\t\t\t\t\t\t<div class=\"elementor-element elementor-element-4487149 sc_fly_static elementor-widget elementor-widget-image\" data-id=\"4487149\" data-element_type=\"widget\" data-e-type=\"widget\" data-widget_type=\"image.default\">\n\t\t\t\t<div class=\"elementor-widget-container\">\n\t\t\t\t\t\t\t\t\t\t\t\t\t\t\t<img fetchpriority=\"high\" decoding=\"async\" width=\"400\" height=\"291\" src=\"https:\/\/led.md\/wp-content\/uploads\/2023\/04\/project-completed-3-back.jpg\" class=\"attachment-full size-full wp-image-7556\" alt=\"\" srcset=\"https:\/\/led.md\/wp-content\/uploads\/2023\/04\/project-completed-3-back.jpg 400w, https:\/\/led.md\/wp-content\/uploads\/2023\/04\/project-completed-3-back-16x12.jpg 16w, https:\/\/led.md\/wp-content\/uploads\/2023\/04\/project-completed-3-back-370x269.jpg 370w, https:\/\/led.md\/wp-content\/uploads\/2023\/04\/project-completed-3-back-387x282.jpg 387w\" sizes=\"(max-width: 400px) 100vw, 400px\" \/>\t\t\t\t\t\t\t\t\t\t\t\t\t\t\t<\/div>\n\t\t\t\t<\/div>\n\t\t\t\t<div class=\"elementor-element elementor-element-1c49af8 sc_fly_static elementor-widget elementor-widget-image\" data-id=\"1c49af8\" data-element_type=\"widget\" data-e-type=\"widget\" data-widget_type=\"image.default\">\n\t\t\t\t<div class=\"elementor-widget-container\">\n\t\t\t\t\t\t\t\t\t\t\t\t\t\t\t<img decoding=\"async\" width=\"1410\" height=\"994\" src=\"https:\/\/led.md\/wp-content\/uploads\/2023\/04\/project-completed-3-img4.jpg\" class=\"attachment-full size-full wp-image-7560\" alt=\"\" srcset=\"https:\/\/led.md\/wp-content\/uploads\/2023\/04\/project-completed-3-img4.jpg 1410w, https:\/\/led.md\/wp-content\/uploads\/2023\/04\/project-completed-3-img4-400x282.jpg 400w, https:\/\/led.md\/wp-content\/uploads\/2023\/04\/project-completed-3-img4-1024x722.jpg 1024w, https:\/\/led.md\/wp-content\/uploads\/2023\/04\/project-completed-3-img4-768x541.jpg 768w, https:\/\/led.md\/wp-content\/uploads\/2023\/04\/project-completed-3-img4-18x12.jpg 18w, https:\/\/led.md\/wp-content\/uploads\/2023\/04\/project-completed-3-img4-370x261.jpg 370w, https:\/\/led.md\/wp-content\/uploads\/2023\/04\/project-completed-3-img4-760x536.jpg 760w, https:\/\/led.md\/wp-content\/uploads\/2023\/04\/project-completed-3-img4-387x273.jpg 387w, https:\/\/led.md\/wp-content\/uploads\/2023\/04\/project-completed-3-img4-500x352.jpg 500w\" sizes=\"(max-width: 1410px) 100vw, 1410px\" \/>\t\t\t\t\t\t\t\t\t\t\t\t\t\t\t<\/div>\n\t\t\t\t<\/div>\n\t\t\t\t<div class=\"elementor-element elementor-element-1f8c5b7e sc_fly_static elementor-widget elementor-widget-spacer\" data-id=\"1f8c5b7e\" data-element_type=\"widget\" data-e-type=\"widget\" data-widget_type=\"spacer.default\">\n\t\t\t\t<div class=\"elementor-widget-container\">\n\t\t\t\t\t\t\t<div class=\"elementor-spacer\">\n\t\t\t<div class=\"elementor-spacer-inner\"><\/div>\n\t\t<\/div>\n\t\t\t\t\t\t<\/div>\n\t\t\t\t<\/div>\n\t\t\t\t\t<\/div>\n\t\t<\/div>\n\t\t\t\t<div class=\"elementor-column elementor-col-50 elementor-inner-column elementor-element elementor-element-3e6f6dca sc_layouts_column_icons_position_left elementor-invisible\" data-id=\"3e6f6dca\" data-element_type=\"column\" data-e-type=\"column\" data-settings=\"{&quot;animation&quot;:&quot;fadeInRight&quot;}\">\n\t\t\t<div class=\"elementor-widget-wrap elementor-element-populated\">\n\t\t\t\t\t\t<div class=\"elementor-element elementor-element-7c18d44a sc_fly_static elementor-widget elementor-widget-trx_sc_title\" data-id=\"7c18d44a\" data-element_type=\"widget\" data-e-type=\"widget\" data-widget_type=\"trx_sc_title.default\">\n\t\t\t\t<div class=\"elementor-widget-container\">\n\t\t\t\t\t<div id=\"trx_sc_title_8314432\"\n\t\tclass=\"sc_title sc_title_default\"><h2 class=\"sc_item_title sc_title_title sc_item_title_style_default\"><span class=\"sc_item_title_text\">\u00cenva\u021b\u0103 Engleza<\/span><\/h2><div class=\"sc_item_descr sc_title_descr\"><p>\u0218coala Viitorilor Profesori de Limba Englez\u0103 (FELT School)<\/p>\n<table style=\"display: flex; justify-content: space-around;\">\n<tr>\n<td>Statut<\/td>\n<td>Finalizat<\/td>\n<\/tr>\n<tr>\n<td>Durat\u0103<\/td>\n<td>2015 - 2018<\/td>\n<\/tr>\n<tr>\n<td>Beneficiari<\/td>\n<td>25-30 Ptofesori de limb\u0103 Englez\u0103 \u0219i Francez\u0103<\/p>\n<p>160-190 elevi ai \u0219colii primare<\/p>\n<p>40 studen\u021bi ai \u0219colii profesionale (meseria Buc\u0103tar)<\/td>\n<\/tr>\n<tr>\n<td>Institu\u021bii partenere<\/td>\n<td>\u0218coala primar\u0103 de stat nr. 11 din Pireu, Grecia<\/p>\n<p>Institutul profesional de stat pentru <\/p>\n<p>Enogastronomie \u0219i ospitalitate hotelier\u0103 \"Karol Wojtyla\", Catania, Italia<\/p>\n<p>\u0218coala \"A doua \u0219ans\u0103\" din Korydallos, Atena\n<\/td>\n<\/tr>\n<tr>\n<td>Buget<\/td>\n<td>152\u2019801 \u20ac<\/td>\n<\/tr>\n<\/table>\n<\/div><\/div><!-- \/.sc_title -->\t\t\t\t<\/div>\n\t\t\t\t<\/div>\n\t\t\t\t\t<\/div>\n\t\t<\/div>\n\t\t\t\t\t<\/div>\n\t\t<\/section>\n\t\t\t\t<section class=\"elementor-section elementor-inner-section elementor-element elementor-element-77558c26 elementor-section-boxed elementor-section-height-default elementor-section-height-default\" data-id=\"77558c26\" data-element_type=\"section\" data-e-type=\"section\">\n\t\t\t\t\t\t<div class=\"elementor-container elementor-column-gap-extended\">\n\t\t\t\t\t<div class=\"elementor-column elementor-col-100 elementor-inner-column elementor-element elementor-element-51ceb548 sc_layouts_column_icons_position_left\" data-id=\"51ceb548\" data-element_type=\"column\" data-e-type=\"column\">\n\t\t\t<div class=\"elementor-widget-wrap elementor-element-populated\">\n\t\t\t\t\t\t<div class=\"elementor-element elementor-element-48b8b0b sc_fly_static elementor-widget elementor-widget-spacer\" data-id=\"48b8b0b\" data-element_type=\"widget\" data-e-type=\"widget\" data-widget_type=\"spacer.default\">\n\t\t\t\t<div class=\"elementor-widget-container\">\n\t\t\t\t\t\t\t<div class=\"elementor-spacer\">\n\t\t\t<div class=\"elementor-spacer-inner\"><\/div>\n\t\t<\/div>\n\t\t\t\t\t\t<\/div>\n\t\t\t\t<\/div>\n\t\t\t\t\t<\/div>\n\t\t<\/div>\n\t\t\t\t\t<\/div>\n\t\t<\/section>\n\t\t\t\t\t<\/div>\n\t\t<\/div>\n\t\t\t\t\t<\/div>\n\t\t<\/section>\n\t\t\t\t<section class=\"elementor-section elementor-top-section elementor-element elementor-element-64db7aba scheme_modern_dark elementor-section-stretched elementor-section-boxed elementor-section-height-default elementor-section-height-default\" data-id=\"64db7aba\" data-element_type=\"section\" data-e-type=\"section\" data-settings=\"{&quot;background_background&quot;:&quot;classic&quot;,&quot;stretch_section&quot;:&quot;section-stretched&quot;}\">\n\t\t\t\t\t\t\t<div class=\"elementor-background-overlay\"><\/div>\n\t\t\t\t\t\t\t<div class=\"elementor-container elementor-column-gap-extended\">\n\t\t\t\t\t<div class=\"elementor-column elementor-col-100 elementor-top-column elementor-element elementor-element-75cefa79 sc_layouts_column_icons_position_left\" data-id=\"75cefa79\" data-element_type=\"column\" data-e-type=\"column\">\n\t\t\t<div class=\"elementor-widget-wrap elementor-element-populated\">\n\t\t\t\t\t\t<div class=\"elementor-element elementor-element-5d13d48a sc_fly_static elementor-widget elementor-widget-spacer\" data-id=\"5d13d48a\" data-element_type=\"widget\" data-e-type=\"widget\" data-widget_type=\"spacer.default\">\n\t\t\t\t<div class=\"elementor-widget-container\">\n\t\t\t\t\t\t\t<div class=\"elementor-spacer\">\n\t\t\t<div class=\"elementor-spacer-inner\"><\/div>\n\t\t<\/div>\n\t\t\t\t\t\t<\/div>\n\t\t\t\t<\/div>\n\t\t\t\t<div class=\"elementor-element elementor-element-4f2103ea sc_fly_static elementor-widget elementor-widget-heading\" data-id=\"4f2103ea\" data-element_type=\"widget\" data-e-type=\"widget\" data-widget_type=\"heading.default\">\n\t\t\t\t<div class=\"elementor-widget-container\">\n\t\t\t\t\t<h2 class=\"elementor-heading-title elementor-size-default\">Descrierea proiectului:<\/h2>\t\t\t\t<\/div>\n\t\t\t\t<\/div>\n\t\t\t\t<div class=\"elementor-element elementor-element-54d11aaf sc_fly_static elementor-widget elementor-widget-text-editor\" data-id=\"54d11aaf\" data-element_type=\"widget\" data-e-type=\"widget\" data-widget_type=\"text-editor.default\">\n\t\t\t\t<div class=\"elementor-widget-container\">\n\t\t\t\t\t\t\t\t\t<p>Proiectul promoveaz\u0103 \u00eembun\u0103t\u0103\u021birea procesului de predare-\u00eenv\u0103\u021bare a limbii engleze la nivelul claselor primare \u0219i la nivelul \u0219colilor profesionale. Principalele activit\u0103\u021bi\u00a0sunt:<\/p><ul><li>\u00cembun\u0103t\u0103\u021birea procesului de predare a limbii engleze \u00een Republica Moldova la nivelul claselor primare \u0219i la nivelul \u0219colilor profesionale care activeaz\u0103 \u00een domeniul gastronomiei, oferind oportunit\u0103\u021bi de dezvoltare personal\u0103 \u0219i profesional\u0103 pentru cadrele didactice;<\/li><li>Elaborarea resurselor didactice pentru\u00a0cursurile de limba englez\u0103 pentru \u00eencep\u0103tori (fi\u0219e didactice, c\u0103r\u021bi de lectur\u0103 ghidat\u0103, resurse video, manualul ,,Limba englez\u0103 pentru Gastronomie\u201d, resurse online);<\/li><li>Ini\u021bierea activit\u0103\u021bilor economice \u0219i activit\u0103\u021bilor generatoare de venit pentru a investi \u00een dezvoltarea programelor\u00a0FELT School \u0219i dezvoltarea organiza\u021bional\u0103.<\/li><\/ul>\t\t\t\t\t\t\t\t<\/div>\n\t\t\t\t<\/div>\n\t\t\t\t<div class=\"elementor-element elementor-element-62f33a06 sc_fly_static elementor-widget elementor-widget-spacer\" data-id=\"62f33a06\" data-element_type=\"widget\" data-e-type=\"widget\" data-widget_type=\"spacer.default\">\n\t\t\t\t<div class=\"elementor-widget-container\">\n\t\t\t\t\t\t\t<div class=\"elementor-spacer\">\n\t\t\t<div class=\"elementor-spacer-inner\"><\/div>\n\t\t<\/div>\n\t\t\t\t\t\t<\/div>\n\t\t\t\t<\/div>\n\t\t\t\t\t<\/div>\n\t\t<\/div>\n\t\t\t\t\t<\/div>\n\t\t<\/section>\n\t\t\t\t<section class=\"elementor-section elementor-top-section elementor-element elementor-element-17f59e52 elementor-section-stretched elementor-section-boxed elementor-section-height-default elementor-section-height-default\" data-id=\"17f59e52\" data-element_type=\"section\" data-e-type=\"section\" data-settings=\"{&quot;background_background&quot;:&quot;classic&quot;,&quot;stretch_section&quot;:&quot;section-stretched&quot;}\">\n\t\t\t\t\t\t<div class=\"elementor-container elementor-column-gap-extended\">\n\t\t\t\t\t<div class=\"elementor-column elementor-col-100 elementor-top-column elementor-element elementor-element-3f4e1b68 sc_layouts_column_icons_position_left\" data-id=\"3f4e1b68\" data-element_type=\"column\" data-e-type=\"column\">\n\t\t\t<div class=\"elementor-widget-wrap elementor-element-populated\">\n\t\t\t\t\t\t<div class=\"elementor-element elementor-element-6a312ea3 sc_fly_static elementor-widget elementor-widget-spacer\" data-id=\"6a312ea3\" data-element_type=\"widget\" data-e-type=\"widget\" data-widget_type=\"spacer.default\">\n\t\t\t\t<div class=\"elementor-widget-container\">\n\t\t\t\t\t\t\t<div class=\"elementor-spacer\">\n\t\t\t<div class=\"elementor-spacer-inner\"><\/div>\n\t\t<\/div>\n\t\t\t\t\t\t<\/div>\n\t\t\t\t<\/div>\n\t\t\t\t\t<\/div>\n\t\t<\/div>\n\t\t\t\t\t<\/div>\n\t\t<\/section>\n\t\t\t\t<section class=\"elementor-section elementor-top-section elementor-element elementor-element-733656b9 elementor-section-stretched scheme_modern_dark elementor-section-boxed elementor-section-height-default elementor-section-height-default\" data-id=\"733656b9\" data-element_type=\"section\" data-e-type=\"section\" data-settings=\"{&quot;background_background&quot;:&quot;classic&quot;,&quot;stretch_section&quot;:&quot;section-stretched&quot;}\">\n\t\t\t\t\t\t<div class=\"elementor-container elementor-column-gap-extended\">\n\t\t\t\t\t<div class=\"elementor-column elementor-col-50 elementor-top-column elementor-element elementor-element-78bfa855 sc_layouts_column_icons_position_left elementor-invisible\" data-id=\"78bfa855\" data-element_type=\"column\" data-e-type=\"column\" data-settings=\"{&quot;animation&quot;:&quot;fadeInLeft&quot;}\">\n\t\t\t<div class=\"elementor-widget-wrap elementor-element-populated\">\n\t\t\t\t\t\t<div class=\"elementor-element elementor-element-11fceca5 scheme_dark sc_fly_static elementor-widget elementor-widget-heading\" data-id=\"11fceca5\" data-element_type=\"widget\" data-e-type=\"widget\" data-widget_type=\"heading.default\">\n\t\t\t\t<div class=\"elementor-widget-container\">\n\t\t\t\t\t<h2 class=\"elementor-heading-title elementor-size-default\">Obiective:<\/h2>\t\t\t\t<\/div>\n\t\t\t\t<\/div>\n\t\t\t\t<div class=\"elementor-element elementor-element-36d26873 sc_fly_static elementor-widget elementor-widget-spacer\" data-id=\"36d26873\" data-element_type=\"widget\" data-e-type=\"widget\" data-widget_type=\"spacer.default\">\n\t\t\t\t<div class=\"elementor-widget-container\">\n\t\t\t\t\t\t\t<div class=\"elementor-spacer\">\n\t\t\t<div class=\"elementor-spacer-inner\"><\/div>\n\t\t<\/div>\n\t\t\t\t\t\t<\/div>\n\t\t\t\t<\/div>\n\t\t\t\t<div class=\"elementor-element elementor-element-38daba3d sc_fly_static elementor-widget elementor-widget-text-editor\" data-id=\"38daba3d\" data-element_type=\"widget\" data-e-type=\"widget\" data-widget_type=\"text-editor.default\">\n\t\t\t\t<div class=\"elementor-widget-container\">\n\t\t\t\t\t\t\t\t\t<p>Ob\u021binerea unor succese remarcabile \u00een \u00eembun\u0103t\u0103\u021birea procesului de predare-\u00eenv\u0103\u021bare a limbii engleze din Republica Moldova.<\/p>\t\t\t\t\t\t\t\t<\/div>\n\t\t\t\t<\/div>\n\t\t\t\t\t<\/div>\n\t\t<\/div>\n\t\t\t\t<div class=\"elementor-column elementor-col-50 elementor-top-column elementor-element elementor-element-77aacd82 sc_layouts_column_icons_position_left elementor-invisible\" data-id=\"77aacd82\" data-element_type=\"column\" data-e-type=\"column\" data-settings=\"{&quot;animation&quot;:&quot;fadeInUp&quot;}\">\n\t\t\t<div class=\"elementor-widget-wrap elementor-element-populated\">\n\t\t\t\t\t\t<div class=\"elementor-element elementor-element-169677b7 sc_fly_static elementor-widget elementor-widget-image\" data-id=\"169677b7\" data-element_type=\"widget\" data-e-type=\"widget\" data-widget_type=\"image.default\">\n\t\t\t\t<div class=\"elementor-widget-container\">\n\t\t\t\t\t\t\t\t\t\t\t\t\t\t\t<img decoding=\"async\" width=\"1024\" height=\"566\" src=\"https:\/\/led.md\/wp-content\/uploads\/2023\/04\/project-completed-3-img1-1024x566.jpg\" class=\"attachment-large size-large wp-image-7563\" alt=\"\" srcset=\"https:\/\/led.md\/wp-content\/uploads\/2023\/04\/project-completed-3-img1-1024x566.jpg 1024w, https:\/\/led.md\/wp-content\/uploads\/2023\/04\/project-completed-3-img1-400x221.jpg 400w, https:\/\/led.md\/wp-content\/uploads\/2023\/04\/project-completed-3-img1-768x424.jpg 768w, https:\/\/led.md\/wp-content\/uploads\/2023\/04\/project-completed-3-img1-18x10.jpg 18w, https:\/\/led.md\/wp-content\/uploads\/2023\/04\/project-completed-3-img1-370x204.jpg 370w, https:\/\/led.md\/wp-content\/uploads\/2023\/04\/project-completed-3-img1-760x420.jpg 760w, https:\/\/led.md\/wp-content\/uploads\/2023\/04\/project-completed-3-img1-387x214.jpg 387w, https:\/\/led.md\/wp-content\/uploads\/2023\/04\/project-completed-3-img1-500x276.jpg 500w, https:\/\/led.md\/wp-content\/uploads\/2023\/04\/project-completed-3-img1.jpg 1301w\" sizes=\"(max-width: 1024px) 100vw, 1024px\" \/>\t\t\t\t\t\t\t\t\t\t\t\t\t\t\t<\/div>\n\t\t\t\t<\/div>\n\t\t\t\t<div class=\"elementor-element elementor-element-d52d435 sc_fly_static elementor-widget elementor-widget-image\" data-id=\"d52d435\" data-element_type=\"widget\" data-e-type=\"widget\" data-widget_type=\"image.default\">\n\t\t\t\t<div class=\"elementor-widget-container\">\n\t\t\t\t\t\t\t\t\t\t\t\t\t\t\t<img loading=\"lazy\" decoding=\"async\" width=\"1024\" height=\"683\" src=\"https:\/\/led.md\/wp-content\/uploads\/2023\/04\/project-completed-3-img2-1024x683.jpg\" class=\"attachment-large size-large wp-image-7562\" alt=\"\" srcset=\"https:\/\/led.md\/wp-content\/uploads\/2023\/04\/project-completed-3-img2-1024x683.jpg 1024w, https:\/\/led.md\/wp-content\/uploads\/2023\/04\/project-completed-3-img2-400x267.jpg 400w, https:\/\/led.md\/wp-content\/uploads\/2023\/04\/project-completed-3-img2-768x512.jpg 768w, https:\/\/led.md\/wp-content\/uploads\/2023\/04\/project-completed-3-img2-18x12.jpg 18w, https:\/\/led.md\/wp-content\/uploads\/2023\/04\/project-completed-3-img2-370x247.jpg 370w, https:\/\/led.md\/wp-content\/uploads\/2023\/04\/project-completed-3-img2-760x507.jpg 760w, https:\/\/led.md\/wp-content\/uploads\/2023\/04\/project-completed-3-img2-387x258.jpg 387w, https:\/\/led.md\/wp-content\/uploads\/2023\/04\/project-completed-3-img2-500x333.jpg 500w, https:\/\/led.md\/wp-content\/uploads\/2023\/04\/project-completed-3-img2.jpg 1491w\" sizes=\"(max-width: 1024px) 100vw, 1024px\" \/>\t\t\t\t\t\t\t\t\t\t\t\t\t\t\t<\/div>\n\t\t\t\t<\/div>\n\t\t\t\t<div class=\"elementor-element elementor-element-389ff4b8 sc_fly_static elementor-widget elementor-widget-spacer\" data-id=\"389ff4b8\" data-element_type=\"widget\" data-e-type=\"widget\" data-widget_type=\"spacer.default\">\n\t\t\t\t<div class=\"elementor-widget-container\">\n\t\t\t\t\t\t\t<div class=\"elementor-spacer\">\n\t\t\t<div class=\"elementor-spacer-inner\"><\/div>\n\t\t<\/div>\n\t\t\t\t\t\t<\/div>\n\t\t\t\t<\/div>\n\t\t\t\t\t<\/div>\n\t\t<\/div>\n\t\t\t\t\t<\/div>\n\t\t<\/section>\n\t\t\t\t<section class=\"elementor-section elementor-top-section elementor-element elementor-element-465ba49a elementor-section-stretched elementor-section-boxed elementor-section-height-default elementor-section-height-default\" data-id=\"465ba49a\" data-element_type=\"section\" data-e-type=\"section\" data-settings=\"{&quot;background_background&quot;:&quot;classic&quot;,&quot;stretch_section&quot;:&quot;section-stretched&quot;}\">\n\t\t\t\t\t\t<div class=\"elementor-container elementor-column-gap-extended\">\n\t\t\t\t\t<div class=\"elementor-column elementor-col-100 elementor-top-column elementor-element elementor-element-1f2017e sc_layouts_column_icons_position_left\" data-id=\"1f2017e\" data-element_type=\"column\" data-e-type=\"column\">\n\t\t\t<div class=\"elementor-widget-wrap elementor-element-populated\">\n\t\t\t\t\t\t<div class=\"elementor-element elementor-element-9f4f9c1 sc_fly_static elementor-widget elementor-widget-spacer\" data-id=\"9f4f9c1\" data-element_type=\"widget\" data-e-type=\"widget\" data-widget_type=\"spacer.default\">\n\t\t\t\t<div class=\"elementor-widget-container\">\n\t\t\t\t\t\t\t<div class=\"elementor-spacer\">\n\t\t\t<div class=\"elementor-spacer-inner\"><\/div>\n\t\t<\/div>\n\t\t\t\t\t\t<\/div>\n\t\t\t\t<\/div>\n\t\t\t\t\t<\/div>\n\t\t<\/div>\n\t\t\t\t\t<\/div>\n\t\t<\/section>\n\t\t\t\t<section class=\"elementor-section elementor-top-section elementor-element elementor-element-b936400 scheme_modern_dark elementor-section-stretched elementor-section-boxed elementor-section-height-default elementor-section-height-default\" data-id=\"b936400\" data-element_type=\"section\" data-e-type=\"section\" data-settings=\"{&quot;background_background&quot;:&quot;classic&quot;,&quot;stretch_section&quot;:&quot;section-stretched&quot;}\">\n\t\t\t\t\t\t\t<div class=\"elementor-background-overlay\"><\/div>\n\t\t\t\t\t\t\t<div class=\"elementor-container elementor-column-gap-extended\">\n\t\t\t\t\t<div class=\"elementor-column elementor-col-100 elementor-top-column elementor-element elementor-element-1d8f894 sc_layouts_column_icons_position_left\" data-id=\"1d8f894\" data-element_type=\"column\" data-e-type=\"column\">\n\t\t\t<div class=\"elementor-widget-wrap elementor-element-populated\">\n\t\t\t\t\t\t<div class=\"elementor-element elementor-element-f8781c sc_fly_static elementor-widget elementor-widget-spacer\" data-id=\"f8781c\" data-element_type=\"widget\" data-e-type=\"widget\" data-widget_type=\"spacer.default\">\n\t\t\t\t<div class=\"elementor-widget-container\">\n\t\t\t\t\t\t\t<div class=\"elementor-spacer\">\n\t\t\t<div class=\"elementor-spacer-inner\"><\/div>\n\t\t<\/div>\n\t\t\t\t\t\t<\/div>\n\t\t\t\t<\/div>\n\t\t\t\t<div class=\"elementor-element elementor-element-323893d sc_fly_static elementor-widget elementor-widget-heading\" data-id=\"323893d\" data-element_type=\"widget\" data-e-type=\"widget\" data-widget_type=\"heading.default\">\n\t\t\t\t<div class=\"elementor-widget-container\">\n\t\t\t\t\t<h2 class=\"elementor-heading-title elementor-size-default\">Rezultate scontate:<\/h2>\t\t\t\t<\/div>\n\t\t\t\t<\/div>\n\t\t\t\t<div class=\"elementor-element elementor-element-6805da0f sc_fly_static elementor-widget elementor-widget-text-editor\" data-id=\"6805da0f\" data-element_type=\"widget\" data-e-type=\"widget\" data-widget_type=\"text-editor.default\">\n\t\t\t\t<div class=\"elementor-widget-container\">\n\t\t\t\t\t\t\t\t\t<ul><li class=\"font_7 wixui-rich-text__text\">Seturi de fi\u0219e didactice elaborate pentru \u0219coala primar\u0103 : 40 seturi de fi\u0219e didactice \u00een Englez\u0103, 8 seturi de fi\u0219e didactice \u00een Francez\u0103, 1 Carte de lectur\u0103;<\/li><li class=\"font_7 wixui-rich-text__text\">Resursele didactice elaborate pentru cursul \u201eEngleza pentru Gastronomie\u201d dedicate\u00a0elevilor \u0219colilor profesionale care activeaz\u0103 \u00een domeniul gastronomiei;<\/li><li class=\"font_7 wixui-rich-text__text\">Ofert\u0103 de programe de dezvoltare personal\u0103 \u0219i profesional\u0103 pentru\u00a0\u00a0toate grupurile \u021bint\u0103 reprezentate \u00een echipa noastr\u0103 \u00een colaborare cu programe de finan\u021bare, funda\u021bii, asocia\u021bii \u0219i institu\u021bii de \u00eenv\u0103\u021b\u0103m\u00e2nt\u00a0din \u021bar\u0103 \u0219i de peste hotare.<\/li><\/ul>\t\t\t\t\t\t\t\t<\/div>\n\t\t\t\t<\/div>\n\t\t\t\t<div class=\"elementor-element elementor-element-2c7aa227 sc_fly_static elementor-widget elementor-widget-spacer\" data-id=\"2c7aa227\" data-element_type=\"widget\" data-e-type=\"widget\" data-widget_type=\"spacer.default\">\n\t\t\t\t<div class=\"elementor-widget-container\">\n\t\t\t\t\t\t\t<div class=\"elementor-spacer\">\n\t\t\t<div class=\"elementor-spacer-inner\"><\/div>\n\t\t<\/div>\n\t\t\t\t\t\t<\/div>\n\t\t\t\t<\/div>\n\t\t\t\t\t<\/div>\n\t\t<\/div>\n\t\t\t\t\t<\/div>\n\t\t<\/section>\n\t\t\t\t<\/div>","protected":false},"excerpt":{"rendered":"<p>Learn English School for Future English Language Teachers (FELT School) Status Completed Duration 2015 &#8211; 2018 Beneficiaries 25-30 English and French teachers 160-190 primary school pupils 40 vocational school students (Cook) Partner institutions&hellip;<\/p>","protected":false},"author":1,"featured_media":0,"parent":0,"menu_order":0,"comment_status":"closed","ping_status":"closed","template":"","meta":{"footnotes":""},"class_list":["post-7547","page","type-page","status-publish","hentry"],"_links":{"self":[{"href":"https:\/\/led.md\/ro\/wp-json\/wp\/v2\/pages\/7547","targetHints":{"allow":["GET"]}}],"collection":[{"href":"https:\/\/led.md\/ro\/wp-json\/wp\/v2\/pages"}],"about":[{"href":"https:\/\/led.md\/ro\/wp-json\/wp\/v2\/types\/page"}],"author":[{"embeddable":true,"href":"https:\/\/led.md\/ro\/wp-json\/wp\/v2\/users\/1"}],"replies":[{"embeddable":true,"href":"https:\/\/led.md\/ro\/wp-json\/wp\/v2\/comments?post=7547"}],"version-history":[{"count":0,"href":"https:\/\/led.md\/ro\/wp-json\/wp\/v2\/pages\/7547\/revisions"}],"wp:attachment":[{"href":"https:\/\/led.md\/ro\/wp-json\/wp\/v2\/media?parent=7547"}],"curies":[{"name":"wp","href":"https:\/\/api.w.org\/{rel}","templated":true}]}}