{"id":7534,"date":"2023-04-26T11:54:25","date_gmt":"2023-04-26T11:54:25","guid":{"rendered":"https:\/\/led.pride.md\/?page_id=7534"},"modified":"2024-09-05T08:21:45","modified_gmt":"2024-09-05T08:21:45","slug":"educatie-agricola","status":"publish","type":"page","link":"https:\/\/led.md\/ro\/educatie-agricola\/","title":{"rendered":"Agricultural Education Completed"},"content":{"rendered":"<div data-elementor-type=\"wp-page\" data-elementor-id=\"7534\" class=\"elementor elementor-7534\">\n\t\t\t\t\t\t<section class=\"elementor-section elementor-top-section elementor-element elementor-element-2d95df06 elementor-section-stretched elementor-section-boxed elementor-section-height-default elementor-section-height-default\" data-id=\"2d95df06\" data-element_type=\"section\" data-e-type=\"section\" data-settings=\"{&quot;background_background&quot;:&quot;classic&quot;,&quot;stretch_section&quot;:&quot;section-stretched&quot;}\">\n\t\t\t\t\t\t<div class=\"elementor-container elementor-column-gap-extended\">\n\t\t\t\t\t<div class=\"elementor-column elementor-col-100 elementor-top-column elementor-element elementor-element-3e650ab5 sc_layouts_column_icons_position_left\" data-id=\"3e650ab5\" data-element_type=\"column\" data-e-type=\"column\">\n\t\t\t<div class=\"elementor-widget-wrap elementor-element-populated\">\n\t\t\t\t\t\t<section class=\"elementor-section elementor-inner-section elementor-element elementor-element-190b7cd elementor-section-boxed elementor-section-height-default elementor-section-height-default\" data-id=\"190b7cd\" data-element_type=\"section\" data-e-type=\"section\">\n\t\t\t\t\t\t<div class=\"elementor-container elementor-column-gap-extended\">\n\t\t\t\t\t<div class=\"elementor-column elementor-col-100 elementor-inner-column elementor-element elementor-element-3db14b67 sc_layouts_column_icons_position_left\" data-id=\"3db14b67\" data-element_type=\"column\" data-e-type=\"column\">\n\t\t\t<div class=\"elementor-widget-wrap elementor-element-populated\">\n\t\t\t\t\t\t<div class=\"elementor-element elementor-element-556e30d sc_fly_static elementor-widget elementor-widget-spacer\" data-id=\"556e30d\" data-element_type=\"widget\" data-e-type=\"widget\" data-widget_type=\"spacer.default\">\n\t\t\t\t<div class=\"elementor-widget-container\">\n\t\t\t\t\t\t\t<div class=\"elementor-spacer\">\n\t\t\t<div class=\"elementor-spacer-inner\"><\/div>\n\t\t<\/div>\n\t\t\t\t\t\t<\/div>\n\t\t\t\t<\/div>\n\t\t\t\t\t<\/div>\n\t\t<\/div>\n\t\t\t\t\t<\/div>\n\t\t<\/section>\n\t\t\t\t<section class=\"elementor-section elementor-inner-section elementor-element elementor-element-687b113a elementor-section-boxed elementor-section-height-default elementor-section-height-default\" data-id=\"687b113a\" data-element_type=\"section\" data-e-type=\"section\">\n\t\t\t\t\t\t<div class=\"elementor-container elementor-column-gap-no\">\n\t\t\t\t\t<div class=\"elementor-column elementor-col-50 elementor-inner-column elementor-element elementor-element-2dddd3e6 sc_layouts_column_icons_position_left elementor-invisible\" data-id=\"2dddd3e6\" data-element_type=\"column\" data-e-type=\"column\" data-settings=\"{&quot;animation&quot;:&quot;fadeInLeft&quot;}\">\n\t\t\t<div class=\"elementor-widget-wrap elementor-element-populated\">\n\t\t\t\t\t\t<div class=\"elementor-element elementor-element-7fa5f064 sc_fly_static elementor-widget elementor-widget-image\" data-id=\"7fa5f064\" data-element_type=\"widget\" data-e-type=\"widget\" data-widget_type=\"image.default\">\n\t\t\t\t<div class=\"elementor-widget-container\">\n\t\t\t\t\t\t\t\t\t\t\t\t\t\t\t<img fetchpriority=\"high\" decoding=\"async\" width=\"340\" height=\"228\" src=\"https:\/\/led.md\/wp-content\/uploads\/2023\/04\/project-completed-2-back.jpg\" class=\"attachment-full size-full wp-image-7540\" alt=\"\" srcset=\"https:\/\/led.md\/wp-content\/uploads\/2023\/04\/project-completed-2-back.jpg 340w, https:\/\/led.md\/wp-content\/uploads\/2023\/04\/project-completed-2-back-18x12.jpg 18w\" sizes=\"(max-width: 340px) 100vw, 340px\" \/>\t\t\t\t\t\t\t\t\t\t\t\t\t\t\t<\/div>\n\t\t\t\t<\/div>\n\t\t\t\t<div class=\"elementor-element elementor-element-4f313404 sc_fly_static elementor-widget elementor-widget-spacer\" data-id=\"4f313404\" data-element_type=\"widget\" data-e-type=\"widget\" data-widget_type=\"spacer.default\">\n\t\t\t\t<div class=\"elementor-widget-container\">\n\t\t\t\t\t\t\t<div class=\"elementor-spacer\">\n\t\t\t<div class=\"elementor-spacer-inner\"><\/div>\n\t\t<\/div>\n\t\t\t\t\t\t<\/div>\n\t\t\t\t<\/div>\n\t\t\t\t\t<\/div>\n\t\t<\/div>\n\t\t\t\t<div class=\"elementor-column elementor-col-50 elementor-inner-column elementor-element elementor-element-225643ea sc_layouts_column_icons_position_left elementor-invisible\" data-id=\"225643ea\" data-element_type=\"column\" data-e-type=\"column\" data-settings=\"{&quot;animation&quot;:&quot;fadeInRight&quot;}\">\n\t\t\t<div class=\"elementor-widget-wrap elementor-element-populated\">\n\t\t\t\t\t\t<div class=\"elementor-element elementor-element-1ecb0340 sc_fly_static elementor-widget elementor-widget-trx_sc_title\" data-id=\"1ecb0340\" data-element_type=\"widget\" data-e-type=\"widget\" data-widget_type=\"trx_sc_title.default\">\n\t\t\t\t<div class=\"elementor-widget-container\">\n\t\t\t\t\t<div id=\"trx_sc_title_1414128087\"\n\t\tclass=\"sc_title sc_title_default\"><h2 class=\"sc_item_title sc_title_title sc_item_title_style_default\"><span class=\"sc_item_title_text\">Educa\u021bie Agricol\u0103<\/span><\/h2><div class=\"sc_item_descr sc_title_descr\"><p>Educa\u021bie pentru agricultur\u0103 (EdAgri)<\/p>\n<table style=\"display: flex; justify-content: space-around;\">\n<tr>\n<td>Statut<\/td>\n<td>Finalizat<\/td>\n<\/tr>\n<tr>\n<td>Durat\u0103<\/td>\n<td>01.07.2015 \u2013 30.06.2018<\/td>\n<\/tr>\n<tr>\n<td>Parteneri<\/td>\n<td>Ministerul Agriculturii, Dezvolt\u0103rii Regionale, \u0219i Mediului; Universitatea Tehnic\u0103 din Moldova<\/td>\n<\/tr>\n<tr>\n<td>Beneficiari<\/td>\n<td>Centrul de Excelen\u021b\u0103 \u00een Horticultur\u0103 \u0219i Tehnologii Agricole din \u021aaul (CEHTA)<\/td>\n<\/tr>\n<tr>\n<td>Buget<\/td>\n<td>594\u2019468 \u20ac<\/td>\n<\/tr>\n<\/table>\n<\/div><\/div><!-- \/.sc_title -->\t\t\t\t<\/div>\n\t\t\t\t<\/div>\n\t\t\t\t\t<\/div>\n\t\t<\/div>\n\t\t\t\t\t<\/div>\n\t\t<\/section>\n\t\t\t\t<section class=\"elementor-section elementor-inner-section elementor-element elementor-element-572d33be elementor-section-boxed elementor-section-height-default elementor-section-height-default\" data-id=\"572d33be\" data-element_type=\"section\" data-e-type=\"section\">\n\t\t\t\t\t\t<div class=\"elementor-container elementor-column-gap-extended\">\n\t\t\t\t\t<div class=\"elementor-column elementor-col-100 elementor-inner-column elementor-element elementor-element-3e5eb2bc sc_layouts_column_icons_position_left\" data-id=\"3e5eb2bc\" data-element_type=\"column\" data-e-type=\"column\">\n\t\t\t<div class=\"elementor-widget-wrap elementor-element-populated\">\n\t\t\t\t\t\t<div class=\"elementor-element elementor-element-1ab9f1f2 sc_fly_static elementor-widget elementor-widget-spacer\" data-id=\"1ab9f1f2\" data-element_type=\"widget\" data-e-type=\"widget\" data-widget_type=\"spacer.default\">\n\t\t\t\t<div class=\"elementor-widget-container\">\n\t\t\t\t\t\t\t<div class=\"elementor-spacer\">\n\t\t\t<div class=\"elementor-spacer-inner\"><\/div>\n\t\t<\/div>\n\t\t\t\t\t\t<\/div>\n\t\t\t\t<\/div>\n\t\t\t\t\t<\/div>\n\t\t<\/div>\n\t\t\t\t\t<\/div>\n\t\t<\/section>\n\t\t\t\t\t<\/div>\n\t\t<\/div>\n\t\t\t\t\t<\/div>\n\t\t<\/section>\n\t\t\t\t<section class=\"elementor-section elementor-top-section elementor-element elementor-element-d8b4d67 scheme_modern_dark elementor-section-stretched elementor-section-boxed elementor-section-height-default elementor-section-height-default\" data-id=\"d8b4d67\" data-element_type=\"section\" data-e-type=\"section\" data-settings=\"{&quot;background_background&quot;:&quot;classic&quot;,&quot;stretch_section&quot;:&quot;section-stretched&quot;}\">\n\t\t\t\t\t\t\t<div class=\"elementor-background-overlay\"><\/div>\n\t\t\t\t\t\t\t<div class=\"elementor-container elementor-column-gap-extended\">\n\t\t\t\t\t<div class=\"elementor-column elementor-col-100 elementor-top-column elementor-element elementor-element-56451cc7 sc_layouts_column_icons_position_left\" data-id=\"56451cc7\" data-element_type=\"column\" data-e-type=\"column\">\n\t\t\t<div class=\"elementor-widget-wrap elementor-element-populated\">\n\t\t\t\t\t\t<div class=\"elementor-element elementor-element-7bd52ba sc_fly_static elementor-widget elementor-widget-spacer\" data-id=\"7bd52ba\" data-element_type=\"widget\" data-e-type=\"widget\" data-widget_type=\"spacer.default\">\n\t\t\t\t<div class=\"elementor-widget-container\">\n\t\t\t\t\t\t\t<div class=\"elementor-spacer\">\n\t\t\t<div class=\"elementor-spacer-inner\"><\/div>\n\t\t<\/div>\n\t\t\t\t\t\t<\/div>\n\t\t\t\t<\/div>\n\t\t\t\t<div class=\"elementor-element elementor-element-47090500 sc_fly_static elementor-widget elementor-widget-heading\" data-id=\"47090500\" data-element_type=\"widget\" data-e-type=\"widget\" data-widget_type=\"heading.default\">\n\t\t\t\t<div class=\"elementor-widget-container\">\n\t\t\t\t\t<h2 class=\"elementor-heading-title elementor-size-default\">Descrierea proiectului:<\/h2>\t\t\t\t<\/div>\n\t\t\t\t<\/div>\n\t\t\t\t<div class=\"elementor-element elementor-element-757bc5ea sc_fly_static elementor-widget elementor-widget-text-editor\" data-id=\"757bc5ea\" data-element_type=\"widget\" data-e-type=\"widget\" data-widget_type=\"text-editor.default\">\n\t\t\t\t<div class=\"elementor-widget-container\">\n\t\t\t\t\t\t\t\t\t<p>EdAgri sus\u021bine Centrul de Excelen\u021b\u0103 \u00een Horticultur\u0103 \u0219i Tehnologii Agricole din \u021aaul (CEHTA) la\u00a0\u00eembun\u0103t\u0103\u021birea instruirii la dou\u0103 specialit\u0103\u021bi: \"Horticultur\u0103\" \u0219i \"Tehnologia produselor de origine vegetal\u0103\".\u00a0\u00cen acest scop, EdAgri extinde posibilit\u0103\u021bile de instruire practic\u0103 \u00een cultivarea legumelor \u0219i fructelor. Va fi construit\u0103 a doua ser\u0103 care va permite producerea unei variet\u0103\u021bi mai mari de culturi \u0219i r\u0103sad, inclusiv altoit. La fel, va fi creat un teren didactic legumicol \u00een c\u00e2mp deschis.<\/p><p>\u00cen cadrul altei direc\u021bii de activitate, EdAgri lanseaz\u0103 o invita\u021bie adresat\u0103 exper\u021bilor \u0219i institu\u021biilor specializate pentru a sus\u021bine aplicarea tehnologiilor noi de producere \u00een terenurile didactice ale colegiului. \u00cen cadrul acestor mini-proiecte institutele de cercetare, companiile, ONG-urile sau exper\u021bii independen\u021bi vor sprijini colegiul \u00een implementarea \u0219i documentarea noilor tehnologii. Astfel, CEHTA va deveni un centru unde se aplic\u0103 o multitudine de metode noi, devenind o baz\u0103 unde fermierii pot afla mai multe despre metodele moderne de producere a legumelor \u0219i fructelor.<\/p><p>Toate acestea vor fi realizate \u00een str\u00e2ns\u0103 coordonare cu oricine care poate oferi suport calificat pentru colegiu.\u00a0Pentru ca CEHTA s\u0103 devin\u0103 un partener mai atractiv pentru alte proiecte \u0219i sus\u021bin\u0103tori, EdAgri va consolida, de asemenea, capacitatea organiza\u021bional\u0103 a institu\u021biei. Aceasta va \u00eensemna un angajat suplimentar, inputuri pentru management, precum \u0219i cursuri antreprenoriale pentru manageri \u0219i personal. \u00cen cele din urm\u0103, EdAgri va contribui la \u00eembun\u0103t\u0103\u021birea infrastructurii unor od\u0103i pentru oaspe\u021bi din c\u0103min. Astfel, exper\u021bii \u0219i formatorii vor r\u0103m\u00e2ne pentru perioade scurte de timp s\u0103 lucreze \u00een \u021aaul.<\/p>\t\t\t\t\t\t\t\t<\/div>\n\t\t\t\t<\/div>\n\t\t\t\t<div class=\"elementor-element elementor-element-7dac9a94 sc_fly_static elementor-widget elementor-widget-spacer\" data-id=\"7dac9a94\" data-element_type=\"widget\" data-e-type=\"widget\" data-widget_type=\"spacer.default\">\n\t\t\t\t<div class=\"elementor-widget-container\">\n\t\t\t\t\t\t\t<div class=\"elementor-spacer\">\n\t\t\t<div class=\"elementor-spacer-inner\"><\/div>\n\t\t<\/div>\n\t\t\t\t\t\t<\/div>\n\t\t\t\t<\/div>\n\t\t\t\t\t<\/div>\n\t\t<\/div>\n\t\t\t\t\t<\/div>\n\t\t<\/section>\n\t\t\t\t<section class=\"elementor-section elementor-top-section elementor-element elementor-element-60724a4f elementor-section-stretched elementor-section-boxed elementor-section-height-default elementor-section-height-default\" data-id=\"60724a4f\" data-element_type=\"section\" data-e-type=\"section\" data-settings=\"{&quot;background_background&quot;:&quot;classic&quot;,&quot;stretch_section&quot;:&quot;section-stretched&quot;}\">\n\t\t\t\t\t\t<div class=\"elementor-container elementor-column-gap-extended\">\n\t\t\t\t\t<div class=\"elementor-column elementor-col-100 elementor-top-column elementor-element elementor-element-40baca7b sc_layouts_column_icons_position_left\" data-id=\"40baca7b\" data-element_type=\"column\" data-e-type=\"column\">\n\t\t\t<div class=\"elementor-widget-wrap elementor-element-populated\">\n\t\t\t\t\t\t<div class=\"elementor-element elementor-element-28074c28 sc_fly_static elementor-widget elementor-widget-spacer\" data-id=\"28074c28\" data-element_type=\"widget\" data-e-type=\"widget\" data-widget_type=\"spacer.default\">\n\t\t\t\t<div class=\"elementor-widget-container\">\n\t\t\t\t\t\t\t<div class=\"elementor-spacer\">\n\t\t\t<div class=\"elementor-spacer-inner\"><\/div>\n\t\t<\/div>\n\t\t\t\t\t\t<\/div>\n\t\t\t\t<\/div>\n\t\t\t\t\t<\/div>\n\t\t<\/div>\n\t\t\t\t\t<\/div>\n\t\t<\/section>\n\t\t\t\t<section class=\"elementor-section elementor-top-section elementor-element elementor-element-78c89fdd elementor-section-stretched scheme_modern_dark elementor-section-boxed elementor-section-height-default elementor-section-height-default\" data-id=\"78c89fdd\" data-element_type=\"section\" data-e-type=\"section\" data-settings=\"{&quot;background_background&quot;:&quot;classic&quot;,&quot;stretch_section&quot;:&quot;section-stretched&quot;}\">\n\t\t\t\t\t\t<div class=\"elementor-container elementor-column-gap-extended\">\n\t\t\t\t\t<div class=\"elementor-column elementor-col-50 elementor-top-column elementor-element elementor-element-7753c8aa sc_layouts_column_icons_position_left elementor-invisible\" data-id=\"7753c8aa\" data-element_type=\"column\" data-e-type=\"column\" data-settings=\"{&quot;animation&quot;:&quot;fadeInLeft&quot;}\">\n\t\t\t<div class=\"elementor-widget-wrap elementor-element-populated\">\n\t\t\t\t\t\t<div class=\"elementor-element elementor-element-16874dc2 scheme_dark sc_fly_static elementor-widget elementor-widget-heading\" data-id=\"16874dc2\" data-element_type=\"widget\" data-e-type=\"widget\" data-widget_type=\"heading.default\">\n\t\t\t\t<div class=\"elementor-widget-container\">\n\t\t\t\t\t<h2 class=\"elementor-heading-title elementor-size-default\">Obiective:<\/h2>\t\t\t\t<\/div>\n\t\t\t\t<\/div>\n\t\t\t\t<div class=\"elementor-element elementor-element-6aa221a6 sc_fly_static elementor-widget elementor-widget-spacer\" data-id=\"6aa221a6\" data-element_type=\"widget\" data-e-type=\"widget\" data-widget_type=\"spacer.default\">\n\t\t\t\t<div class=\"elementor-widget-container\">\n\t\t\t\t\t\t\t<div class=\"elementor-spacer\">\n\t\t\t<div class=\"elementor-spacer-inner\"><\/div>\n\t\t<\/div>\n\t\t\t\t\t\t<\/div>\n\t\t\t\t<\/div>\n\t\t\t\t<div class=\"elementor-element elementor-element-121b4c3f sc_fly_static elementor-widget elementor-widget-text-editor\" data-id=\"121b4c3f\" data-element_type=\"widget\" data-e-type=\"widget\" data-widget_type=\"text-editor.default\">\n\t\t\t\t<div class=\"elementor-widget-container\">\n\t\t\t\t\t\t\t\t\t<p>CEHTA\u00a0ofer\u0103 instruire relevant\u0103, axat\u0103 pe practic\u0103 pentru cultivarea legumelor \u0219i fructelor, precum \u0219i pentru p\u0103strarea \u0219i prelucrarea produselor vegetale.<\/p>\t\t\t\t\t\t\t\t<\/div>\n\t\t\t\t<\/div>\n\t\t\t\t<div class=\"elementor-element elementor-element-c81f306 sc_fly_static elementor-widget elementor-widget-spacer\" data-id=\"c81f306\" data-element_type=\"widget\" data-e-type=\"widget\" data-widget_type=\"spacer.default\">\n\t\t\t\t<div class=\"elementor-widget-container\">\n\t\t\t\t\t\t\t<div class=\"elementor-spacer\">\n\t\t\t<div class=\"elementor-spacer-inner\"><\/div>\n\t\t<\/div>\n\t\t\t\t\t\t<\/div>\n\t\t\t\t<\/div>\n\t\t\t\t<div class=\"elementor-element elementor-element-400ad3b sc_fly_static elementor-widget elementor-widget-text-editor\" data-id=\"400ad3b\" data-element_type=\"widget\" data-e-type=\"widget\" data-widget_type=\"text-editor.default\">\n\t\t\t\t<div class=\"elementor-widget-container\">\n\t\t\t\t\t\t\t\t\t<p><a class=\"wixui-rich-text__text\" href=\"https:\/\/ebde0649-a112-43d4-850f-bc1d5b5186da.filesusr.com\/ugd\/ee37c6_7dff2d7cbd34410ea852c63a00aa1502.pdf\" target=\"_blank\" rel=\"noopener\"><span class=\"wixui-rich-text__text\">Sumarul proiectului EdAgri faza I<\/span><\/a><\/p>\t\t\t\t\t\t\t\t<\/div>\n\t\t\t\t<\/div>\n\t\t\t\t\t<\/div>\n\t\t<\/div>\n\t\t\t\t<div class=\"elementor-column elementor-col-50 elementor-top-column elementor-element elementor-element-7cdc0288 sc_layouts_column_icons_position_left elementor-invisible\" data-id=\"7cdc0288\" data-element_type=\"column\" data-e-type=\"column\" data-settings=\"{&quot;animation&quot;:&quot;fadeInUp&quot;}\">\n\t\t\t<div class=\"elementor-widget-wrap elementor-element-populated\">\n\t\t\t\t\t\t<div class=\"elementor-element elementor-element-ce56f5d sc_fly_static elementor-widget elementor-widget-video\" data-id=\"ce56f5d\" data-element_type=\"widget\" data-e-type=\"widget\" data-settings=\"{&quot;youtube_url&quot;:&quot;https:\\\/\\\/www.youtube.com\\\/watch?v=KcNk9HOuI_s&amp;ab_channel=LEDMoldova&quot;,&quot;video_type&quot;:&quot;youtube&quot;,&quot;controls&quot;:&quot;yes&quot;}\" data-widget_type=\"video.default\">\n\t\t\t\t<div class=\"elementor-widget-container\">\n\t\t\t\t\t\t\t<div class=\"elementor-wrapper elementor-open-inline\">\n\t\t\t<div class=\"elementor-video\"><\/div>\t\t<\/div>\n\t\t\t\t\t\t<\/div>\n\t\t\t\t<\/div>\n\t\t\t\t<div class=\"elementor-element elementor-element-44ca6d84 sc_fly_static elementor-widget elementor-widget-spacer\" data-id=\"44ca6d84\" data-element_type=\"widget\" data-e-type=\"widget\" data-widget_type=\"spacer.default\">\n\t\t\t\t<div class=\"elementor-widget-container\">\n\t\t\t\t\t\t\t<div class=\"elementor-spacer\">\n\t\t\t<div class=\"elementor-spacer-inner\"><\/div>\n\t\t<\/div>\n\t\t\t\t\t\t<\/div>\n\t\t\t\t<\/div>\n\t\t\t\t\t<\/div>\n\t\t<\/div>\n\t\t\t\t\t<\/div>\n\t\t<\/section>\n\t\t\t\t<section class=\"elementor-section elementor-top-section elementor-element elementor-element-1636ab7 elementor-section-stretched elementor-section-boxed elementor-section-height-default elementor-section-height-default\" data-id=\"1636ab7\" data-element_type=\"section\" data-e-type=\"section\" data-settings=\"{&quot;background_background&quot;:&quot;classic&quot;,&quot;stretch_section&quot;:&quot;section-stretched&quot;}\">\n\t\t\t\t\t\t<div class=\"elementor-container elementor-column-gap-extended\">\n\t\t\t\t\t<div class=\"elementor-column elementor-col-100 elementor-top-column elementor-element elementor-element-61bdc9df sc_layouts_column_icons_position_left\" data-id=\"61bdc9df\" data-element_type=\"column\" data-e-type=\"column\">\n\t\t\t<div class=\"elementor-widget-wrap elementor-element-populated\">\n\t\t\t\t\t\t<div class=\"elementor-element elementor-element-2f1041a5 sc_fly_static elementor-widget elementor-widget-spacer\" data-id=\"2f1041a5\" data-element_type=\"widget\" data-e-type=\"widget\" data-widget_type=\"spacer.default\">\n\t\t\t\t<div class=\"elementor-widget-container\">\n\t\t\t\t\t\t\t<div class=\"elementor-spacer\">\n\t\t\t<div class=\"elementor-spacer-inner\"><\/div>\n\t\t<\/div>\n\t\t\t\t\t\t<\/div>\n\t\t\t\t<\/div>\n\t\t\t\t\t<\/div>\n\t\t<\/div>\n\t\t\t\t\t<\/div>\n\t\t<\/section>\n\t\t\t\t<section class=\"elementor-section elementor-top-section elementor-element elementor-element-114de412 scheme_modern_dark elementor-section-stretched elementor-section-boxed elementor-section-height-default elementor-section-height-default\" data-id=\"114de412\" data-element_type=\"section\" data-e-type=\"section\" data-settings=\"{&quot;background_background&quot;:&quot;classic&quot;,&quot;stretch_section&quot;:&quot;section-stretched&quot;}\">\n\t\t\t\t\t\t\t<div class=\"elementor-background-overlay\"><\/div>\n\t\t\t\t\t\t\t<div class=\"elementor-container elementor-column-gap-extended\">\n\t\t\t\t\t<div class=\"elementor-column elementor-col-100 elementor-top-column elementor-element elementor-element-7c9ec5ec sc_layouts_column_icons_position_left\" data-id=\"7c9ec5ec\" data-element_type=\"column\" data-e-type=\"column\">\n\t\t\t<div class=\"elementor-widget-wrap elementor-element-populated\">\n\t\t\t\t\t\t<div class=\"elementor-element elementor-element-54365d11 sc_fly_static elementor-widget elementor-widget-spacer\" data-id=\"54365d11\" data-element_type=\"widget\" data-e-type=\"widget\" data-widget_type=\"spacer.default\">\n\t\t\t\t<div class=\"elementor-widget-container\">\n\t\t\t\t\t\t\t<div class=\"elementor-spacer\">\n\t\t\t<div class=\"elementor-spacer-inner\"><\/div>\n\t\t<\/div>\n\t\t\t\t\t\t<\/div>\n\t\t\t\t<\/div>\n\t\t\t\t<div class=\"elementor-element elementor-element-3975c7f0 sc_fly_static elementor-widget elementor-widget-heading\" data-id=\"3975c7f0\" data-element_type=\"widget\" data-e-type=\"widget\" data-widget_type=\"heading.default\">\n\t\t\t\t<div class=\"elementor-widget-container\">\n\t\t\t\t\t<h2 class=\"elementor-heading-title elementor-size-default\">Rezultate scontate:<\/h2>\t\t\t\t<\/div>\n\t\t\t\t<\/div>\n\t\t\t\t<div class=\"elementor-element elementor-element-41471d13 sc_fly_static elementor-widget elementor-widget-text-editor\" data-id=\"41471d13\" data-element_type=\"widget\" data-e-type=\"widget\" data-widget_type=\"text-editor.default\">\n\t\t\t\t<div class=\"elementor-widget-container\">\n\t\t\t\t\t\t\t\t\t<ol><li class=\"font_7 wixui-rich-text__text\"><p>CEHTA este o institu\u021bie mai puternic\u0103.<br \/>Metodele de producere aplicate \u00een terenurile didactice horticole sunt modernizate.<\/p><\/li><li class=\"font_7 wixui-rich-text__text\"><p>80% dintre profesorii de specialitate au beneficiat de cel pu\u021bin 20 de zile de formare \u00een domeniul competen\u021belor de instruire.<\/p><\/li><li class=\"font_7 wixui-rich-text__text\"><p>Fiecare dintre cele trei \u0219coli partenere a \u00eembun\u0103t\u0103\u021bit procesul de \u00eenv\u0103\u021bare \u0219i infrastructura \u00een conformitate cu planurile anuale de \u00eembun\u0103t\u0103\u021bire.<\/p><\/li><li class=\"font_7 wixui-rich-text__text\"><p>To\u021bi profesorii de specialitate (inclusiv to\u021bi profesorii care predau discipline precum \u0219tiin\u021ba solului, protec\u021bia plantelor etc.) au participat la cursuri de formare profesional\u0103.<\/p><\/li><li><p>Colegiul Taul a \u00eenfiin\u021bat o parcel\u0103 demonstrativ\u0103 pentru legume \u0219i o pepinier\u0103 pentru plantarea de arbori \u0219i arbu\u0219ti, care a fost dotat\u0103 cu o plas\u0103 antigrindin\u0103. A fost plantat\u0103 o livad\u0103 de pruni de 5 hectare.<\/p><\/li><li><p>\u00cenfiin\u021barea unui laborator multifunc\u021bional la CEHTA pentru a desf\u0103\u0219ura cursuri de laborator \u0219i practice.<\/p><\/li><\/ol>\t\t\t\t\t\t\t\t<\/div>\n\t\t\t\t<\/div>\n\t\t\t\t<div class=\"elementor-element elementor-element-2b3ca2c7 sc_fly_static elementor-widget elementor-widget-spacer\" data-id=\"2b3ca2c7\" data-element_type=\"widget\" data-e-type=\"widget\" data-widget_type=\"spacer.default\">\n\t\t\t\t<div class=\"elementor-widget-container\">\n\t\t\t\t\t\t\t<div class=\"elementor-spacer\">\n\t\t\t<div class=\"elementor-spacer-inner\"><\/div>\n\t\t<\/div>\n\t\t\t\t\t\t<\/div>\n\t\t\t\t<\/div>\n\t\t\t\t\t<\/div>\n\t\t<\/div>\n\t\t\t\t\t<\/div>\n\t\t<\/section>\n\t\t\t\t<\/div>","protected":false},"excerpt":{"rendered":"<p>Agricultural Education Education for Agriculture (EdAgri) Status Completed Duration 01.07.2015 \u2013 30.06.2018 Partners Ministry of Agriculture, Regional Development, and Environment; Technical University of Moldova Beneficiaries Centre of Excellence in Horticulture and Agricultural Technologies&hellip;<\/p>","protected":false},"author":1,"featured_media":0,"parent":0,"menu_order":0,"comment_status":"closed","ping_status":"closed","template":"","meta":{"footnotes":""},"class_list":["post-7534","page","type-page","status-publish","hentry"],"_links":{"self":[{"href":"https:\/\/led.md\/ro\/wp-json\/wp\/v2\/pages\/7534","targetHints":{"allow":["GET"]}}],"collection":[{"href":"https:\/\/led.md\/ro\/wp-json\/wp\/v2\/pages"}],"about":[{"href":"https:\/\/led.md\/ro\/wp-json\/wp\/v2\/types\/page"}],"author":[{"embeddable":true,"href":"https:\/\/led.md\/ro\/wp-json\/wp\/v2\/users\/1"}],"replies":[{"embeddable":true,"href":"https:\/\/led.md\/ro\/wp-json\/wp\/v2\/comments?post=7534"}],"version-history":[{"count":0,"href":"https:\/\/led.md\/ro\/wp-json\/wp\/v2\/pages\/7534\/revisions"}],"wp:attachment":[{"href":"https:\/\/led.md\/ro\/wp-json\/wp\/v2\/media?parent=7534"}],"curies":[{"name":"wp","href":"https:\/\/api.w.org\/{rel}","templated":true}]}}