{"id":7497,"date":"2023-04-26T11:23:19","date_gmt":"2023-04-26T11:23:19","guid":{"rendered":"https:\/\/led.pride.md\/?page_id=7497"},"modified":"2024-09-05T08:25:24","modified_gmt":"2024-09-05T08:25:24","slug":"impreuna-pentru-eductie-de-calitate","status":"publish","type":"page","link":"https:\/\/led.md\/ro\/impreuna-pentru-eductie-de-calitate\/","title":{"rendered":"Together for quality education Ongoing"},"content":{"rendered":"<div data-elementor-type=\"wp-page\" data-elementor-id=\"7497\" class=\"elementor elementor-7497\">\n\t\t\t\t\t\t<section class=\"elementor-section elementor-top-section elementor-element elementor-element-2588837b elementor-section-stretched elementor-section-boxed elementor-section-height-default elementor-section-height-default\" data-id=\"2588837b\" data-element_type=\"section\" data-e-type=\"section\" data-settings=\"{&quot;background_background&quot;:&quot;classic&quot;,&quot;stretch_section&quot;:&quot;section-stretched&quot;}\">\n\t\t\t\t\t\t<div class=\"elementor-container elementor-column-gap-extended\">\n\t\t\t\t\t<div class=\"elementor-column elementor-col-100 elementor-top-column elementor-element elementor-element-1de89de sc_layouts_column_icons_position_left\" data-id=\"1de89de\" data-element_type=\"column\" data-e-type=\"column\">\n\t\t\t<div class=\"elementor-widget-wrap elementor-element-populated\">\n\t\t\t\t\t\t<section class=\"elementor-section elementor-inner-section elementor-element elementor-element-42819221 elementor-section-boxed elementor-section-height-default elementor-section-height-default\" data-id=\"42819221\" data-element_type=\"section\" data-e-type=\"section\">\n\t\t\t\t\t\t<div class=\"elementor-container elementor-column-gap-extended\">\n\t\t\t\t\t<div class=\"elementor-column elementor-col-100 elementor-inner-column elementor-element elementor-element-76898d72 sc_layouts_column_icons_position_left\" data-id=\"76898d72\" data-element_type=\"column\" data-e-type=\"column\">\n\t\t\t<div class=\"elementor-widget-wrap elementor-element-populated\">\n\t\t\t\t\t\t<div class=\"elementor-element elementor-element-141112b0 sc_fly_static elementor-widget elementor-widget-spacer\" data-id=\"141112b0\" data-element_type=\"widget\" data-e-type=\"widget\" data-widget_type=\"spacer.default\">\n\t\t\t\t<div class=\"elementor-widget-container\">\n\t\t\t\t\t\t\t<div class=\"elementor-spacer\">\n\t\t\t<div class=\"elementor-spacer-inner\"><\/div>\n\t\t<\/div>\n\t\t\t\t\t\t<\/div>\n\t\t\t\t<\/div>\n\t\t\t\t\t<\/div>\n\t\t<\/div>\n\t\t\t\t\t<\/div>\n\t\t<\/section>\n\t\t\t\t<section class=\"elementor-section elementor-inner-section elementor-element elementor-element-4c62635 elementor-section-boxed elementor-section-height-default elementor-section-height-default\" data-id=\"4c62635\" data-element_type=\"section\" data-e-type=\"section\">\n\t\t\t\t\t\t<div class=\"elementor-container elementor-column-gap-no\">\n\t\t\t\t\t<div class=\"elementor-column elementor-col-100 elementor-inner-column elementor-element elementor-element-4124efb4 sc_layouts_column_icons_position_left elementor-invisible\" data-id=\"4124efb4\" data-element_type=\"column\" data-e-type=\"column\" data-settings=\"{&quot;animation&quot;:&quot;fadeInRight&quot;}\">\n\t\t\t<div class=\"elementor-widget-wrap elementor-element-populated\">\n\t\t\t\t\t\t<div class=\"elementor-element elementor-element-5faead9d elementor-widget__width-initial sc_fly_static elementor-widget elementor-widget-trx_sc_title\" data-id=\"5faead9d\" data-element_type=\"widget\" data-e-type=\"widget\" data-widget_type=\"trx_sc_title.default\">\n\t\t\t\t<div class=\"elementor-widget-container\">\n\t\t\t\t\t<div id=\"trx_sc_title_742580773\"\n\t\tclass=\"sc_title sc_title_default\"><h2 class=\"sc_item_title sc_title_title sc_item_title_style_default\"><span class=\"sc_item_title_text\">\u00cempreun\u0103 pentru educa\u021bie de calitate<\/span><\/h2><div class=\"sc_item_descr sc_title_descr\"><table style=\"display: flex; justify-content: space-around;\">\n<tr>\n<td>Statut<\/td>\n<td>\u00cen derulare<\/td>\n<\/tr>\n<tr>\n<td>Durat\u0103<\/td>\n<td>01.10.2021 - 30.09.2024<\/td>\n<\/tr>\n<tr>\n<td>Partener de implementare<\/td>\n<td>Alian\u021ba ONG-urilor active \u00een domeniul Protec\u021biei Sociale a Copilului \u0219i Familiei (APSCF)<\/td>\n<\/tr>\n<tr>\n<td>Parteneri<\/td>\n<td>Ministerul Educa\u021biei \u0219i Cercet\u0103rii, 22 de organiza\u021bii ale societ\u0103\u021bii civile (OSC), comunitatea \u0219colar\u0103, cercet\u0103tori<\/td>\n<\/tr>\n<tr>\n<td>Beneficiari<\/td>\n<td>Tineri din \u00eenv\u0103\u021b\u0103m\u00e2ntul general \u0219i profesional din Republica Moldova<\/td>\n<\/tr>\n<tr>\n<td>Buget<\/td>\n<td>309'913 \u20ac<\/td>\n<\/tr>\n<\/table>\n<\/div><\/div><!-- \/.sc_title -->\t\t\t\t<\/div>\n\t\t\t\t<\/div>\n\t\t\t\t\t<\/div>\n\t\t<\/div>\n\t\t\t\t\t<\/div>\n\t\t<\/section>\n\t\t\t\t<section class=\"elementor-section elementor-inner-section elementor-element elementor-element-305ca1e elementor-section-boxed elementor-section-height-default elementor-section-height-default\" data-id=\"305ca1e\" data-element_type=\"section\" data-e-type=\"section\">\n\t\t\t\t\t\t<div class=\"elementor-container elementor-column-gap-extended\">\n\t\t\t\t\t<div class=\"elementor-column elementor-col-100 elementor-inner-column elementor-element elementor-element-13ff4bf0 sc_layouts_column_icons_position_left\" data-id=\"13ff4bf0\" data-element_type=\"column\" data-e-type=\"column\">\n\t\t\t<div class=\"elementor-widget-wrap elementor-element-populated\">\n\t\t\t\t\t\t<div class=\"elementor-element elementor-element-2a875a6 sc_fly_static elementor-widget elementor-widget-spacer\" data-id=\"2a875a6\" data-element_type=\"widget\" data-e-type=\"widget\" data-widget_type=\"spacer.default\">\n\t\t\t\t<div class=\"elementor-widget-container\">\n\t\t\t\t\t\t\t<div class=\"elementor-spacer\">\n\t\t\t<div class=\"elementor-spacer-inner\"><\/div>\n\t\t<\/div>\n\t\t\t\t\t\t<\/div>\n\t\t\t\t<\/div>\n\t\t\t\t\t<\/div>\n\t\t<\/div>\n\t\t\t\t\t<\/div>\n\t\t<\/section>\n\t\t\t\t\t<\/div>\n\t\t<\/div>\n\t\t\t\t\t<\/div>\n\t\t<\/section>\n\t\t\t\t<section class=\"elementor-section elementor-top-section elementor-element elementor-element-7432005b scheme_modern_dark elementor-section-stretched elementor-section-boxed elementor-section-height-default elementor-section-height-default\" data-id=\"7432005b\" data-element_type=\"section\" data-e-type=\"section\" data-settings=\"{&quot;background_background&quot;:&quot;classic&quot;,&quot;stretch_section&quot;:&quot;section-stretched&quot;}\">\n\t\t\t\t\t\t\t<div class=\"elementor-background-overlay\"><\/div>\n\t\t\t\t\t\t\t<div class=\"elementor-container elementor-column-gap-extended\">\n\t\t\t\t\t<div class=\"elementor-column elementor-col-100 elementor-top-column elementor-element elementor-element-59312665 sc_layouts_column_icons_position_left\" data-id=\"59312665\" data-element_type=\"column\" data-e-type=\"column\">\n\t\t\t<div class=\"elementor-widget-wrap elementor-element-populated\">\n\t\t\t\t\t\t<div class=\"elementor-element elementor-element-1b50e8eb sc_fly_static elementor-widget elementor-widget-spacer\" data-id=\"1b50e8eb\" data-element_type=\"widget\" data-e-type=\"widget\" data-widget_type=\"spacer.default\">\n\t\t\t\t<div class=\"elementor-widget-container\">\n\t\t\t\t\t\t\t<div class=\"elementor-spacer\">\n\t\t\t<div class=\"elementor-spacer-inner\"><\/div>\n\t\t<\/div>\n\t\t\t\t\t\t<\/div>\n\t\t\t\t<\/div>\n\t\t\t\t<div class=\"elementor-element elementor-element-3e70a219 sc_fly_static elementor-widget elementor-widget-heading\" data-id=\"3e70a219\" data-element_type=\"widget\" data-e-type=\"widget\" data-widget_type=\"heading.default\">\n\t\t\t\t<div class=\"elementor-widget-container\">\n\t\t\t\t\t<h2 class=\"elementor-heading-title elementor-size-default\">Descrierea proiectului:<\/h2>\t\t\t\t<\/div>\n\t\t\t\t<\/div>\n\t\t\t\t<div class=\"elementor-element elementor-element-3c39f5a0 sc_fly_static elementor-widget elementor-widget-text-editor\" data-id=\"3c39f5a0\" data-element_type=\"widget\" data-e-type=\"widget\" data-widget_type=\"text-editor.default\">\n\t\t\t\t<div class=\"elementor-widget-container\">\n\t\t\t\t\t\t\t\t\t<p>Raportul UNESCO din 2019 \"\u00cen spatele cifrelor: stoparea violen\u021bei \u0219i a h\u0103r\u021buirii \u00een \u0219coli\" relev\u0103 c\u0103 \u00een Republica Moldova, ponderea total\u0103 a copiilor h\u0103r\u021bui\u021bi este de 34,7% (34,0% \u00een r\u00e2ndul b\u0103ie\u021bilor \u0219i 35,4% \u00een r\u00e2ndul fetelor), ceea ce este mai mare dec\u00e2t \u00een Rom\u00e2nia. Mai recent, studiul UNICEF din 2019 \"Bullying \u00een r\u00e2ndul adolescen\u021bilor din Republica Moldova\" arat\u0103 c\u0103 86,8% din totalul elevilor (clasele 6-12) sunt afecta\u021bi de bullying, iar 34,3% dintre participan\u021bii studia\u021bi au fost at\u00e2t victime, c\u00e2t \u0219i spectatori \u0219i agresori \u00een diverse situa\u021bii. Agresorii reprezint\u0103 41,1% din to\u021bi adolescen\u021bii, victimele bullying-ului reprezint\u0103 70,8% din to\u021bi elevii (clasele 6-12), iar spectatorii reprezint\u0103 75,6% din to\u021bi elevii chestiona\u021bi. Potrivit psihologilor, copiii, indiferent de rolul lor (agresori, victime sau spectatori), sunt de fapt cu to\u021bii victime \u0219i au nevoie de ajutor \u0219i protec\u021bie. Fenomenul nu se va opri de la sine dac\u0103 nu se pun \u00een aplicare ac\u021biuni adecvate.<\/p><p>Pentru a aborda aceast\u0103 problem\u0103, \u00eencep\u00e2nd cu anul 2021, Alian\u021ba ONG-urilor active \u00een domeniul protec\u021biei sociale a copilului \u0219i familiei (APSCF), implementeaz\u0103, cu sprijinul financiar al Funda\u021biei Liechtenstein Development Services (LED), proiectul \"\u00cempreun\u0103 pentru o educa\u021bie de calitate\". Proiectul \u00ee\u0219i propune s\u0103 contribuie la crearea unui mediu \u0219colar mai sigur \u0219i mai protector pentru elevi, lipsit de bullying \u0219i cyberbullying. Pentru atingerea obiectivului, strategia proiectului este de a interveni pe dou\u0103 dimensiuni: 1. Advocacy bazat pe dovezi pentru \u00eembun\u0103t\u0103\u021birea cadrului politic anti-bullying \u0219i a mecanismelor de interven\u021bie \u0219i prevenire a bullying-ului \u00een \u0219coli \u0219i 2. Campanie de informare \u0219i sensibilizare bazat\u0103 pe dovezi pentru combaterea bullying-ului \u0219i a cyberbullying-ului.<\/p><p>Activit\u0103\u021bile proiectului includ instruirea OSC partenere \u00een cadrul proiectului, realizarea de studii sociologice \u0219i cercet\u0103ri academice, desf\u0103\u0219urarea unei campanii de informare \u0219i sensibilizare, elaborarea \u0219i promovarea a dou\u0103 politici publice, elaborarea unui ghid de prevenire a bullying-ului, activit\u0103\u021bi de advocacy bazate pe dovezi \u0219i alocarea de granturi pentru OSC-uri pentru implementarea activit\u0103\u021bilor de prevenire \u0219i interven\u021bie \u00eempotriva bullying-ului \u0219i cyberbullying-ului \u00een \u0219colile din Republica Moldova.<\/p>\t\t\t\t\t\t\t\t<\/div>\n\t\t\t\t<\/div>\n\t\t\t\t<div class=\"elementor-element elementor-element-1da0bcd3 sc_fly_static elementor-widget elementor-widget-spacer\" data-id=\"1da0bcd3\" data-element_type=\"widget\" data-e-type=\"widget\" data-widget_type=\"spacer.default\">\n\t\t\t\t<div class=\"elementor-widget-container\">\n\t\t\t\t\t\t\t<div class=\"elementor-spacer\">\n\t\t\t<div class=\"elementor-spacer-inner\"><\/div>\n\t\t<\/div>\n\t\t\t\t\t\t<\/div>\n\t\t\t\t<\/div>\n\t\t\t\t\t<\/div>\n\t\t<\/div>\n\t\t\t\t\t<\/div>\n\t\t<\/section>\n\t\t\t\t<section class=\"elementor-section elementor-top-section elementor-element elementor-element-3983a8e0 elementor-section-stretched elementor-section-boxed elementor-section-height-default elementor-section-height-default\" data-id=\"3983a8e0\" data-element_type=\"section\" data-e-type=\"section\" data-settings=\"{&quot;background_background&quot;:&quot;classic&quot;,&quot;stretch_section&quot;:&quot;section-stretched&quot;}\">\n\t\t\t\t\t\t<div class=\"elementor-container elementor-column-gap-extended\">\n\t\t\t\t\t<div class=\"elementor-column elementor-col-100 elementor-top-column elementor-element elementor-element-8ae380f sc_layouts_column_icons_position_left\" data-id=\"8ae380f\" data-element_type=\"column\" data-e-type=\"column\">\n\t\t\t<div class=\"elementor-widget-wrap elementor-element-populated\">\n\t\t\t\t\t\t<div class=\"elementor-element elementor-element-499bd29d sc_fly_static elementor-widget elementor-widget-spacer\" data-id=\"499bd29d\" data-element_type=\"widget\" data-e-type=\"widget\" data-widget_type=\"spacer.default\">\n\t\t\t\t<div class=\"elementor-widget-container\">\n\t\t\t\t\t\t\t<div class=\"elementor-spacer\">\n\t\t\t<div class=\"elementor-spacer-inner\"><\/div>\n\t\t<\/div>\n\t\t\t\t\t\t<\/div>\n\t\t\t\t<\/div>\n\t\t\t\t\t<\/div>\n\t\t<\/div>\n\t\t\t\t\t<\/div>\n\t\t<\/section>\n\t\t\t\t<section class=\"elementor-section elementor-top-section elementor-element elementor-element-432ce8f4 elementor-section-stretched scheme_modern_dark elementor-section-boxed elementor-section-height-default elementor-section-height-default\" data-id=\"432ce8f4\" data-element_type=\"section\" data-e-type=\"section\" data-settings=\"{&quot;background_background&quot;:&quot;classic&quot;,&quot;stretch_section&quot;:&quot;section-stretched&quot;}\">\n\t\t\t\t\t\t<div class=\"elementor-container elementor-column-gap-extended\">\n\t\t\t\t\t<div class=\"elementor-column elementor-col-50 elementor-top-column elementor-element elementor-element-4abbae0 sc_layouts_column_icons_position_left elementor-invisible\" data-id=\"4abbae0\" data-element_type=\"column\" data-e-type=\"column\" data-settings=\"{&quot;animation&quot;:&quot;fadeInLeft&quot;}\">\n\t\t\t<div class=\"elementor-widget-wrap elementor-element-populated\">\n\t\t\t\t\t\t<div class=\"elementor-element elementor-element-1e248f83 scheme_dark sc_fly_static elementor-widget elementor-widget-heading\" data-id=\"1e248f83\" data-element_type=\"widget\" data-e-type=\"widget\" data-widget_type=\"heading.default\">\n\t\t\t\t<div class=\"elementor-widget-container\">\n\t\t\t\t\t<h2 class=\"elementor-heading-title elementor-size-default\">Obiective:<\/h2>\t\t\t\t<\/div>\n\t\t\t\t<\/div>\n\t\t\t\t<div class=\"elementor-element elementor-element-7c562898 sc_fly_static elementor-widget elementor-widget-spacer\" data-id=\"7c562898\" data-element_type=\"widget\" data-e-type=\"widget\" data-widget_type=\"spacer.default\">\n\t\t\t\t<div class=\"elementor-widget-container\">\n\t\t\t\t\t\t\t<div class=\"elementor-spacer\">\n\t\t\t<div class=\"elementor-spacer-inner\"><\/div>\n\t\t<\/div>\n\t\t\t\t\t\t<\/div>\n\t\t\t\t<\/div>\n\t\t\t\t<div class=\"elementor-element elementor-element-db65a41 sc_fly_static elementor-widget elementor-widget-text-editor\" data-id=\"db65a41\" data-element_type=\"widget\" data-e-type=\"widget\" data-widget_type=\"text-editor.default\">\n\t\t\t\t<div class=\"elementor-widget-container\">\n\t\t\t\t\t\t\t\t\t<ul class=\"color_11 font_8 wixui-rich-text__text\"><li class=\"wixui-rich-text__text\"><p>Obiectiv general: Crearea unui mediu \u0219colar mai sigur \u0219i mai protector pentru elevi, lipsit de bullying \u0219i cyberbullying.<\/p><\/li><li class=\"wixui-rich-text__text\"><p>Obiectiv intermediar: Autorit\u0103\u021bile \u0219colare \u0219i comunitatea sunt implicate \u00een prevenirea \u0219i combaterea bullying-ului \u0219i cyberbullying-ului OSC-urile din Moldova ini\u021biaz\u0103 \u0219i implementeaz\u0103 activit\u0103\u021bi eficiente de advocacy \u00eempotriva bullying-ului \u0219i cyberbullying-ului;<\/p><\/li><li class=\"wixui-rich-text__text\"><p>Intermediate objective: School authorities and the community are involved in preventing and combating bullying and cyberbullying CSOs in Moldova initiate and implement effective advocacy activities against bullying and cyberbullying;<\/p><\/li><\/ul>\t\t\t\t\t\t\t\t<\/div>\n\t\t\t\t<\/div>\n\t\t\t\t\t<\/div>\n\t\t<\/div>\n\t\t\t\t<div class=\"elementor-column elementor-col-50 elementor-top-column elementor-element elementor-element-13d8a31f sc_layouts_column_icons_position_left elementor-invisible\" data-id=\"13d8a31f\" data-element_type=\"column\" data-e-type=\"column\" data-settings=\"{&quot;animation&quot;:&quot;fadeInUp&quot;}\">\n\t\t\t<div class=\"elementor-widget-wrap elementor-element-populated\">\n\t\t\t\t\t\t<div class=\"elementor-element elementor-element-ecede6e sc_fly_static elementor-widget elementor-widget-spacer\" data-id=\"ecede6e\" data-element_type=\"widget\" data-e-type=\"widget\" data-widget_type=\"spacer.default\">\n\t\t\t\t<div class=\"elementor-widget-container\">\n\t\t\t\t\t\t\t<div class=\"elementor-spacer\">\n\t\t\t<div class=\"elementor-spacer-inner\"><\/div>\n\t\t<\/div>\n\t\t\t\t\t\t<\/div>\n\t\t\t\t<\/div>\n\t\t\t\t\t<\/div>\n\t\t<\/div>\n\t\t\t\t\t<\/div>\n\t\t<\/section>\n\t\t\t\t<section class=\"elementor-section elementor-top-section elementor-element elementor-element-154d82ec elementor-section-stretched elementor-section-boxed elementor-section-height-default elementor-section-height-default\" data-id=\"154d82ec\" data-element_type=\"section\" data-e-type=\"section\" data-settings=\"{&quot;background_background&quot;:&quot;classic&quot;,&quot;stretch_section&quot;:&quot;section-stretched&quot;}\">\n\t\t\t\t\t\t<div class=\"elementor-container elementor-column-gap-extended\">\n\t\t\t\t\t<div class=\"elementor-column elementor-col-100 elementor-top-column elementor-element elementor-element-5ceb2b48 sc_layouts_column_icons_position_left\" data-id=\"5ceb2b48\" data-element_type=\"column\" data-e-type=\"column\">\n\t\t\t<div class=\"elementor-widget-wrap elementor-element-populated\">\n\t\t\t\t\t\t<div class=\"elementor-element elementor-element-6ab91f8f sc_fly_static elementor-widget elementor-widget-spacer\" data-id=\"6ab91f8f\" data-element_type=\"widget\" data-e-type=\"widget\" data-widget_type=\"spacer.default\">\n\t\t\t\t<div class=\"elementor-widget-container\">\n\t\t\t\t\t\t\t<div class=\"elementor-spacer\">\n\t\t\t<div class=\"elementor-spacer-inner\"><\/div>\n\t\t<\/div>\n\t\t\t\t\t\t<\/div>\n\t\t\t\t<\/div>\n\t\t\t\t\t<\/div>\n\t\t<\/div>\n\t\t\t\t\t<\/div>\n\t\t<\/section>\n\t\t\t\t<section class=\"elementor-section elementor-top-section elementor-element elementor-element-5a0f688b scheme_modern_dark elementor-section-stretched elementor-section-boxed elementor-section-height-default elementor-section-height-default\" data-id=\"5a0f688b\" data-element_type=\"section\" data-e-type=\"section\" data-settings=\"{&quot;background_background&quot;:&quot;classic&quot;,&quot;stretch_section&quot;:&quot;section-stretched&quot;}\">\n\t\t\t\t\t\t\t<div class=\"elementor-background-overlay\"><\/div>\n\t\t\t\t\t\t\t<div class=\"elementor-container elementor-column-gap-extended\">\n\t\t\t\t\t<div class=\"elementor-column elementor-col-100 elementor-top-column elementor-element elementor-element-62ca82b2 sc_layouts_column_icons_position_left\" data-id=\"62ca82b2\" data-element_type=\"column\" data-e-type=\"column\">\n\t\t\t<div class=\"elementor-widget-wrap elementor-element-populated\">\n\t\t\t\t\t\t<div class=\"elementor-element elementor-element-4f5a587 sc_fly_static elementor-widget elementor-widget-spacer\" data-id=\"4f5a587\" data-element_type=\"widget\" data-e-type=\"widget\" data-widget_type=\"spacer.default\">\n\t\t\t\t<div class=\"elementor-widget-container\">\n\t\t\t\t\t\t\t<div class=\"elementor-spacer\">\n\t\t\t<div class=\"elementor-spacer-inner\"><\/div>\n\t\t<\/div>\n\t\t\t\t\t\t<\/div>\n\t\t\t\t<\/div>\n\t\t\t\t<div class=\"elementor-element elementor-element-74bf4203 sc_fly_static elementor-widget elementor-widget-heading\" data-id=\"74bf4203\" data-element_type=\"widget\" data-e-type=\"widget\" data-widget_type=\"heading.default\">\n\t\t\t\t<div class=\"elementor-widget-container\">\n\t\t\t\t\t<h2 class=\"elementor-heading-title elementor-size-default\">Rezultate scontate:<\/h2>\t\t\t\t<\/div>\n\t\t\t\t<\/div>\n\t\t\t\t<div class=\"elementor-element elementor-element-6d39563c sc_fly_static elementor-widget elementor-widget-text-editor\" data-id=\"6d39563c\" data-element_type=\"widget\" data-e-type=\"widget\" data-widget_type=\"text-editor.default\">\n\t\t\t\t<div class=\"elementor-widget-container\">\n\t\t\t\t\t\t\t\t\t<ul><li class=\"font_8 wixui-rich-text__text\">Rezultatul 1: Sus\u021binerea bazat\u0103 pe dovezi pentru \u00eembun\u0103t\u0103\u021birea cadrului politic anti-bullying \u0219i a mecanismelor de interven\u021bie \u0219i prevenire a bullying-ului \u00een \u0219coli.<\/li><li class=\"font_8 wixui-rich-text__text\">Rezultatul 2: Campanie de informare \u0219i con\u0219tientizare bazat\u0103 pe dovezi pentru a combate bullying-ul \u0219i cyberbullying-ul.<\/li><\/ul>\t\t\t\t\t\t\t\t<\/div>\n\t\t\t\t<\/div>\n\t\t\t\t<div class=\"elementor-element elementor-element-40aae49e sc_fly_static elementor-widget elementor-widget-spacer\" data-id=\"40aae49e\" data-element_type=\"widget\" data-e-type=\"widget\" data-widget_type=\"spacer.default\">\n\t\t\t\t<div class=\"elementor-widget-container\">\n\t\t\t\t\t\t\t<div class=\"elementor-spacer\">\n\t\t\t<div class=\"elementor-spacer-inner\"><\/div>\n\t\t<\/div>\n\t\t\t\t\t\t<\/div>\n\t\t\t\t<\/div>\n\t\t\t\t\t<\/div>\n\t\t<\/div>\n\t\t\t\t\t<\/div>\n\t\t<\/section>\n\t\t\t\t<\/div>","protected":false},"excerpt":{"rendered":"<p>Together for quality education Status Ongoing Durat\u0103 01.10.2021 &#8211; 30.09.2024 Implementing partner Alliance of NGOs active in the field of Child and Family Welfare (APSCF) Partners Ministry of Education and Research, 22 civil&hellip;<\/p>","protected":false},"author":1,"featured_media":0,"parent":0,"menu_order":0,"comment_status":"closed","ping_status":"closed","template":"","meta":{"footnotes":""},"class_list":["post-7497","page","type-page","status-publish","hentry"],"_links":{"self":[{"href":"https:\/\/led.md\/ro\/wp-json\/wp\/v2\/pages\/7497","targetHints":{"allow":["GET"]}}],"collection":[{"href":"https:\/\/led.md\/ro\/wp-json\/wp\/v2\/pages"}],"about":[{"href":"https:\/\/led.md\/ro\/wp-json\/wp\/v2\/types\/page"}],"author":[{"embeddable":true,"href":"https:\/\/led.md\/ro\/wp-json\/wp\/v2\/users\/1"}],"replies":[{"embeddable":true,"href":"https:\/\/led.md\/ro\/wp-json\/wp\/v2\/comments?post=7497"}],"version-history":[{"count":0,"href":"https:\/\/led.md\/ro\/wp-json\/wp\/v2\/pages\/7497\/revisions"}],"wp:attachment":[{"href":"https:\/\/led.md\/ro\/wp-json\/wp\/v2\/media?parent=7497"}],"curies":[{"name":"wp","href":"https:\/\/api.w.org\/{rel}","templated":true}]}}