{"id":7368,"date":"2023-04-25T13:21:28","date_gmt":"2023-04-25T13:21:28","guid":{"rendered":"https:\/\/led.pride.md\/?page_id=7368"},"modified":"2024-09-05T08:24:10","modified_gmt":"2024-09-05T08:24:10","slug":"energie-regenerabila","status":"publish","type":"page","link":"https:\/\/led.md\/ro\/energie-regenerabila\/","title":{"rendered":"Renewable Energy Completed"},"content":{"rendered":"<div data-elementor-type=\"wp-page\" data-elementor-id=\"7368\" class=\"elementor elementor-7368\">\n\t\t\t\t\t\t<section class=\"elementor-section elementor-top-section elementor-element elementor-element-27260710 elementor-section-stretched elementor-section-boxed elementor-section-height-default elementor-section-height-default\" data-id=\"27260710\" data-element_type=\"section\" data-e-type=\"section\" data-settings=\"{&quot;background_background&quot;:&quot;classic&quot;,&quot;stretch_section&quot;:&quot;section-stretched&quot;}\">\n\t\t\t\t\t\t<div class=\"elementor-container elementor-column-gap-extended\">\n\t\t\t\t\t<div class=\"elementor-column elementor-col-100 elementor-top-column elementor-element elementor-element-14e05ff2 sc_layouts_column_icons_position_left\" data-id=\"14e05ff2\" data-element_type=\"column\" data-e-type=\"column\">\n\t\t\t<div class=\"elementor-widget-wrap elementor-element-populated\">\n\t\t\t\t\t\t<section class=\"elementor-section elementor-inner-section elementor-element elementor-element-cca9d74 elementor-section-boxed elementor-section-height-default elementor-section-height-default\" data-id=\"cca9d74\" data-element_type=\"section\" data-e-type=\"section\">\n\t\t\t\t\t\t<div class=\"elementor-container elementor-column-gap-extended\">\n\t\t\t\t\t<div class=\"elementor-column elementor-col-100 elementor-inner-column elementor-element elementor-element-1da6e1d4 sc_layouts_column_icons_position_left\" data-id=\"1da6e1d4\" data-element_type=\"column\" data-e-type=\"column\">\n\t\t\t<div class=\"elementor-widget-wrap elementor-element-populated\">\n\t\t\t\t\t\t<div class=\"elementor-element elementor-element-65b554f6 sc_fly_static elementor-widget elementor-widget-spacer\" data-id=\"65b554f6\" data-element_type=\"widget\" data-e-type=\"widget\" data-widget_type=\"spacer.default\">\n\t\t\t\t<div class=\"elementor-widget-container\">\n\t\t\t\t\t\t\t<div class=\"elementor-spacer\">\n\t\t\t<div class=\"elementor-spacer-inner\"><\/div>\n\t\t<\/div>\n\t\t\t\t\t\t<\/div>\n\t\t\t\t<\/div>\n\t\t\t\t\t<\/div>\n\t\t<\/div>\n\t\t\t\t\t<\/div>\n\t\t<\/section>\n\t\t\t\t<section class=\"elementor-section elementor-inner-section elementor-element elementor-element-1dd64085 elementor-section-boxed elementor-section-height-default elementor-section-height-default\" data-id=\"1dd64085\" data-element_type=\"section\" data-e-type=\"section\">\n\t\t\t\t\t\t<div class=\"elementor-container elementor-column-gap-no\">\n\t\t\t\t\t<div class=\"elementor-column elementor-col-50 elementor-inner-column elementor-element elementor-element-5b377bfe sc_layouts_column_icons_position_left elementor-invisible\" data-id=\"5b377bfe\" data-element_type=\"column\" data-e-type=\"column\" data-settings=\"{&quot;animation&quot;:&quot;fadeInLeft&quot;}\">\n\t\t\t<div class=\"elementor-widget-wrap elementor-element-populated\">\n\t\t\t\t\t\t<div class=\"elementor-element elementor-element-3667c7c2 sc_fly_static elementor-widget elementor-widget-image\" data-id=\"3667c7c2\" data-element_type=\"widget\" data-e-type=\"widget\" data-widget_type=\"image.default\">\n\t\t\t\t<div class=\"elementor-widget-container\">\n\t\t\t\t\t\t\t\t\t\t\t\t\t\t\t<img fetchpriority=\"high\" decoding=\"async\" width=\"309\" height=\"224\" src=\"https:\/\/led.md\/wp-content\/uploads\/2023\/04\/project-3-back.jpg\" class=\"attachment-full size-full wp-image-7371\" alt=\"\" srcset=\"https:\/\/led.md\/wp-content\/uploads\/2023\/04\/project-3-back.jpg 309w, https:\/\/led.md\/wp-content\/uploads\/2023\/04\/project-3-back-18x12.jpg 18w\" sizes=\"(max-width: 309px) 100vw, 309px\" \/>\t\t\t\t\t\t\t\t\t\t\t\t\t\t\t<\/div>\n\t\t\t\t<\/div>\n\t\t\t\t<div class=\"elementor-element elementor-element-13e72e9a sc_fly_static elementor-widget elementor-widget-spacer\" data-id=\"13e72e9a\" data-element_type=\"widget\" data-e-type=\"widget\" data-widget_type=\"spacer.default\">\n\t\t\t\t<div class=\"elementor-widget-container\">\n\t\t\t\t\t\t\t<div class=\"elementor-spacer\">\n\t\t\t<div class=\"elementor-spacer-inner\"><\/div>\n\t\t<\/div>\n\t\t\t\t\t\t<\/div>\n\t\t\t\t<\/div>\n\t\t\t\t\t<\/div>\n\t\t<\/div>\n\t\t\t\t<div class=\"elementor-column elementor-col-50 elementor-inner-column elementor-element elementor-element-1b33eac8 sc_layouts_column_icons_position_left elementor-invisible\" data-id=\"1b33eac8\" data-element_type=\"column\" data-e-type=\"column\" data-settings=\"{&quot;animation&quot;:&quot;fadeInRight&quot;}\">\n\t\t\t<div class=\"elementor-widget-wrap elementor-element-populated\">\n\t\t\t\t\t\t<div class=\"elementor-element elementor-element-5ded49ad sc_fly_static elementor-widget elementor-widget-trx_sc_title\" data-id=\"5ded49ad\" data-element_type=\"widget\" data-e-type=\"widget\" data-widget_type=\"trx_sc_title.default\">\n\t\t\t\t<div class=\"elementor-widget-container\">\n\t\t\t\t\t<div id=\"trx_sc_title_185244777\"\n\t\tclass=\"sc_title sc_title_default\"><h2 class=\"sc_item_title sc_title_title sc_item_title_style_default\"><span class=\"sc_item_title_text\">Renewable energy<\/span><\/h2><div class=\"sc_item_descr sc_title_descr\"><p>SECI - Ini\u021biative de Dezvoltare a Competen\u021belor \u00een Domeniul Energiei Solare<\/p>\n<table style=\"display: flex; justify-content: space-around;\">\n<tr>\n<td>Statut<\/td>\n<td>Finalizat<\/td>\n<\/tr>\n<tr>\n<td>Durat\u0103<\/td>\n<td>01.01.2019 - 31.12.2021<\/td>\n<\/tr>\n<tr>\n<td>Implementatori<\/td>\n<td>Asocia\u021bia Educa\u021bie pentru Dezvoltare<\/td>\n<\/tr>\n<tr>\n<td>Parteneri<\/td>\n<td>Ministerul Educa\u021biei, Culturii \u0219i Cercet\u0103rii<\/td>\n<\/tr>\n<tr>\n<td>Beneficiari<\/td>\n<td>Centrul de Excelen\u021b\u0103 \u00een Construc\u021bii (CEC), Centrul de Excelen\u021b\u0103 \u00een Energetic\u0103 \u0219i Electronic\u0103 (CEEE)<\/td>\n<\/tr>\n<tr>\n<td>Buget<\/td>\n<td>138\u2019124 \u20ac<\/td>\n<\/tr>\n<\/table>\n<\/div><\/div><!-- \/.sc_title -->\t\t\t\t<\/div>\n\t\t\t\t<\/div>\n\t\t\t\t\t<\/div>\n\t\t<\/div>\n\t\t\t\t\t<\/div>\n\t\t<\/section>\n\t\t\t\t<section class=\"elementor-section elementor-inner-section elementor-element elementor-element-4e02eb20 elementor-section-boxed elementor-section-height-default elementor-section-height-default\" data-id=\"4e02eb20\" data-element_type=\"section\" data-e-type=\"section\">\n\t\t\t\t\t\t<div class=\"elementor-container elementor-column-gap-extended\">\n\t\t\t\t\t<div class=\"elementor-column elementor-col-100 elementor-inner-column elementor-element elementor-element-5d222da5 sc_layouts_column_icons_position_left\" data-id=\"5d222da5\" data-element_type=\"column\" data-e-type=\"column\">\n\t\t\t<div class=\"elementor-widget-wrap elementor-element-populated\">\n\t\t\t\t\t\t<div class=\"elementor-element elementor-element-24d6ee9b sc_fly_static elementor-widget elementor-widget-spacer\" data-id=\"24d6ee9b\" data-element_type=\"widget\" data-e-type=\"widget\" data-widget_type=\"spacer.default\">\n\t\t\t\t<div class=\"elementor-widget-container\">\n\t\t\t\t\t\t\t<div class=\"elementor-spacer\">\n\t\t\t<div class=\"elementor-spacer-inner\"><\/div>\n\t\t<\/div>\n\t\t\t\t\t\t<\/div>\n\t\t\t\t<\/div>\n\t\t\t\t\t<\/div>\n\t\t<\/div>\n\t\t\t\t\t<\/div>\n\t\t<\/section>\n\t\t\t\t\t<\/div>\n\t\t<\/div>\n\t\t\t\t\t<\/div>\n\t\t<\/section>\n\t\t\t\t<section class=\"elementor-section elementor-top-section elementor-element elementor-element-19399cb8 scheme_modern_dark elementor-section-stretched elementor-section-boxed elementor-section-height-default elementor-section-height-default\" data-id=\"19399cb8\" data-element_type=\"section\" data-e-type=\"section\" data-settings=\"{&quot;background_background&quot;:&quot;classic&quot;,&quot;stretch_section&quot;:&quot;section-stretched&quot;}\">\n\t\t\t\t\t\t\t<div class=\"elementor-background-overlay\"><\/div>\n\t\t\t\t\t\t\t<div class=\"elementor-container elementor-column-gap-extended\">\n\t\t\t\t\t<div class=\"elementor-column elementor-col-100 elementor-top-column elementor-element elementor-element-4c77f8d3 sc_layouts_column_icons_position_left\" data-id=\"4c77f8d3\" data-element_type=\"column\" data-e-type=\"column\">\n\t\t\t<div class=\"elementor-widget-wrap elementor-element-populated\">\n\t\t\t\t\t\t<div class=\"elementor-element elementor-element-4a59f5df sc_fly_static elementor-widget elementor-widget-spacer\" data-id=\"4a59f5df\" data-element_type=\"widget\" data-e-type=\"widget\" data-widget_type=\"spacer.default\">\n\t\t\t\t<div class=\"elementor-widget-container\">\n\t\t\t\t\t\t\t<div class=\"elementor-spacer\">\n\t\t\t<div class=\"elementor-spacer-inner\"><\/div>\n\t\t<\/div>\n\t\t\t\t\t\t<\/div>\n\t\t\t\t<\/div>\n\t\t\t\t<div class=\"elementor-element elementor-element-651d9021 sc_fly_static elementor-widget elementor-widget-heading\" data-id=\"651d9021\" data-element_type=\"widget\" data-e-type=\"widget\" data-widget_type=\"heading.default\">\n\t\t\t\t<div class=\"elementor-widget-container\">\n\t\t\t\t\t<h2 class=\"elementor-heading-title elementor-size-default\">Descrierea proiectului:<\/h2>\t\t\t\t<\/div>\n\t\t\t\t<\/div>\n\t\t\t\t<div class=\"elementor-element elementor-element-4d3ccab6 sc_fly_static elementor-widget elementor-widget-text-editor\" data-id=\"4d3ccab6\" data-element_type=\"widget\" data-e-type=\"widget\" data-widget_type=\"text-editor.default\">\n\t\t\t\t<div class=\"elementor-widget-container\">\n\t\t\t\t\t\t\t\t\t<p>Proiectul inten\u021bioneaz\u0103 s\u0103\u00a0consolideze\u00a0capacitatea furnizorilor de instruiri pentru tehnologiile \u00een utilizarea energiei solare (sisteme\u00a0fotovoltaice,\u00a0sisteme\u00a0termice\u00a0solare, pompe de c\u0103ldur\u0103);\u00a0astfel, contribuind\u00a0la dezvoltarea sectorului energetic de surse regenerabile din Moldova.<\/p>\t\t\t\t\t\t\t\t<\/div>\n\t\t\t\t<\/div>\n\t\t\t\t<div class=\"elementor-element elementor-element-d3af1a2 sc_fly_static elementor-widget elementor-widget-spacer\" data-id=\"d3af1a2\" data-element_type=\"widget\" data-e-type=\"widget\" data-widget_type=\"spacer.default\">\n\t\t\t\t<div class=\"elementor-widget-container\">\n\t\t\t\t\t\t\t<div class=\"elementor-spacer\">\n\t\t\t<div class=\"elementor-spacer-inner\"><\/div>\n\t\t<\/div>\n\t\t\t\t\t\t<\/div>\n\t\t\t\t<\/div>\n\t\t\t\t\t<\/div>\n\t\t<\/div>\n\t\t\t\t\t<\/div>\n\t\t<\/section>\n\t\t\t\t<section class=\"elementor-section elementor-top-section elementor-element elementor-element-169a653b elementor-section-stretched elementor-section-boxed elementor-section-height-default elementor-section-height-default\" data-id=\"169a653b\" data-element_type=\"section\" data-e-type=\"section\" data-settings=\"{&quot;background_background&quot;:&quot;classic&quot;,&quot;stretch_section&quot;:&quot;section-stretched&quot;}\">\n\t\t\t\t\t\t<div class=\"elementor-container elementor-column-gap-extended\">\n\t\t\t\t\t<div class=\"elementor-column elementor-col-100 elementor-top-column elementor-element elementor-element-36334ae7 sc_layouts_column_icons_position_left\" data-id=\"36334ae7\" data-element_type=\"column\" data-e-type=\"column\">\n\t\t\t<div class=\"elementor-widget-wrap elementor-element-populated\">\n\t\t\t\t\t\t<div class=\"elementor-element elementor-element-6ad8a02b sc_fly_static elementor-widget elementor-widget-spacer\" data-id=\"6ad8a02b\" data-element_type=\"widget\" data-e-type=\"widget\" data-widget_type=\"spacer.default\">\n\t\t\t\t<div class=\"elementor-widget-container\">\n\t\t\t\t\t\t\t<div class=\"elementor-spacer\">\n\t\t\t<div class=\"elementor-spacer-inner\"><\/div>\n\t\t<\/div>\n\t\t\t\t\t\t<\/div>\n\t\t\t\t<\/div>\n\t\t\t\t\t<\/div>\n\t\t<\/div>\n\t\t\t\t\t<\/div>\n\t\t<\/section>\n\t\t\t\t<section class=\"elementor-section elementor-top-section elementor-element elementor-element-19a38e4f elementor-section-stretched scheme_modern_dark elementor-section-boxed elementor-section-height-default elementor-section-height-default\" data-id=\"19a38e4f\" data-element_type=\"section\" data-e-type=\"section\" data-settings=\"{&quot;background_background&quot;:&quot;classic&quot;,&quot;stretch_section&quot;:&quot;section-stretched&quot;}\">\n\t\t\t\t\t\t<div class=\"elementor-container elementor-column-gap-extended\">\n\t\t\t\t\t<div class=\"elementor-column elementor-col-50 elementor-top-column elementor-element elementor-element-3666eb00 sc_layouts_column_icons_position_left elementor-invisible\" data-id=\"3666eb00\" data-element_type=\"column\" data-e-type=\"column\" data-settings=\"{&quot;animation&quot;:&quot;fadeInLeft&quot;}\">\n\t\t\t<div class=\"elementor-widget-wrap elementor-element-populated\">\n\t\t\t\t\t\t<div class=\"elementor-element elementor-element-48d2e11c scheme_dark sc_fly_static elementor-widget elementor-widget-heading\" data-id=\"48d2e11c\" data-element_type=\"widget\" data-e-type=\"widget\" data-widget_type=\"heading.default\">\n\t\t\t\t<div class=\"elementor-widget-container\">\n\t\t\t\t\t<h2 class=\"elementor-heading-title elementor-size-default\">Obiective:<\/h2>\t\t\t\t<\/div>\n\t\t\t\t<\/div>\n\t\t\t\t<div class=\"elementor-element elementor-element-60471c98 sc_fly_static elementor-widget elementor-widget-spacer\" data-id=\"60471c98\" data-element_type=\"widget\" data-e-type=\"widget\" data-widget_type=\"spacer.default\">\n\t\t\t\t<div class=\"elementor-widget-container\">\n\t\t\t\t\t\t\t<div class=\"elementor-spacer\">\n\t\t\t<div class=\"elementor-spacer-inner\"><\/div>\n\t\t<\/div>\n\t\t\t\t\t\t<\/div>\n\t\t\t\t<\/div>\n\t\t\t\t<div class=\"elementor-element elementor-element-3a6b6510 sc_fly_static elementor-widget elementor-widget-text-editor\" data-id=\"3a6b6510\" data-element_type=\"widget\" data-e-type=\"widget\" data-widget_type=\"text-editor.default\">\n\t\t\t\t<div class=\"elementor-widget-container\">\n\t\t\t\t\t\t\t\t\t<ol class=\"font_8 wixui-rich-text__text\"><li class=\"wixui-rich-text__text\"><p>Consolidarea competen\u021belor cadrelor didactice care preg\u0103tesc speciali\u0219ti \u00een domeniul energiei regenerabile: sisteme fotovoltaice, sisteme solare termice \u0219i pompe de c\u0103ldur\u0103.<\/p><\/li><li class=\"wixui-rich-text__text\"><p>Elaborarea materialelor \u0219i dou\u0103 suporturi de curs (con\u021binuturi) pentru cadrele didactice\u00a0care predau aceste cursuri.<\/p><\/li><li class=\"wixui-rich-text__text\"><p>Instalarea primelor echipamente tehnice \u00een scopuri didactice \u0219i elaborarea unui plan pentru dezvoltarea ulterioar\u0103 a capacit\u0103\u021bilor \u00een aceste domenii.<\/p><\/li><\/ol>\t\t\t\t\t\t\t\t<\/div>\n\t\t\t\t<\/div>\n\t\t\t\t\t<\/div>\n\t\t<\/div>\n\t\t\t\t<div class=\"elementor-column elementor-col-50 elementor-top-column elementor-element elementor-element-466d3866 sc_layouts_column_icons_position_left elementor-invisible\" data-id=\"466d3866\" data-element_type=\"column\" data-e-type=\"column\" data-settings=\"{&quot;animation&quot;:&quot;fadeInUp&quot;}\">\n\t\t\t<div class=\"elementor-widget-wrap elementor-element-populated\">\n\t\t\t\t\t\t<div class=\"elementor-element elementor-element-a378239 sc_fly_static elementor-widget elementor-widget-spacer\" data-id=\"a378239\" data-element_type=\"widget\" data-e-type=\"widget\" data-widget_type=\"spacer.default\">\n\t\t\t\t<div class=\"elementor-widget-container\">\n\t\t\t\t\t\t\t<div class=\"elementor-spacer\">\n\t\t\t<div class=\"elementor-spacer-inner\"><\/div>\n\t\t<\/div>\n\t\t\t\t\t\t<\/div>\n\t\t\t\t<\/div>\n\t\t\t\t\t<\/div>\n\t\t<\/div>\n\t\t\t\t\t<\/div>\n\t\t<\/section>\n\t\t\t\t<section class=\"elementor-section elementor-top-section elementor-element elementor-element-414eb6e2 elementor-section-stretched elementor-section-boxed elementor-section-height-default elementor-section-height-default\" data-id=\"414eb6e2\" data-element_type=\"section\" data-e-type=\"section\" data-settings=\"{&quot;background_background&quot;:&quot;classic&quot;,&quot;stretch_section&quot;:&quot;section-stretched&quot;}\">\n\t\t\t\t\t\t<div class=\"elementor-container elementor-column-gap-extended\">\n\t\t\t\t\t<div class=\"elementor-column elementor-col-100 elementor-top-column elementor-element elementor-element-41e2e2b5 sc_layouts_column_icons_position_left\" data-id=\"41e2e2b5\" data-element_type=\"column\" data-e-type=\"column\">\n\t\t\t<div class=\"elementor-widget-wrap elementor-element-populated\">\n\t\t\t\t\t\t<div class=\"elementor-element elementor-element-46b5a4e6 sc_fly_static elementor-widget elementor-widget-spacer\" data-id=\"46b5a4e6\" data-element_type=\"widget\" data-e-type=\"widget\" data-widget_type=\"spacer.default\">\n\t\t\t\t<div class=\"elementor-widget-container\">\n\t\t\t\t\t\t\t<div class=\"elementor-spacer\">\n\t\t\t<div class=\"elementor-spacer-inner\"><\/div>\n\t\t<\/div>\n\t\t\t\t\t\t<\/div>\n\t\t\t\t<\/div>\n\t\t\t\t\t<\/div>\n\t\t<\/div>\n\t\t\t\t\t<\/div>\n\t\t<\/section>\n\t\t\t\t<section class=\"elementor-section elementor-top-section elementor-element elementor-element-368831d4 scheme_modern_dark elementor-section-stretched elementor-section-boxed elementor-section-height-default elementor-section-height-default\" data-id=\"368831d4\" data-element_type=\"section\" data-e-type=\"section\" data-settings=\"{&quot;background_background&quot;:&quot;classic&quot;,&quot;stretch_section&quot;:&quot;section-stretched&quot;}\">\n\t\t\t\t\t\t\t<div class=\"elementor-background-overlay\"><\/div>\n\t\t\t\t\t\t\t<div class=\"elementor-container elementor-column-gap-extended\">\n\t\t\t\t\t<div class=\"elementor-column elementor-col-100 elementor-top-column elementor-element elementor-element-2709f6e3 sc_layouts_column_icons_position_left\" data-id=\"2709f6e3\" data-element_type=\"column\" data-e-type=\"column\">\n\t\t\t<div class=\"elementor-widget-wrap elementor-element-populated\">\n\t\t\t\t\t\t<div class=\"elementor-element elementor-element-7f8a631f sc_fly_static elementor-widget elementor-widget-spacer\" data-id=\"7f8a631f\" data-element_type=\"widget\" data-e-type=\"widget\" data-widget_type=\"spacer.default\">\n\t\t\t\t<div class=\"elementor-widget-container\">\n\t\t\t\t\t\t\t<div class=\"elementor-spacer\">\n\t\t\t<div class=\"elementor-spacer-inner\"><\/div>\n\t\t<\/div>\n\t\t\t\t\t\t<\/div>\n\t\t\t\t<\/div>\n\t\t\t\t<div class=\"elementor-element elementor-element-229dbe5d sc_fly_static elementor-widget elementor-widget-heading\" data-id=\"229dbe5d\" data-element_type=\"widget\" data-e-type=\"widget\" data-widget_type=\"heading.default\">\n\t\t\t\t<div class=\"elementor-widget-container\">\n\t\t\t\t\t<h2 class=\"elementor-heading-title elementor-size-default\">Rezultate scontate:<\/h2>\t\t\t\t<\/div>\n\t\t\t\t<\/div>\n\t\t\t\t<div class=\"elementor-element elementor-element-485b6fc sc_fly_static elementor-widget elementor-widget-text-editor\" data-id=\"485b6fc\" data-element_type=\"widget\" data-e-type=\"widget\" data-widget_type=\"text-editor.default\">\n\t\t\t\t<div class=\"elementor-widget-container\">\n\t\t\t\t\t\t\t\t\t<ol><li class=\"font_8 wixui-rich-text__text\">\u00cen faza pilot, SECI va implementa diferite activit\u0103\u021bi pentru consolidarea capacit\u0103\u021bilor de formare a celor dou\u0103 institu\u021bii partenere: Centrul de Excelen\u021b\u0103 \u00een Construc\u021bii (CEC) \u0219i Centrul de Excelen\u021b\u0103 \u00een Energetic\u0103 \u0219i Electronic\u0103 (CEEE). Proiectul va elabora primul suport de curs pe sisteme solare termice \u0219i pompe de c\u0103ldur\u0103 (CEC), precum \u0219i pentru sisteme fotovoltaice (CEEE). Logica este de a \u00eencepe elaborarea con\u021binuturilor (sau elementelor de curs) pentru elevi, \u0219i, \u00een acela\u0219i timp, tatonarea terenului pentru elaborarea con\u021binuturilor pentru alte grupuri \u021bint\u0103. Astfel, profesorii \u00eencep s\u0103 lucreze cu elevii s\u0103i, \u00eenainte de a r\u0103spunde \u00a0provoc\u0103rilor \u00a0de a elabora noi con\u021binuturi pentru noi grupuri de beneficiari.<\/li><li class=\"font_8 wixui-rich-text__text\">Pentru a avea un feedback regulat cu privire la necesit\u0103\u021bile de formare (de formare ini\u021bial\u0103 \u0219i formare continu\u0103) \u0219i de a motiva companiile s\u0103 se implice \u00een formare (de exemplu, \u00een timpul examenului, dar, de asemenea, pentru realizarea practicii de producere), proiectul va angaja companii relevante din fiecare sector pentru un schimb informa\u021bii \u00een mod regulat.<\/li><li class=\"font_8 wixui-rich-text__text\">Proiectul va instala un sistem fotovoltaic PV foarte mic \u00een scopuri didactice la institu\u021bia partener\u0103 CEEE. Pe viitor, proiectul ar putea instala un \u00a0sistem fotovoltaic cu o capacitate mai mare (p\u00e2n\u0103 la 20 kWp). \u00cen plus, se vor face primii pa\u0219i \u00een dotarea unui atelier de instruire practic\u0103 pentru executarea lucr\u0103rilor de electricitate \u0219i tehnologiilor fotovoltaice.<\/li><li class=\"font_8 wixui-rich-text__text\">La CEC proiectul va instala o mica pomp\u0103 de c\u0103ldur\u0103 \u0219i un dispozitiv de transfer \u00a0\u00a0the project will install a small heat pump for air-water as well as a system for air-air energy transfer for demonstration purposes. Proiectul va instala o mic\u0103 pomp\u0103 de c\u0103ldur\u0103 pentru apa de aer, precum \u0219i un sistem de transfer de energie aerian\u0103 \u00een scopuri demonstrative.<\/li><li class=\"font_8 wixui-rich-text__text\">Pe l\u00e2ng\u0103 cursul pentru tehnologia solar\u0103 termic\u0103 vor fi dezvoltate \u0219i cursuri \u00een domeniul sistemelor pompelor de c\u0103ldur\u0103 (CEC) \u0219i pentru sistemele fotovoltaice (CEEE).\u00a0Proiectul va implica companii relevante din fiecare sector pentru a avea un schimb de experien\u021b\u0103 \u0219i feedback cu privire la nevoile de formare (at\u00e2t pentru formarea ini\u021bial\u0103, c\u00e2t \u0219i pentru formarea continu\u0103) \u0219i pentru a motiva companiile s\u0103 se implice \u00een procesul de formare (de exemplu examenul de calificare, dar \u0219i pentru stagiie de practic\u0103) in mod regulat.<\/li><\/ol>\t\t\t\t\t\t\t\t<\/div>\n\t\t\t\t<\/div>\n\t\t\t\t<div class=\"elementor-element elementor-element-409e4335 sc_fly_static elementor-widget elementor-widget-spacer\" data-id=\"409e4335\" data-element_type=\"widget\" data-e-type=\"widget\" data-widget_type=\"spacer.default\">\n\t\t\t\t<div class=\"elementor-widget-container\">\n\t\t\t\t\t\t\t<div class=\"elementor-spacer\">\n\t\t\t<div class=\"elementor-spacer-inner\"><\/div>\n\t\t<\/div>\n\t\t\t\t\t\t<\/div>\n\t\t\t\t<\/div>\n\t\t\t\t\t<\/div>\n\t\t<\/div>\n\t\t\t\t\t<\/div>\n\t\t<\/section>\n\t\t\t\t<\/div>","protected":false},"excerpt":{"rendered":"<p>Renewable energy SECI &#8211; Solar Energy Skills Development Initiatives Status Completed Duration 01.01.2019 &#8211; 31.12.2021 Implementers Education for Development Association Partners Ministry of Education, Culture and Research Beneficiaries Centre of Excellence in Construction&hellip;<\/p>","protected":false},"author":1,"featured_media":0,"parent":0,"menu_order":0,"comment_status":"closed","ping_status":"closed","template":"","meta":{"footnotes":""},"class_list":["post-7368","page","type-page","status-publish","hentry"],"_links":{"self":[{"href":"https:\/\/led.md\/ro\/wp-json\/wp\/v2\/pages\/7368","targetHints":{"allow":["GET"]}}],"collection":[{"href":"https:\/\/led.md\/ro\/wp-json\/wp\/v2\/pages"}],"about":[{"href":"https:\/\/led.md\/ro\/wp-json\/wp\/v2\/types\/page"}],"author":[{"embeddable":true,"href":"https:\/\/led.md\/ro\/wp-json\/wp\/v2\/users\/1"}],"replies":[{"embeddable":true,"href":"https:\/\/led.md\/ro\/wp-json\/wp\/v2\/comments?post=7368"}],"version-history":[{"count":0,"href":"https:\/\/led.md\/ro\/wp-json\/wp\/v2\/pages\/7368\/revisions"}],"wp:attachment":[{"href":"https:\/\/led.md\/ro\/wp-json\/wp\/v2\/media?parent=7368"}],"curies":[{"name":"wp","href":"https:\/\/api.w.org\/{rel}","templated":true}]}}